{"id":586,"date":"2020-12-30T18:04:10","date_gmt":"2020-12-30T18:04:10","guid":{"rendered":"https:\/\/lasorcas.com\/inicio\/"},"modified":"2023-03-01T10:41:42","modified_gmt":"2023-03-01T09:41:42","slug":"home","status":"publish","type":"page","link":"https:\/\/lasorcas.com\/en\/","title":{"rendered":"Home"},"content":{"rendered":"\n<img loading=\"lazy\" decoding=\"async\" src=\"https:\/\/lasorcas.com\/wp-content\/uploads\/2020\/12\/sliders-portada-principal_uvas_botella.bodegas_las_orcas.png\" alt=\"sliders-portada-principal_uvas_botella.bodegas_las_orcas\" itemprop=\"image\" height=\"492\" width=\"1100\" title=\"sliders-portada-principal_uvas_botella.bodegas_las_orcas\" onerror=\"this.style.display='none'\">\n\t\t\t\t<img loading=\"lazy\" decoding=\"async\" src=\"https:\/\/lasorcas.com\/wp-content\/uploads\/2020\/12\/logos-completo_white.bodegas_las_orcas.png\" alt=\"BODEGAS LAS ORCAS \u00b7 Desde 1994 \u00b7 FAMILY WINERY\" itemprop=\"image\" height=\"364\" width=\"718\" title=\"logos-completo_white.bodegas_las_orcas\" onerror=\"this.style.display='none'\">\n<p>Wines with unique personality which combine terroir, tradition and modernity.<\/p>\n<p>BODEGAS LAS ORCAS<\/p>\n<h2>\n\t\tDiscover the essence of Rioja Alavesa\n\t<\/h2>\n<p>FAMILY WINERY<\/p>\n\t<a href=\"https:\/\/lasorcas.com\/en\/wines\/solar-de-randez-rose\/\" rel=\"bookmark\" title=\"SOLAR DE RANDEZ Rose\">\n\t\t\t<img decoding=\"async\" width=\"294\" height=\"1000\" src=\"https:\/\/lasorcas.com\/wp-content\/uploads\/2021\/01\/vinos-SOLAR_DE_RANDEZ-rosado.bodegas_las_orcas-1.jpg\" alt=\"SOLAR DE RANDEZ Rose\" loading=\"lazy\" data-no-lazy=\"1\" srcset=\"https:\/\/lasorcas.com\/wp-content\/uploads\/2021\/01\/vinos-SOLAR_DE_RANDEZ-rosado.bodegas_las_orcas-1.jpg 294w, https:\/\/lasorcas.com\/wp-content\/uploads\/2021\/01\/vinos-SOLAR_DE_RANDEZ-rosado.bodegas_las_orcas-1-88x300.jpg 88w\" sizes=\"auto, (max-width: 294px) 100vw, 294px\">\n\t\t\t\t\t<\/a>\n<h2>\n\t<a href=\"https:\/\/lasorcas.com\/en\/wines\/solar-de-randez-rose\/\" rel=\"bookmark\" title=\"SOLAR DE RANDEZ Rose\">\n\t\tSOLAR DE RANDEZ Rose\t<\/a>\n<\/h2>\n\t\t\t\t\t<a href=\"https:\/\/lasorcas.com\/en\/wines\/solar-de-randez-rose\/\" rel=\"bookmark noopener\" target=\"_self\" title=\"SOLAR DE RANDEZ Rose\">View more<\/a>\n\t<a href=\"https:\/\/lasorcas.com\/en\/wines\/solar-de-randez-white\/\" rel=\"bookmark\" title=\"SOLAR DE RANDEZ White\">\n\t\t\t<img decoding=\"async\" width=\"294\" height=\"1000\" src=\"https:\/\/lasorcas.com\/wp-content\/uploads\/2021\/01\/vinos-SOLAR_DE_RANDEZ-blanco.bodegas_las_orcas-1.jpg\" alt=\"SOLAR DE RANDEZ White\" loading=\"lazy\" data-no-lazy=\"1\" srcset=\"https:\/\/lasorcas.com\/wp-content\/uploads\/2021\/01\/vinos-SOLAR_DE_RANDEZ-blanco.bodegas_las_orcas-1.jpg 294w, https:\/\/lasorcas.com\/wp-content\/uploads\/2021\/01\/vinos-SOLAR_DE_RANDEZ-blanco.bodegas_las_orcas-1-88x300.jpg 88w\" sizes=\"auto, (max-width: 294px) 100vw, 294px\">\n\t\t\t\t\t<\/a>\n<h2>\n\t<a href=\"https:\/\/lasorcas.com\/en\/wines\/solar-de-randez-white\/\" rel=\"bookmark\" title=\"SOLAR DE RANDEZ White\">\n\t\tSOLAR DE RANDEZ White\t<\/a>\n<\/h2>\n\t\t\t\t\t<a href=\"https:\/\/lasorcas.com\/en\/wines\/solar-de-randez-white\/\" rel=\"bookmark noopener\" target=\"_self\" title=\"SOLAR DE RANDEZ White\">View more<\/a>\n\t<a href=\"https:\/\/lasorcas.com\/en\/wines\/solar-de-randez-tempranillo\/\" rel=\"bookmark\" title=\"SOLAR DE RANDEZ Tempranillo\">\n\t\t\t<img decoding=\"async\" width=\"301\" height=\"1024\" src=\"https:\/\/lasorcas.com\/wp-content\/uploads\/2021\/01\/vinos-SOLAR_DE_RANDEZ-tempranillo.bodegas_las_orcas-1-301x1024.jpg\" alt=\"SOLAR DE RANDEZ Tempranillo\" loading=\"lazy\" data-no-lazy=\"1\" srcset=\"https:\/\/lasorcas.com\/wp-content\/uploads\/2021\/01\/vinos-SOLAR_DE_RANDEZ-tempranillo.bodegas_las_orcas-1-301x1024.jpg 301w, https:\/\/lasorcas.com\/wp-content\/uploads\/2021\/01\/vinos-SOLAR_DE_RANDEZ-tempranillo.bodegas_las_orcas-1-88x300.jpg 88w, https:\/\/lasorcas.com\/wp-content\/uploads\/2021\/01\/vinos-SOLAR_DE_RANDEZ-tempranillo.bodegas_las_orcas-1-768x2611.jpg 768w, https:\/\/lasorcas.com\/wp-content\/uploads\/2021\/01\/vinos-SOLAR_DE_RANDEZ-tempranillo.bodegas_las_orcas-1-452x1536.jpg 452w, https:\/\/lasorcas.com\/wp-content\/uploads\/2021\/01\/vinos-SOLAR_DE_RANDEZ-tempranillo.bodegas_las_orcas-1-602x2048.jpg 602w, https:\/\/lasorcas.com\/wp-content\/uploads\/2021\/01\/vinos-SOLAR_DE_RANDEZ-tempranillo.bodegas_las_orcas-1-600x2040.jpg 600w, https:\/\/lasorcas.com\/wp-content\/uploads\/2021\/01\/vinos-SOLAR_DE_RANDEZ-tempranillo.bodegas_las_orcas-1-scaled.jpg 753w\" sizes=\"auto, (max-width: 301px) 100vw, 301px\">\n\t\t\t\t\t<\/a>\n<h2>\n\t<a href=\"https:\/\/lasorcas.com\/en\/wines\/solar-de-randez-tempranillo\/\" rel=\"bookmark\" title=\"SOLAR DE RANDEZ Tempranillo\">\n\t\tSOLAR DE RANDEZ Tempranillo\t<\/a>\n<\/h2>\n\t\t\t\t\t<a href=\"https:\/\/lasorcas.com\/en\/wines\/solar-de-randez-tempranillo\/\" rel=\"bookmark noopener\" target=\"_self\" title=\"SOLAR DE RANDEZ Tempranillo\">View more<\/a>\n\t<a href=\"https:\/\/lasorcas.com\/en\/wines\/solar-de-randez-crianza\/\" rel=\"bookmark\" title=\"SOLAR DE RANDEZ Crianza\">\n\t\t\t<img decoding=\"async\" width=\"301\" height=\"1024\" src=\"https:\/\/lasorcas.com\/wp-content\/uploads\/2021\/01\/vinos-SOLAR_DE_RANDEZ-finca_san_angel.bodegas_las_orcas-1-301x1024.jpg\" alt=\"SOLAR DE RANDEZ Crianza\" loading=\"lazy\" data-no-lazy=\"1\" srcset=\"https:\/\/lasorcas.com\/wp-content\/uploads\/2021\/01\/vinos-SOLAR_DE_RANDEZ-finca_san_angel.bodegas_las_orcas-1-301x1024.jpg 301w, https:\/\/lasorcas.com\/wp-content\/uploads\/2021\/01\/vinos-SOLAR_DE_RANDEZ-finca_san_angel.bodegas_las_orcas-1-88x300.jpg 88w, https:\/\/lasorcas.com\/wp-content\/uploads\/2021\/01\/vinos-SOLAR_DE_RANDEZ-finca_san_angel.bodegas_las_orcas-1-768x2611.jpg 768w, https:\/\/lasorcas.com\/wp-content\/uploads\/2021\/01\/vinos-SOLAR_DE_RANDEZ-finca_san_angel.bodegas_las_orcas-1-452x1536.jpg 452w, https:\/\/lasorcas.com\/wp-content\/uploads\/2021\/01\/vinos-SOLAR_DE_RANDEZ-finca_san_angel.bodegas_las_orcas-1-602x2048.jpg 602w, https:\/\/lasorcas.com\/wp-content\/uploads\/2021\/01\/vinos-SOLAR_DE_RANDEZ-finca_san_angel.bodegas_las_orcas-1-600x2040.jpg 600w, https:\/\/lasorcas.com\/wp-content\/uploads\/2021\/01\/vinos-SOLAR_DE_RANDEZ-finca_san_angel.bodegas_las_orcas-1-scaled.jpg 753w\" sizes=\"auto, (max-width: 301px) 100vw, 301px\">\n\t\t\t\t\t<\/a>\n<h2>\n\t<a href=\"https:\/\/lasorcas.com\/en\/wines\/solar-de-randez-crianza\/\" rel=\"bookmark\" title=\"SOLAR DE RANDEZ Crianza\">\n\t\tSOLAR DE RANDEZ Crianza\t<\/a>\n<\/h2>\n\t\t\t\t\t<a href=\"https:\/\/lasorcas.com\/en\/wines\/solar-de-randez-crianza\/\" rel=\"bookmark noopener\" target=\"_self\" title=\"SOLAR DE RANDEZ Crianza\">View more<\/a>\n\t<a href=\"https:\/\/lasorcas.com\/en\/wines\/solar-de-randez-reserve\/\" rel=\"bookmark\" title=\"SOLAR DE RANDEZ Reserve\">\n\t\t\t<img decoding=\"async\" width=\"294\" height=\"1000\" src=\"https:\/\/lasorcas.com\/wp-content\/uploads\/2021\/01\/vinos-SOLAR_DE_RANDEZ-reserva.bodegas_las_orcas.jpg\" alt=\"SOLAR DE RANDEZ Reserve\" loading=\"lazy\" data-no-lazy=\"1\" srcset=\"https:\/\/lasorcas.com\/wp-content\/uploads\/2021\/01\/vinos-SOLAR_DE_RANDEZ-reserva.bodegas_las_orcas.jpg 294w, https:\/\/lasorcas.com\/wp-content\/uploads\/2021\/01\/vinos-SOLAR_DE_RANDEZ-reserva.bodegas_las_orcas-88x300.jpg 88w\" sizes=\"auto, (max-width: 294px) 100vw, 294px\">\n\t\t\t\t\t<\/a>\n<h2>\n\t<a href=\"https:\/\/lasorcas.com\/en\/wines\/solar-de-randez-reserve\/\" rel=\"bookmark\" title=\"SOLAR DE RANDEZ Reserve\">\n\t\tSOLAR DE RANDEZ Reserve\t<\/a>\n<\/h2>\n\t\t\t\t\t<a href=\"https:\/\/lasorcas.com\/en\/wines\/solar-de-randez-reserve\/\" rel=\"bookmark noopener\" target=\"_self\" title=\"SOLAR DE RANDEZ Reserve\">View more<\/a>\n\t<a href=\"https:\/\/lasorcas.com\/en\/wines\/pagos-de-valdeorca-graciano\/\" rel=\"bookmark\" title=\"PAGOS DE VALDEORCA Graciano\">\n\t\t\t<img decoding=\"async\" width=\"294\" height=\"1000\" src=\"https:\/\/lasorcas.com\/wp-content\/uploads\/2021\/01\/vinos-PAGOS_DE_VALDEORCA-graciano.bodegas_las_orcas.jpg\" alt=\"PAGOS DE VALDEORCA Graciano\" loading=\"lazy\" data-no-lazy=\"1\" srcset=\"https:\/\/lasorcas.com\/wp-content\/uploads\/2021\/01\/vinos-PAGOS_DE_VALDEORCA-graciano.bodegas_las_orcas.jpg 294w, https:\/\/lasorcas.com\/wp-content\/uploads\/2021\/01\/vinos-PAGOS_DE_VALDEORCA-graciano.bodegas_las_orcas-88x300.jpg 88w\" sizes=\"auto, (max-width: 294px) 100vw, 294px\">\n\t\t\t\t\t<\/a>\n<h2>\n\t<a href=\"https:\/\/lasorcas.com\/en\/wines\/pagos-de-valdeorca-graciano\/\" rel=\"bookmark\" title=\"PAGOS DE VALDEORCA Graciano\">\n\t\tPAGOS DE VALDEORCA Graciano\t<\/a>\n<\/h2>\n\t\t\t\t\t<a href=\"https:\/\/lasorcas.com\/en\/wines\/pagos-de-valdeorca-graciano\/\" rel=\"bookmark noopener\" target=\"_self\" title=\"PAGOS DE VALDEORCA Graciano\">View more<\/a>\n\t<a href=\"https:\/\/lasorcas.com\/en\/wines\/decenio-rose\/\" rel=\"bookmark\" title=\"DECENIO Rose\">\n\t\t\t<img decoding=\"async\" width=\"294\" height=\"1000\" src=\"https:\/\/lasorcas.com\/wp-content\/uploads\/2021\/01\/vinos-DECENIO-rosado.bodegas_las_orcas-1.jpg\" alt=\"BODEGAS LAS ORCAS  Decenio Rose\" loading=\"lazy\" data-no-lazy=\"1\" srcset=\"https:\/\/lasorcas.com\/wp-content\/uploads\/2021\/01\/vinos-DECENIO-rosado.bodegas_las_orcas-1.jpg 294w, https:\/\/lasorcas.com\/wp-content\/uploads\/2021\/01\/vinos-DECENIO-rosado.bodegas_las_orcas-1-88x300.jpg 88w\" sizes=\"auto, (max-width: 294px) 100vw, 294px\">\n\t\t\t\t\t<\/a>\n<h2>\n\t<a href=\"https:\/\/lasorcas.com\/en\/wines\/decenio-rose\/\" rel=\"bookmark\" title=\"DECENIO Rose\">\n\t\tDECENIO Rose\t<\/a>\n<\/h2>\n\t\t\t\t\t<a href=\"https:\/\/lasorcas.com\/en\/wines\/decenio-rose\/\" rel=\"bookmark noopener\" target=\"_self\" title=\"DECENIO Rose\">View more<\/a>\n\t<a href=\"https:\/\/lasorcas.com\/en\/wines\/decenio-white\/\" rel=\"bookmark\" title=\"DECENIO White\">\n\t\t\t<img decoding=\"async\" width=\"294\" height=\"1000\" src=\"https:\/\/lasorcas.com\/wp-content\/uploads\/2021\/01\/vinos-DECENIO-blanco.bodegas_las_orcas_rosc.jpg\" alt=\"Decenio white\" loading=\"lazy\" data-no-lazy=\"1\" srcset=\"https:\/\/lasorcas.com\/wp-content\/uploads\/2021\/01\/vinos-DECENIO-blanco.bodegas_las_orcas_rosc.jpg 294w, https:\/\/lasorcas.com\/wp-content\/uploads\/2021\/01\/vinos-DECENIO-blanco.bodegas_las_orcas_rosc-88x300.jpg 88w\" sizes=\"auto, (max-width: 294px) 100vw, 294px\">\n\t\t\t\t\t<\/a>\n<h2>\n\t<a href=\"https:\/\/lasorcas.com\/en\/wines\/decenio-white\/\" rel=\"bookmark\" title=\"DECENIO White\">\n\t\tDECENIO White\t<\/a>\n<\/h2>\n\t\t\t\t\t<a href=\"https:\/\/lasorcas.com\/en\/wines\/decenio-white\/\" rel=\"bookmark noopener\" target=\"_self\" title=\"DECENIO White\">View more<\/a>\n\t<a href=\"https:\/\/lasorcas.com\/en\/wines\/decenio-tempranillo\/\" rel=\"bookmark\" title=\"DECENIO Tempranillo\">\n\t\t\t<img decoding=\"async\" width=\"294\" height=\"1000\" src=\"https:\/\/lasorcas.com\/wp-content\/uploads\/2021\/01\/vinos-DECENIO-tempranillo.bodegas_las_orcas-1.jpg\" alt=\"Decenio Tempranillo\" loading=\"lazy\" data-no-lazy=\"1\" srcset=\"https:\/\/lasorcas.com\/wp-content\/uploads\/2021\/01\/vinos-DECENIO-tempranillo.bodegas_las_orcas-1.jpg 294w, https:\/\/lasorcas.com\/wp-content\/uploads\/2021\/01\/vinos-DECENIO-tempranillo.bodegas_las_orcas-1-88x300.jpg 88w\" sizes=\"auto, (max-width: 294px) 100vw, 294px\">\n\t\t\t\t\t<\/a>\n<h2>\n\t<a href=\"https:\/\/lasorcas.com\/en\/wines\/decenio-tempranillo\/\" rel=\"bookmark\" title=\"DECENIO Tempranillo\">\n\t\tDECENIO Tempranillo\t<\/a>\n<\/h2>\n\t\t\t\t\t<a href=\"https:\/\/lasorcas.com\/en\/wines\/decenio-tempranillo\/\" rel=\"bookmark noopener\" target=\"_self\" title=\"DECENIO Tempranillo\">View more<\/a>\n\t<a href=\"https:\/\/lasorcas.com\/en\/wines\/decenio-crianza\/\" rel=\"bookmark\" title=\"DECENIO Crianza\">\n\t\t\t<img decoding=\"async\" width=\"294\" height=\"1000\" src=\"https:\/\/lasorcas.com\/wp-content\/uploads\/2021\/01\/vinos-DECENIO-crianza.bodegas_las_orcas.jpg\" alt=\"Decenio Crianza\" loading=\"lazy\" data-no-lazy=\"1\" srcset=\"https:\/\/lasorcas.com\/wp-content\/uploads\/2021\/01\/vinos-DECENIO-crianza.bodegas_las_orcas.jpg 294w, https:\/\/lasorcas.com\/wp-content\/uploads\/2021\/01\/vinos-DECENIO-crianza.bodegas_las_orcas-88x300.jpg 88w\" sizes=\"auto, (max-width: 294px) 100vw, 294px\">\n\t\t\t\t\t<\/a>\n<h2>\n\t<a href=\"https:\/\/lasorcas.com\/en\/wines\/decenio-crianza\/\" rel=\"bookmark\" title=\"DECENIO Crianza\">\n\t\tDECENIO Crianza\t<\/a>\n<\/h2>\n\t\t\t\t\t<a href=\"https:\/\/lasorcas.com\/en\/wines\/decenio-crianza\/\" rel=\"bookmark noopener\" target=\"_self\" title=\"DECENIO Crianza\">View more<\/a>\n\t\t\t\t<img loading=\"lazy\" decoding=\"async\" src=\"https:\/\/lasorcas.com\/wp-content\/uploads\/2021\/01\/portada_galeria-scaled.jpg\" alt=\"EL Musco\" itemprop=\"image\" height=\"1707\" width=\"2560\" title=\"portada_galeria\" onerror=\"this.style.display='none'\">\n\t\t\t<a href=\"https:\/\/lasorcas.com\/familia\/#vinedos\" target=\"_self\" role=\"button\" rel=\"noopener\">\n\t\t\t\t\t\t\tVineyards\n\t\t\t\t\t<\/a>\n\t\t\t\t<img loading=\"lazy\" decoding=\"async\" src=\"https:\/\/lasorcas.com\/wp-content\/uploads\/2021\/01\/fotografias-familia_galeria-grupo_01.bodegas_las_orcas.jpg\" alt=\"Familia San Pedro \" itemprop=\"image\" height=\"591\" width=\"886\" title=\"fotografias-familia_galeria-grupo_01.bodegas_las_orcas\" onerror=\"this.style.display='none'\">\n\t\t\t<a href=\"https:\/\/lasorcas.com\/galeria\/\" target=\"_self\" role=\"button\" rel=\"noopener\">\n\t\t\t\t\t\t\tGallery\n\t\t\t\t\t<\/a>\n\t\t\t\t<img loading=\"lazy\" decoding=\"async\" src=\"https:\/\/lasorcas.com\/wp-content\/uploads\/2021\/01\/destacados-inicio-videos.bodegas_las_orcas.jpg\" alt=\"destacados-inicio-videos.bodegas_las_orcas\" itemprop=\"image\" height=\"590\" width=\"886\" title=\"destacados-inicio-videos.bodegas_las_orcas\" onerror=\"this.style.display='none'\">\n\t\t\t<a href=\"https:\/\/lasorcas.com\/galeria\/#videos\" target=\"_self\" role=\"button\" rel=\"noopener\">\n\t\t\t\t\t\t\tVideos\n\t\t\t\t\t<\/a>\n<h2>\n\t\t&#8220;Nestled in the foothills of the Sierra Cantabrian Mountains and bathed by the waters of the Ebro River&#8221; \n\t<\/h2>\n","protected":false},"excerpt":{"rendered":"<p>Wines with unique personality which combine terroir, tradition and modernity. BODEGAS LAS ORCAS Discover the essence of Rioja Alavesa FAMILY WINERY SOLAR DE RANDEZ Rose View more SOLAR DE RANDEZ White View more SOLAR DE RANDEZ Tempranillo View more SOLAR DE RANDEZ Crianza View more SOLAR DE RANDEZ Reserve View more PAGOS DE VALDEORCA Graciano&hellip;<\/p>\n","protected":false},"author":1,"featured_media":0,"parent":0,"menu_order":0,"comment_status":"closed","ping_status":"open","template":"","meta":{"footnotes":""},"class_list":["post-586","page","type-page","status-publish","hentry"],"yoast_head":"<!-- This site is optimized with the Yoast SEO plugin v27.4 - https:\/\/yoast.com\/product\/yoast-seo-wordpress\/ -->\n<title>Home - Bodegas Las Orcas<\/title>\n<meta name=\"robots\" content=\"index, follow, max-snippet:-1, max-image-preview:large, max-video-preview:-1\" \/>\n<link rel=\"canonical\" href=\"https:\/\/lasorcas.com\/en\/\" \/>\n<meta property=\"og:locale\" content=\"en_US\" \/>\n<meta property=\"og:type\" content=\"article\" \/>\n<meta property=\"og:title\" content=\"Home - Bodegas Las Orcas\" \/>\n<meta property=\"og:description\" content=\"Wines with unique personality which combine terroir, tradition and modernity. BODEGAS LAS ORCAS Discover the essence of Rioja Alavesa FAMILY WINERY SOLAR DE RANDEZ Rose View more SOLAR DE RANDEZ White View more SOLAR DE RANDEZ Tempranillo View more SOLAR DE RANDEZ Crianza View more SOLAR DE RANDEZ Reserve View more PAGOS DE VALDEORCA Graciano&hellip;\" \/>\n<meta property=\"og:url\" content=\"https:\/\/lasorcas.com\/en\/\" \/>\n<meta property=\"og:site_name\" content=\"Bodegas Las Orcas\" \/>\n<meta property=\"article:publisher\" content=\"https:\/\/www.facebook.com\/bodegaslasorcas\/\" \/>\n<meta property=\"article:modified_time\" content=\"2023-03-01T09:41:42+00:00\" \/>\n<meta property=\"og:image\" content=\"https:\/\/lasorcas.com\/wp-content\/uploads\/2020\/12\/sliders-portada-principal_uvas_botella.bodegas_las_orcas.png\" \/>\n<meta name=\"twitter:card\" content=\"summary_large_image\" \/>\n<script type=\"application\/ld+json\" class=\"yoast-schema-graph\">{\"@context\":\"https:\\\/\\\/schema.org\",\"@graph\":[{\"@type\":\"WebPage\",\"@id\":\"https:\\\/\\\/lasorcas.com\\\/en\\\/\",\"url\":\"https:\\\/\\\/lasorcas.com\\\/en\\\/\",\"name\":\"Home - Bodegas Las Orcas\",\"isPartOf\":{\"@id\":\"https:\\\/\\\/lasorcas.com\\\/en\\\/#website\"},\"primaryImageOfPage\":{\"@id\":\"https:\\\/\\\/lasorcas.com\\\/en\\\/#primaryimage\"},\"image\":{\"@id\":\"https:\\\/\\\/lasorcas.com\\\/en\\\/#primaryimage\"},\"thumbnailUrl\":\"https:\\\/\\\/lasorcas.com\\\/wp-content\\\/uploads\\\/2020\\\/12\\\/sliders-portada-principal_uvas_botella.bodegas_las_orcas.png\",\"datePublished\":\"2020-12-30T18:04:10+00:00\",\"dateModified\":\"2023-03-01T09:41:42+00:00\",\"breadcrumb\":{\"@id\":\"https:\\\/\\\/lasorcas.com\\\/en\\\/#breadcrumb\"},\"inLanguage\":\"en-US\",\"potentialAction\":[{\"@type\":\"ReadAction\",\"target\":[\"https:\\\/\\\/lasorcas.com\\\/en\\\/\"]}]},{\"@type\":\"ImageObject\",\"inLanguage\":\"en-US\",\"@id\":\"https:\\\/\\\/lasorcas.com\\\/en\\\/#primaryimage\",\"url\":\"https:\\\/\\\/lasorcas.com\\\/wp-content\\\/uploads\\\/2020\\\/12\\\/sliders-portada-principal_uvas_botella.bodegas_las_orcas.png\",\"contentUrl\":\"https:\\\/\\\/lasorcas.com\\\/wp-content\\\/uploads\\\/2020\\\/12\\\/sliders-portada-principal_uvas_botella.bodegas_las_orcas.png\"},{\"@type\":\"BreadcrumbList\",\"@id\":\"https:\\\/\\\/lasorcas.com\\\/en\\\/#breadcrumb\",\"itemListElement\":[{\"@type\":\"ListItem\",\"position\":1,\"name\":\"Portada\",\"item\":\"https:\\\/\\\/lasorcas.com\\\/en\\\/home\\\/\"},{\"@type\":\"ListItem\",\"position\":2,\"name\":\"Home\"}]},{\"@type\":\"WebSite\",\"@id\":\"https:\\\/\\\/lasorcas.com\\\/en\\\/#website\",\"url\":\"https:\\\/\\\/lasorcas.com\\\/en\\\/\",\"name\":\"Bodegas Las Orcas\",\"description\":\"Vinos con personalidad \u00fanica que combinan terru\u00f1o, tradici\u00f3n y modernidad. DESCUBRE LA ESENCIA DE RIOJA ALAVESA  \u00b7 FAMILY WINERY\",\"publisher\":{\"@id\":\"https:\\\/\\\/lasorcas.com\\\/en\\\/#organization\"},\"potentialAction\":[{\"@type\":\"SearchAction\",\"target\":{\"@type\":\"EntryPoint\",\"urlTemplate\":\"https:\\\/\\\/lasorcas.com\\\/en\\\/?s={search_term_string}\"},\"query-input\":{\"@type\":\"PropertyValueSpecification\",\"valueRequired\":true,\"valueName\":\"search_term_string\"}}],\"inLanguage\":\"en-US\"},{\"@type\":\"Organization\",\"@id\":\"https:\\\/\\\/lasorcas.com\\\/en\\\/#organization\",\"name\":\"Bodegas Las Orcas\",\"url\":\"https:\\\/\\\/lasorcas.com\\\/en\\\/\",\"logo\":{\"@type\":\"ImageObject\",\"inLanguage\":\"en-US\",\"@id\":\"https:\\\/\\\/lasorcas.com\\\/en\\\/#\\\/schema\\\/logo\\\/image\\\/\",\"url\":\"https:\\\/\\\/lasorcas.com\\\/wp-content\\\/uploads\\\/2020\\\/12\\\/logos-completo_black.bodegas_las_orcas-1.png\",\"contentUrl\":\"https:\\\/\\\/lasorcas.com\\\/wp-content\\\/uploads\\\/2020\\\/12\\\/logos-completo_black.bodegas_las_orcas-1.png\",\"width\":718,\"height\":364,\"caption\":\"Bodegas Las Orcas\"},\"image\":{\"@id\":\"https:\\\/\\\/lasorcas.com\\\/en\\\/#\\\/schema\\\/logo\\\/image\\\/\"},\"sameAs\":[\"https:\\\/\\\/www.facebook.com\\\/bodegaslasorcas\\\/\",\"https:\\\/\\\/www.instagram.com\\\/bodegaslasorcas\\\/\"]}]}<\/script>\n<!-- \/ Yoast SEO plugin. -->","yoast_head_json":{"title":"Home - Bodegas Las Orcas","robots":{"index":"index","follow":"follow","max-snippet":"max-snippet:-1","max-image-preview":"max-image-preview:large","max-video-preview":"max-video-preview:-1"},"canonical":"https:\/\/lasorcas.com\/en\/","og_locale":"en_US","og_type":"article","og_title":"Home - Bodegas Las Orcas","og_description":"Wines with unique personality which combine terroir, tradition and modernity. BODEGAS LAS ORCAS Discover the essence of Rioja Alavesa FAMILY WINERY SOLAR DE RANDEZ Rose View more SOLAR DE RANDEZ White View more SOLAR DE RANDEZ Tempranillo View more SOLAR DE RANDEZ Crianza View more SOLAR DE RANDEZ Reserve View more PAGOS DE VALDEORCA Graciano&hellip;","og_url":"https:\/\/lasorcas.com\/en\/","og_site_name":"Bodegas Las Orcas","article_publisher":"https:\/\/www.facebook.com\/bodegaslasorcas\/","article_modified_time":"2023-03-01T09:41:42+00:00","og_image":[{"url":"https:\/\/lasorcas.com\/wp-content\/uploads\/2020\/12\/sliders-portada-principal_uvas_botella.bodegas_las_orcas.png","type":"","width":"","height":""}],"twitter_card":"summary_large_image","schema":{"@context":"https:\/\/schema.org","@graph":[{"@type":"WebPage","@id":"https:\/\/lasorcas.com\/en\/","url":"https:\/\/lasorcas.com\/en\/","name":"Home - Bodegas Las Orcas","isPartOf":{"@id":"https:\/\/lasorcas.com\/en\/#website"},"primaryImageOfPage":{"@id":"https:\/\/lasorcas.com\/en\/#primaryimage"},"image":{"@id":"https:\/\/lasorcas.com\/en\/#primaryimage"},"thumbnailUrl":"https:\/\/lasorcas.com\/wp-content\/uploads\/2020\/12\/sliders-portada-principal_uvas_botella.bodegas_las_orcas.png","datePublished":"2020-12-30T18:04:10+00:00","dateModified":"2023-03-01T09:41:42+00:00","breadcrumb":{"@id":"https:\/\/lasorcas.com\/en\/#breadcrumb"},"inLanguage":"en-US","potentialAction":[{"@type":"ReadAction","target":["https:\/\/lasorcas.com\/en\/"]}]},{"@type":"ImageObject","inLanguage":"en-US","@id":"https:\/\/lasorcas.com\/en\/#primaryimage","url":"https:\/\/lasorcas.com\/wp-content\/uploads\/2020\/12\/sliders-portada-principal_uvas_botella.bodegas_las_orcas.png","contentUrl":"https:\/\/lasorcas.com\/wp-content\/uploads\/2020\/12\/sliders-portada-principal_uvas_botella.bodegas_las_orcas.png"},{"@type":"BreadcrumbList","@id":"https:\/\/lasorcas.com\/en\/#breadcrumb","itemListElement":[{"@type":"ListItem","position":1,"name":"Portada","item":"https:\/\/lasorcas.com\/en\/home\/"},{"@type":"ListItem","position":2,"name":"Home"}]},{"@type":"WebSite","@id":"https:\/\/lasorcas.com\/en\/#website","url":"https:\/\/lasorcas.com\/en\/","name":"Bodegas Las Orcas","description":"Vinos con personalidad \u00fanica que combinan terru\u00f1o, tradici\u00f3n y modernidad. DESCUBRE LA ESENCIA DE RIOJA ALAVESA  \u00b7 FAMILY WINERY","publisher":{"@id":"https:\/\/lasorcas.com\/en\/#organization"},"potentialAction":[{"@type":"SearchAction","target":{"@type":"EntryPoint","urlTemplate":"https:\/\/lasorcas.com\/en\/?s={search_term_string}"},"query-input":{"@type":"PropertyValueSpecification","valueRequired":true,"valueName":"search_term_string"}}],"inLanguage":"en-US"},{"@type":"Organization","@id":"https:\/\/lasorcas.com\/en\/#organization","name":"Bodegas Las Orcas","url":"https:\/\/lasorcas.com\/en\/","logo":{"@type":"ImageObject","inLanguage":"en-US","@id":"https:\/\/lasorcas.com\/en\/#\/schema\/logo\/image\/","url":"https:\/\/lasorcas.com\/wp-content\/uploads\/2020\/12\/logos-completo_black.bodegas_las_orcas-1.png","contentUrl":"https:\/\/lasorcas.com\/wp-content\/uploads\/2020\/12\/logos-completo_black.bodegas_las_orcas-1.png","width":718,"height":364,"caption":"Bodegas Las Orcas"},"image":{"@id":"https:\/\/lasorcas.com\/en\/#\/schema\/logo\/image\/"},"sameAs":["https:\/\/www.facebook.com\/bodegaslasorcas\/","https:\/\/www.instagram.com\/bodegaslasorcas\/"]}]}},"_links":{"self":[{"href":"https:\/\/lasorcas.com\/en\/wp-json\/wp\/v2\/pages\/586","targetHints":{"allow":["GET"]}}],"collection":[{"href":"https:\/\/lasorcas.com\/en\/wp-json\/wp\/v2\/pages"}],"about":[{"href":"https:\/\/lasorcas.com\/en\/wp-json\/wp\/v2\/types\/page"}],"author":[{"embeddable":true,"href":"https:\/\/lasorcas.com\/en\/wp-json\/wp\/v2\/users\/1"}],"replies":[{"embeddable":true,"href":"https:\/\/lasorcas.com\/en\/wp-json\/wp\/v2\/comments?post=586"}],"version-history":[{"count":6,"href":"https:\/\/lasorcas.com\/en\/wp-json\/wp\/v2\/pages\/586\/revisions"}],"predecessor-version":[{"id":1113,"href":"https:\/\/lasorcas.com\/en\/wp-json\/wp\/v2\/pages\/586\/revisions\/1113"}],"wp:attachment":[{"href":"https:\/\/lasorcas.com\/en\/wp-json\/wp\/v2\/media?parent=586"}],"curies":[{"name":"wp","href":"https:\/\/api.w.org\/{rel}","templated":true}]}}