{"id":600,"date":"2020-12-31T17:03:55","date_gmt":"2020-12-31T16:03:55","guid":{"rendered":"https:\/\/lasorcas.com\/enoturismo\/"},"modified":"2026-02-13T12:26:28","modified_gmt":"2026-02-13T11:26:28","slug":"winebar-rioja-alavesa-laguardia","status":"publish","type":"page","link":"https:\/\/lasorcas.com\/en\/winebar-rioja-alavesa-laguardia\/","title":{"rendered":"Enoturism"},"content":{"rendered":"\n<h2  data-animation-delay=\"0\" data-animation-duration=\"1\">\n\t\t\t\t<\/h2>\n<h2  data-animation-delay=\"0\" data-animation-duration=\"1\">\n\t\t\tCome and discover the new WINE BAR in Rioja Alavesa&#8230;\t<\/h2>\n<h2  data-animation-delay=\"0\" data-animation-duration=\"1\">\n\t\t\t&#8230;located in the surroundings of our vineyards and with unbeatable views of the town of Laguardia and the Sierra de Cantabria&#8230;\t<\/h2>\n<h2  data-animation-delay=\"0\" data-animation-duration=\"1\">\n\t\t\t    \t<\/h2>\n<h2  data-animation-delay=\"0\" data-animation-duration=\"1\">\n\t\t\tWe will be waiting for you with open arms  to taste the wines we make with all our passion and dedication to this world.\t<\/h2>\n<h2  data-animation-delay=\"0\" data-animation-duration=\"1\">\n\t\t\tWINE BAR open on weekends and holidays from 11.30 am to 3.00 pm.\t<\/h2>\n<h2  data-animation-delay=\"0\" data-animation-duration=\"1\">\n\t\t\tWhat&#8217;s more&#8230; We have the store open during the week from 9.00 am to 14.00 pm! Come and take those wines that make you have such a good time!\t<\/h2>\n<h2  data-animation-delay=\"0\" data-animation-duration=\"1\">\n\t\t\t  \t<\/h2>\n<h2  data-animation-delay=\"0\" data-animation-duration=\"1\">\n\t\t\tWe also do guided tours of the winery and vineyard!\t<\/h2>\n<h2  data-animation-delay=\"0\" data-animation-duration=\"1\">\n\t\t\tWrite us for more information (lasorcas@lasorcas.com)\t<\/h2>\n\n","protected":false},"excerpt":{"rendered":"<p>Come and discover the new WINE BAR in Rioja Alavesa&#8230; &#8230;located in the surroundings of our vineyards and with unbeatable views of the town of Laguardia and the Sierra de Cantabria&#8230; We will be waiting for you with open arms to taste the wines we make with all our passion and dedication to this world.&hellip;<\/p>\n","protected":false},"author":1,"featured_media":0,"parent":0,"menu_order":0,"comment_status":"closed","ping_status":"closed","template":"","meta":{"footnotes":""},"class_list":["post-600","page","type-page","status-publish","hentry"],"yoast_head":"<!-- This site is optimized with the Yoast SEO plugin v27.4 - https:\/\/yoast.com\/product\/yoast-seo-wordpress\/ -->\n<title>Wine bar Rioja Alavesa Laguardia - Bodegas Las Orcas<\/title>\n<meta name=\"description\" content=\"Wine bar in Laguardia, Rioja Alavesa. Come and taste our wines in an unbeatable setting overlooking Laguardia and the Sierra de Cantabria.\" \/>\n<meta name=\"robots\" content=\"index, follow, max-snippet:-1, max-image-preview:large, max-video-preview:-1\" \/>\n<link rel=\"canonical\" href=\"https:\/\/lasorcas.com\/en\/winebar-rioja-alavesa-laguardia\/\" \/>\n<meta property=\"og:locale\" content=\"en_US\" \/>\n<meta property=\"og:type\" content=\"article\" \/>\n<meta property=\"og:title\" content=\"Wine bar Rioja Alavesa Laguardia - Bodegas Las Orcas\" \/>\n<meta property=\"og:description\" content=\"Wine bar in Laguardia, Rioja Alavesa. Come and taste our wines in an unbeatable setting overlooking Laguardia and the Sierra de Cantabria.\" \/>\n<meta property=\"og:url\" content=\"https:\/\/lasorcas.com\/en\/winebar-rioja-alavesa-laguardia\/\" \/>\n<meta property=\"og:site_name\" content=\"Bodegas Las Orcas\" \/>\n<meta property=\"article:publisher\" content=\"https:\/\/www.facebook.com\/bodegaslasorcas\/\" \/>\n<meta property=\"article:modified_time\" content=\"2026-02-13T11:26:28+00:00\" \/>\n<meta name=\"twitter:card\" content=\"summary_large_image\" \/>\n<meta name=\"twitter:label1\" content=\"Est. reading time\" \/>\n\t<meta name=\"twitter:data1\" content=\"1 minute\" \/>\n<script type=\"application\/ld+json\" class=\"yoast-schema-graph\">{\"@context\":\"https:\\\/\\\/schema.org\",\"@graph\":[{\"@type\":\"WebPage\",\"@id\":\"https:\\\/\\\/lasorcas.com\\\/en\\\/winebar-rioja-alavesa-laguardia\\\/\",\"url\":\"https:\\\/\\\/lasorcas.com\\\/en\\\/winebar-rioja-alavesa-laguardia\\\/\",\"name\":\"Wine bar Rioja Alavesa Laguardia - Bodegas Las Orcas\",\"isPartOf\":{\"@id\":\"https:\\\/\\\/lasorcas.com\\\/en\\\/#website\"},\"datePublished\":\"2020-12-31T16:03:55+00:00\",\"dateModified\":\"2026-02-13T11:26:28+00:00\",\"description\":\"Wine bar in Laguardia, Rioja Alavesa. Come and taste our wines in an unbeatable setting overlooking Laguardia and the Sierra de Cantabria.\",\"breadcrumb\":{\"@id\":\"https:\\\/\\\/lasorcas.com\\\/en\\\/winebar-rioja-alavesa-laguardia\\\/#breadcrumb\"},\"inLanguage\":\"en-US\",\"potentialAction\":[{\"@type\":\"ReadAction\",\"target\":[\"https:\\\/\\\/lasorcas.com\\\/en\\\/winebar-rioja-alavesa-laguardia\\\/\"]}]},{\"@type\":\"BreadcrumbList\",\"@id\":\"https:\\\/\\\/lasorcas.com\\\/en\\\/winebar-rioja-alavesa-laguardia\\\/#breadcrumb\",\"itemListElement\":[{\"@type\":\"ListItem\",\"position\":1,\"name\":\"Portada\",\"item\":\"https:\\\/\\\/lasorcas.com\\\/en\\\/home\\\/\"},{\"@type\":\"ListItem\",\"position\":2,\"name\":\"Enoturism\"}]},{\"@type\":\"WebSite\",\"@id\":\"https:\\\/\\\/lasorcas.com\\\/en\\\/#website\",\"url\":\"https:\\\/\\\/lasorcas.com\\\/en\\\/\",\"name\":\"Bodegas Las Orcas\",\"description\":\"Vinos con personalidad \u00fanica que combinan terru\u00f1o, tradici\u00f3n y modernidad. DESCUBRE LA ESENCIA DE RIOJA ALAVESA  \u00b7 FAMILY WINERY\",\"publisher\":{\"@id\":\"https:\\\/\\\/lasorcas.com\\\/en\\\/#organization\"},\"potentialAction\":[{\"@type\":\"SearchAction\",\"target\":{\"@type\":\"EntryPoint\",\"urlTemplate\":\"https:\\\/\\\/lasorcas.com\\\/en\\\/?s={search_term_string}\"},\"query-input\":{\"@type\":\"PropertyValueSpecification\",\"valueRequired\":true,\"valueName\":\"search_term_string\"}}],\"inLanguage\":\"en-US\"},{\"@type\":\"Organization\",\"@id\":\"https:\\\/\\\/lasorcas.com\\\/en\\\/#organization\",\"name\":\"Bodegas Las Orcas\",\"url\":\"https:\\\/\\\/lasorcas.com\\\/en\\\/\",\"logo\":{\"@type\":\"ImageObject\",\"inLanguage\":\"en-US\",\"@id\":\"https:\\\/\\\/lasorcas.com\\\/en\\\/#\\\/schema\\\/logo\\\/image\\\/\",\"url\":\"https:\\\/\\\/lasorcas.com\\\/wp-content\\\/uploads\\\/2020\\\/12\\\/logos-completo_black.bodegas_las_orcas-1.png\",\"contentUrl\":\"https:\\\/\\\/lasorcas.com\\\/wp-content\\\/uploads\\\/2020\\\/12\\\/logos-completo_black.bodegas_las_orcas-1.png\",\"width\":718,\"height\":364,\"caption\":\"Bodegas Las Orcas\"},\"image\":{\"@id\":\"https:\\\/\\\/lasorcas.com\\\/en\\\/#\\\/schema\\\/logo\\\/image\\\/\"},\"sameAs\":[\"https:\\\/\\\/www.facebook.com\\\/bodegaslasorcas\\\/\",\"https:\\\/\\\/www.instagram.com\\\/bodegaslasorcas\\\/\"]}]}<\/script>\n<!-- \/ Yoast SEO plugin. -->","yoast_head_json":{"title":"Wine bar Rioja Alavesa Laguardia - Bodegas Las Orcas","description":"Wine bar in Laguardia, Rioja Alavesa. Come and taste our wines in an unbeatable setting overlooking Laguardia and the Sierra de Cantabria.","robots":{"index":"index","follow":"follow","max-snippet":"max-snippet:-1","max-image-preview":"max-image-preview:large","max-video-preview":"max-video-preview:-1"},"canonical":"https:\/\/lasorcas.com\/en\/winebar-rioja-alavesa-laguardia\/","og_locale":"en_US","og_type":"article","og_title":"Wine bar Rioja Alavesa Laguardia - Bodegas Las Orcas","og_description":"Wine bar in Laguardia, Rioja Alavesa. Come and taste our wines in an unbeatable setting overlooking Laguardia and the Sierra de Cantabria.","og_url":"https:\/\/lasorcas.com\/en\/winebar-rioja-alavesa-laguardia\/","og_site_name":"Bodegas Las Orcas","article_publisher":"https:\/\/www.facebook.com\/bodegaslasorcas\/","article_modified_time":"2026-02-13T11:26:28+00:00","twitter_card":"summary_large_image","twitter_misc":{"Est. reading time":"1 minute"},"schema":{"@context":"https:\/\/schema.org","@graph":[{"@type":"WebPage","@id":"https:\/\/lasorcas.com\/en\/winebar-rioja-alavesa-laguardia\/","url":"https:\/\/lasorcas.com\/en\/winebar-rioja-alavesa-laguardia\/","name":"Wine bar Rioja Alavesa Laguardia - Bodegas Las Orcas","isPartOf":{"@id":"https:\/\/lasorcas.com\/en\/#website"},"datePublished":"2020-12-31T16:03:55+00:00","dateModified":"2026-02-13T11:26:28+00:00","description":"Wine bar in Laguardia, Rioja Alavesa. Come and taste our wines in an unbeatable setting overlooking Laguardia and the Sierra de Cantabria.","breadcrumb":{"@id":"https:\/\/lasorcas.com\/en\/winebar-rioja-alavesa-laguardia\/#breadcrumb"},"inLanguage":"en-US","potentialAction":[{"@type":"ReadAction","target":["https:\/\/lasorcas.com\/en\/winebar-rioja-alavesa-laguardia\/"]}]},{"@type":"BreadcrumbList","@id":"https:\/\/lasorcas.com\/en\/winebar-rioja-alavesa-laguardia\/#breadcrumb","itemListElement":[{"@type":"ListItem","position":1,"name":"Portada","item":"https:\/\/lasorcas.com\/en\/home\/"},{"@type":"ListItem","position":2,"name":"Enoturism"}]},{"@type":"WebSite","@id":"https:\/\/lasorcas.com\/en\/#website","url":"https:\/\/lasorcas.com\/en\/","name":"Bodegas Las Orcas","description":"Vinos con personalidad \u00fanica que combinan terru\u00f1o, tradici\u00f3n y modernidad. DESCUBRE LA ESENCIA DE RIOJA ALAVESA  \u00b7 FAMILY WINERY","publisher":{"@id":"https:\/\/lasorcas.com\/en\/#organization"},"potentialAction":[{"@type":"SearchAction","target":{"@type":"EntryPoint","urlTemplate":"https:\/\/lasorcas.com\/en\/?s={search_term_string}"},"query-input":{"@type":"PropertyValueSpecification","valueRequired":true,"valueName":"search_term_string"}}],"inLanguage":"en-US"},{"@type":"Organization","@id":"https:\/\/lasorcas.com\/en\/#organization","name":"Bodegas Las Orcas","url":"https:\/\/lasorcas.com\/en\/","logo":{"@type":"ImageObject","inLanguage":"en-US","@id":"https:\/\/lasorcas.com\/en\/#\/schema\/logo\/image\/","url":"https:\/\/lasorcas.com\/wp-content\/uploads\/2020\/12\/logos-completo_black.bodegas_las_orcas-1.png","contentUrl":"https:\/\/lasorcas.com\/wp-content\/uploads\/2020\/12\/logos-completo_black.bodegas_las_orcas-1.png","width":718,"height":364,"caption":"Bodegas Las Orcas"},"image":{"@id":"https:\/\/lasorcas.com\/en\/#\/schema\/logo\/image\/"},"sameAs":["https:\/\/www.facebook.com\/bodegaslasorcas\/","https:\/\/www.instagram.com\/bodegaslasorcas\/"]}]}},"_links":{"self":[{"href":"https:\/\/lasorcas.com\/en\/wp-json\/wp\/v2\/pages\/600","targetHints":{"allow":["GET"]}}],"collection":[{"href":"https:\/\/lasorcas.com\/en\/wp-json\/wp\/v2\/pages"}],"about":[{"href":"https:\/\/lasorcas.com\/en\/wp-json\/wp\/v2\/types\/page"}],"author":[{"embeddable":true,"href":"https:\/\/lasorcas.com\/en\/wp-json\/wp\/v2\/users\/1"}],"replies":[{"embeddable":true,"href":"https:\/\/lasorcas.com\/en\/wp-json\/wp\/v2\/comments?post=600"}],"version-history":[{"count":11,"href":"https:\/\/lasorcas.com\/en\/wp-json\/wp\/v2\/pages\/600\/revisions"}],"predecessor-version":[{"id":1539,"href":"https:\/\/lasorcas.com\/en\/wp-json\/wp\/v2\/pages\/600\/revisions\/1539"}],"wp:attachment":[{"href":"https:\/\/lasorcas.com\/en\/wp-json\/wp\/v2\/media?parent=600"}],"curies":[{"name":"wp","href":"https:\/\/api.w.org\/{rel}","templated":true}]}}