{"id":612,"date":"2021-01-04T16:10:29","date_gmt":"2021-01-04T16:10:29","guid":{"rendered":"https:\/\/lasorcas.com\/politica-de-cookies\/"},"modified":"2022-12-19T12:22:45","modified_gmt":"2022-12-19T11:22:45","slug":"cookies-policy","status":"publish","type":"page","link":"https:\/\/lasorcas.com\/en\/cookies-policy\/","title":{"rendered":"Cookies policy"},"content":{"rendered":"\n<p>COOKIES <\/p>\n\n\n\n<p>Los datos que ser\u00e1n almacenados en cada \u201ccookie\u201d son los siguientes: idioma, fecha y hora de la \u00faltima vez que el usuario visit\u00f3 nuestro Web, dise\u00f1o de contenidos que el usuario escogi\u00f3 en su primera visita a nuestro Web y elementos de seguridad que intervienen en el control de acceso a las \u00e1reas restringidas. <\/p>\n\n\n\n<p>Desde este sitio Web estudiamos las preferencias de nuestros usuarios (caracter\u00edsticas demogr\u00e1ficas, sus patrones de tr\u00e1fico y otra informaci\u00f3n en conjunto para comprender el comportamiento y el perfil de nuestros usuarios). El rastreo de las preferencias de nuestros usuarios nos ayuda para mejorar nuestra P\u00e1gina as\u00ed como nuestros servicios. <\/p>\n\n\n\n<p>Para ello, utilizamos el sistema Google Analytics (herramienta de Google para la medici\u00f3n del tr\u00e1fico de las P\u00e1ginas Web), el cual puede almacenar cookies en su ordenador para ayudarnos a recopilar informaci\u00f3n que ser\u00e1 utilizada \u00fanicamente con fines estad\u00edsticos y de estudio del comportamiento de los usuarios de nuestro sitio web. La informaci\u00f3n que recopila la cookie (incluida la IP) es almacenada y transmitida hacia los servidores de Google en Estados Unidos. Google utilizar\u00e1 dichos datos para recopilar su actividad en nuestro sitio y generar informes con el prop\u00f3sito de identificar el uso que hace del sitio. Google podr\u00e1 proporcionar dicha informaci\u00f3n a terceros cuando as\u00ed lo requiera la legislaci\u00f3n vigente. La aceptaci\u00f3n de esta pol\u00edtica supone la aceptaci\u00f3n del uso por parte de Google de la informaci\u00f3n recogida por Google Analytics. <\/p>\n\n\n\n<p>Vd. puede configurar su navegador para rechazar el almacenamiento de las cookies en su ordenador. Puede obtener m\u00e1s informaci\u00f3n en nuestra Pol\u00edtica de Cookies. <\/p>\n\n\n\n<h2 class=\"wp-block-heading\">INFORMACI\u00d3N COMPLETA SOBRE EL TRATAMIENTO DE DATOS PERSONALES<\/h2>\n\n\n\n<p><strong>RESPONSABLE DEL TRATAMIENTO <\/strong><\/p>\n\n\n\n<p>\u00bfQui\u00e9n es el responsable del tratamiento de sus datos?<\/p>\n\n\n\n<ul class=\"wp-block-list\">\n<li> &#8211; Identidad: BODEGAS LAS ORCAS, S.L. <\/li>\n\n\n\n<li>&#8211; Raz\u00f3n social: C\/ Sancho Abarca 10, 01300 Laguardia-\u00c1lava.<\/li>\n\n\n\n<li>&#8211; Dir. Postal: Bodegas Las Orcas, S.L., Ctra. A3210, km 2,5.<\/li>\n\n\n\n<li>&#8211; Correo electr\u00f3nico: lasorcas@lasorcas.com<\/li>\n<\/ul>\n\n\n\n<p><strong>FINALIDAD DEL TRATAMIENTO <\/strong><\/p>\n\n\n\n<p>\u00bfCon qu\u00e9 finalidad tratamos sus datos personales? <\/p>\n\n\n\n<p>Tratamos la informaci\u00f3n que nos facilitan las personas interesadas con los siguientes fines: <\/p>\n\n\n\n<ul class=\"wp-block-list\">\n<li>&#8211; Gesti\u00f3n y administraci\u00f3n de la relaci\u00f3n contractual establecida con proveedores, clientes y empleados. <\/li>\n<\/ul>\n\n\n\n<p>\u00bfCu\u00e1nto tiempo conservaremos sus datos? <\/p>\n\n\n\n<p>Los datos personales proporcionados se conservar\u00e1n: <\/p>\n\n\n\n<ul class=\"wp-block-list\">\n<li>a) Mientras se mantenga la relaci\u00f3n mercantil. <\/li>\n\n\n\n<li>b) No se solicite su supresi\u00f3n por el interesado. <\/li>\n\n\n\n<li>c) La informaci\u00f3n que por imperativo legal deba conservarse un tiempo espec\u00edfico no se eliminar\u00e1 hasta que transcurra el tiempo indicado en la ley. <\/li>\n<\/ul>\n\n\n\n<p><strong>LEGITIMACI\u00d3N DEL TRATAMIENTO <\/strong><\/p>\n\n\n\n<p>Cu\u00e1l es la legitimaci\u00f3n para el tratamiento de sus datos? La base legal para el tratamiento de sus datos es la siguiente: <\/p>\n\n\n\n<ul class=\"wp-block-list\">\n<li>&#8211; Ejecuci\u00f3n del contrato en el caso de que Usted sea empleado cliente, proveedor. <\/li>\n\n\n\n<li>&#8211; Consentimiento del interesado prestado en la p\u00e1gina web en el caso de que usted realice alguna petici\u00f3n o consulta en nuestro formulario de contacto &#8211; Inter\u00e9s leg\u00edtimo a la hora de realizar env\u00edos publicitarios. <\/li>\n<\/ul>\n\n\n\n<p><strong>DESTINATARIOS DE LOS DATOS SUMINISTRADOS <\/strong><\/p>\n\n\n\n<p>\u00bfA qu\u00e9 destinatarios se comunicar\u00e1n sus datos? <\/p>\n\n\n\n<p>a) Los datos se comunicar\u00e1n por requisito legal a: Organismos de la seguridad social (En el caso de los empleados) Registros p\u00fablicos Colegios profesionales Administraci\u00f3n tributaria (En el caso de empleados, proveedores y clientes) Otros \u00f3rganos de la administraci\u00f3n p\u00fablica (En el caso de empleados, proveedores y clientes) Comisi\u00f3n nacional de mercado de valores Comisi\u00f3n nacional del juego Fuerzas y cuerpos de seguridad (En el caso de videovigilancia) Cumplimiento\/incumplimiento de obligaciones dinerarias Entidades aseguradoras (caso de empleados) Otras entidades financieras Entidades sanitarias Prestaciones de servicios de telecomunicaciones Empresas dedicadas a Publicaciones o Mk. directo Asociaciones y organismos sin \u00e1nimo de lucro Sindicatos y juntas de personal Administraci\u00f3n p\u00fablica con competencia en materia Organismos de la Uni\u00f3n Europea <\/p>\n\n\n\n<p>b) Los datos se comunicar\u00e1n por requisito contractual a: Organizaciones\/personas relacionadas con el responsable Notarios y procuradores (En el caso de servicios prestados a los clientes de abogac\u00eda) Bancos, cajas de ahorros, y cajas rurales <\/p>\n\n\n\n<p>c) Los datos (IMAGENES) de TRABAJADORES\/ CLIENTES\/ EVENTOS\/ FORMACIONES se comunicar\u00e1n por su consentimiento otorgado a las siguientes Redes sociales: Facebook Twitter Linkedin Youtube * Las cesiones descritas en el presente apartado c) conllevan una transferencia internacional de datos a EEUU, de las cuales el afectado fue informado <\/p>\n\n\n\n<p><strong>DERECHOS DE LOS INTERESADOS <\/strong><\/p>\n\n\n\n<p>\u00bfCu\u00e1les son sus derechos? <\/p>\n\n\n\n<p>Cualquier persona tiene derecho a obtener confirmaci\u00f3n sobre si en BODEGAS LAS ORCAS, S.L. estamos tratando datos personales que les conciernan, o no. <\/p>\n\n\n\n<ul class=\"wp-block-list\">\n<li>Derecho de acceso: el interesado podr\u00e1 solicitar al Responsable los datos tratados y en caso afirmativo qu\u00e9 datos personales concretos son tratados. <\/li>\n\n\n\n<li>Derecho de rectificaci\u00f3n: el interesado podr\u00e1 solicitar al Responsable la correcci\u00f3n de sus datos personales en caso de no ser exactos. <\/li>\n\n\n\n<li>Derecho de supresi\u00f3n: el interesado podr\u00e1 solicitar al Responsable el borrado de sus datos personales cuando, entre otros motivos, los datos ya no sean necesarios para los fines para los que fueron recogidos. <\/li>\n\n\n\n<li>Derecho de oposici\u00f3n: el interesado podr\u00e1 oponerse a que el Responsable realice un tratamiento de sus datos personales. <\/li>\n\n\n\n<li>Derecho a la limitaci\u00f3n del tratamiento: el interesado podr\u00e1 solicitar al Responsable que temporalmente no trate sus datos personales en unos supuestos concretos. <\/li>\n\n\n\n<li>Derecho a la portabilidad: el interesado podr\u00e1 solicitar al Responsable sus datos automatizados en un formato estructurado de f\u00e1cil acceso y manejo. <\/li>\n<\/ul>\n\n\n\n<p>\u00bfC\u00f3mo se pueden ejercer los derechos? <\/p>\n\n\n\n<p>Mediante un escrito dirigido a BODEGAS LAS ORCAS, S.L. calle Sancho Abarca N\u00ba 10, 01300 Laguardia <\/p>\n\n\n\n<p>Qu\u00e9 v\u00edas de reclamaci\u00f3n existen? <\/p>\n\n\n\n<p>Si considera que sus derechos no se han atendido debidamente, tiene derecho a presentar una reclamaci\u00f3n ante la Agencia Espa\u00f1ola de Protecci\u00f3n de Datos, C\/ Jorge Juan, 6. 28001 \u2013 Madrid.<\/p>\n\n\n\n<hr class=\"wp-block-separator has-css-opacity is-style-wide\"\/>\n\n\n\n<p>Puede descargar esta informaci\u00f3n legal correctamente descrita pulsando en los siguientes enlaces :<\/p>\n\n\n\n<div class=\"wp-block-file\"><a id=\"wp-block-file--media-ec2f475e-1b30-4352-8de3-ec89b72c0a80\" href=\"https:\/\/lasorcas.com\/wp-content\/uploads\/2021\/01\/bodegas-las-orcas-legal.pdf\">bodegas-las-orcas-legal<\/a><a href=\"https:\/\/lasorcas.com\/wp-content\/uploads\/2021\/01\/bodegas-las-orcas-legal.pdf\" class=\"wp-block-file__button wp-element-button\" download aria-describedby=\"wp-block-file--media-ec2f475e-1b30-4352-8de3-ec89b72c0a80\">Descarga<\/a><\/div>\n\n\n\n<div class=\"wp-block-file\"><a id=\"wp-block-file--media-8273105d-1faa-4060-877d-9a3f81ac2fcc\" href=\"https:\/\/lasorcas.com\/wp-content\/uploads\/2021\/01\/bodegas-las-orcas-avisolegal.pdf\">bodegas-las-orcas-avisolegal<\/a><a href=\"https:\/\/lasorcas.com\/wp-content\/uploads\/2021\/01\/bodegas-las-orcas-avisolegal.pdf\" class=\"wp-block-file__button wp-element-button\" download aria-describedby=\"wp-block-file--media-8273105d-1faa-4060-877d-9a3f81ac2fcc\">Descarga<\/a><\/div>\n","protected":false},"excerpt":{"rendered":"<p>COOKIES Los datos que ser\u00e1n almacenados en cada \u201ccookie\u201d son los siguientes: idioma, fecha y hora de la \u00faltima vez que el usuario visit\u00f3 nuestro Web, dise\u00f1o de contenidos que el usuario escogi\u00f3 en su primera visita a nuestro Web y elementos de seguridad que intervienen en el control de acceso a las \u00e1reas restringidas.&hellip;<\/p>\n","protected":false},"author":1,"featured_media":0,"parent":0,"menu_order":0,"comment_status":"closed","ping_status":"closed","template":"page-templates\/page_plantilla_legal.php","meta":{"footnotes":""},"class_list":["post-612","page","type-page","status-publish","hentry"],"yoast_head":"<!-- This site is optimized with the Yoast SEO plugin v27.4 - https:\/\/yoast.com\/product\/yoast-seo-wordpress\/ -->\n<title>Cookies policy - Bodegas Las Orcas<\/title>\n<meta name=\"robots\" content=\"index, follow, max-snippet:-1, max-image-preview:large, max-video-preview:-1\" \/>\n<link rel=\"canonical\" href=\"https:\/\/lasorcas.com\/en\/cookies-policy\/\" \/>\n<meta property=\"og:locale\" content=\"en_US\" \/>\n<meta property=\"og:type\" content=\"article\" \/>\n<meta property=\"og:title\" content=\"Cookies policy - Bodegas Las Orcas\" \/>\n<meta property=\"og:description\" content=\"COOKIES Los datos que ser\u00e1n almacenados en cada \u201ccookie\u201d son los siguientes: idioma, fecha y hora de la \u00faltima vez que el usuario visit\u00f3 nuestro Web, dise\u00f1o de contenidos que el usuario escogi\u00f3 en su primera visita a nuestro Web y elementos de seguridad que intervienen en el control de acceso a las \u00e1reas restringidas.&hellip;\" \/>\n<meta property=\"og:url\" content=\"https:\/\/lasorcas.com\/en\/cookies-policy\/\" \/>\n<meta property=\"og:site_name\" content=\"Bodegas Las Orcas\" \/>\n<meta property=\"article:publisher\" content=\"https:\/\/www.facebook.com\/bodegaslasorcas\/\" \/>\n<meta property=\"article:modified_time\" content=\"2022-12-19T11:22:45+00:00\" \/>\n<meta name=\"twitter:card\" content=\"summary_large_image\" \/>\n<meta name=\"twitter:label1\" content=\"Est. reading time\" \/>\n\t<meta name=\"twitter:data1\" content=\"5 minutes\" \/>\n<script type=\"application\/ld+json\" class=\"yoast-schema-graph\">{\"@context\":\"https:\\\/\\\/schema.org\",\"@graph\":[{\"@type\":\"WebPage\",\"@id\":\"https:\\\/\\\/lasorcas.com\\\/en\\\/cookies-policy\\\/\",\"url\":\"https:\\\/\\\/lasorcas.com\\\/en\\\/cookies-policy\\\/\",\"name\":\"Cookies policy - Bodegas Las Orcas\",\"isPartOf\":{\"@id\":\"https:\\\/\\\/lasorcas.com\\\/en\\\/#website\"},\"datePublished\":\"2021-01-04T16:10:29+00:00\",\"dateModified\":\"2022-12-19T11:22:45+00:00\",\"breadcrumb\":{\"@id\":\"https:\\\/\\\/lasorcas.com\\\/en\\\/cookies-policy\\\/#breadcrumb\"},\"inLanguage\":\"en-US\",\"potentialAction\":[{\"@type\":\"ReadAction\",\"target\":[\"https:\\\/\\\/lasorcas.com\\\/en\\\/cookies-policy\\\/\"]}]},{\"@type\":\"BreadcrumbList\",\"@id\":\"https:\\\/\\\/lasorcas.com\\\/en\\\/cookies-policy\\\/#breadcrumb\",\"itemListElement\":[{\"@type\":\"ListItem\",\"position\":1,\"name\":\"Portada\",\"item\":\"https:\\\/\\\/lasorcas.com\\\/en\\\/home\\\/\"},{\"@type\":\"ListItem\",\"position\":2,\"name\":\"Cookies policy\"}]},{\"@type\":\"WebSite\",\"@id\":\"https:\\\/\\\/lasorcas.com\\\/en\\\/#website\",\"url\":\"https:\\\/\\\/lasorcas.com\\\/en\\\/\",\"name\":\"Bodegas Las Orcas\",\"description\":\"Vinos con personalidad \u00fanica que combinan terru\u00f1o, tradici\u00f3n y modernidad. DESCUBRE LA ESENCIA DE RIOJA ALAVESA  \u00b7 FAMILY WINERY\",\"publisher\":{\"@id\":\"https:\\\/\\\/lasorcas.com\\\/en\\\/#organization\"},\"potentialAction\":[{\"@type\":\"SearchAction\",\"target\":{\"@type\":\"EntryPoint\",\"urlTemplate\":\"https:\\\/\\\/lasorcas.com\\\/en\\\/?s={search_term_string}\"},\"query-input\":{\"@type\":\"PropertyValueSpecification\",\"valueRequired\":true,\"valueName\":\"search_term_string\"}}],\"inLanguage\":\"en-US\"},{\"@type\":\"Organization\",\"@id\":\"https:\\\/\\\/lasorcas.com\\\/en\\\/#organization\",\"name\":\"Bodegas Las Orcas\",\"url\":\"https:\\\/\\\/lasorcas.com\\\/en\\\/\",\"logo\":{\"@type\":\"ImageObject\",\"inLanguage\":\"en-US\",\"@id\":\"https:\\\/\\\/lasorcas.com\\\/en\\\/#\\\/schema\\\/logo\\\/image\\\/\",\"url\":\"https:\\\/\\\/lasorcas.com\\\/wp-content\\\/uploads\\\/2020\\\/12\\\/logos-completo_black.bodegas_las_orcas-1.png\",\"contentUrl\":\"https:\\\/\\\/lasorcas.com\\\/wp-content\\\/uploads\\\/2020\\\/12\\\/logos-completo_black.bodegas_las_orcas-1.png\",\"width\":718,\"height\":364,\"caption\":\"Bodegas Las Orcas\"},\"image\":{\"@id\":\"https:\\\/\\\/lasorcas.com\\\/en\\\/#\\\/schema\\\/logo\\\/image\\\/\"},\"sameAs\":[\"https:\\\/\\\/www.facebook.com\\\/bodegaslasorcas\\\/\",\"https:\\\/\\\/www.instagram.com\\\/bodegaslasorcas\\\/\"]}]}<\/script>\n<!-- \/ Yoast SEO plugin. -->","yoast_head_json":{"title":"Cookies policy - Bodegas Las Orcas","robots":{"index":"index","follow":"follow","max-snippet":"max-snippet:-1","max-image-preview":"max-image-preview:large","max-video-preview":"max-video-preview:-1"},"canonical":"https:\/\/lasorcas.com\/en\/cookies-policy\/","og_locale":"en_US","og_type":"article","og_title":"Cookies policy - Bodegas Las Orcas","og_description":"COOKIES Los datos que ser\u00e1n almacenados en cada \u201ccookie\u201d son los siguientes: idioma, fecha y hora de la \u00faltima vez que el usuario visit\u00f3 nuestro Web, dise\u00f1o de contenidos que el usuario escogi\u00f3 en su primera visita a nuestro Web y elementos de seguridad que intervienen en el control de acceso a las \u00e1reas restringidas.&hellip;","og_url":"https:\/\/lasorcas.com\/en\/cookies-policy\/","og_site_name":"Bodegas Las Orcas","article_publisher":"https:\/\/www.facebook.com\/bodegaslasorcas\/","article_modified_time":"2022-12-19T11:22:45+00:00","twitter_card":"summary_large_image","twitter_misc":{"Est. reading time":"5 minutes"},"schema":{"@context":"https:\/\/schema.org","@graph":[{"@type":"WebPage","@id":"https:\/\/lasorcas.com\/en\/cookies-policy\/","url":"https:\/\/lasorcas.com\/en\/cookies-policy\/","name":"Cookies policy - Bodegas Las Orcas","isPartOf":{"@id":"https:\/\/lasorcas.com\/en\/#website"},"datePublished":"2021-01-04T16:10:29+00:00","dateModified":"2022-12-19T11:22:45+00:00","breadcrumb":{"@id":"https:\/\/lasorcas.com\/en\/cookies-policy\/#breadcrumb"},"inLanguage":"en-US","potentialAction":[{"@type":"ReadAction","target":["https:\/\/lasorcas.com\/en\/cookies-policy\/"]}]},{"@type":"BreadcrumbList","@id":"https:\/\/lasorcas.com\/en\/cookies-policy\/#breadcrumb","itemListElement":[{"@type":"ListItem","position":1,"name":"Portada","item":"https:\/\/lasorcas.com\/en\/home\/"},{"@type":"ListItem","position":2,"name":"Cookies policy"}]},{"@type":"WebSite","@id":"https:\/\/lasorcas.com\/en\/#website","url":"https:\/\/lasorcas.com\/en\/","name":"Bodegas Las Orcas","description":"Vinos con personalidad \u00fanica que combinan terru\u00f1o, tradici\u00f3n y modernidad. DESCUBRE LA ESENCIA DE RIOJA ALAVESA  \u00b7 FAMILY WINERY","publisher":{"@id":"https:\/\/lasorcas.com\/en\/#organization"},"potentialAction":[{"@type":"SearchAction","target":{"@type":"EntryPoint","urlTemplate":"https:\/\/lasorcas.com\/en\/?s={search_term_string}"},"query-input":{"@type":"PropertyValueSpecification","valueRequired":true,"valueName":"search_term_string"}}],"inLanguage":"en-US"},{"@type":"Organization","@id":"https:\/\/lasorcas.com\/en\/#organization","name":"Bodegas Las Orcas","url":"https:\/\/lasorcas.com\/en\/","logo":{"@type":"ImageObject","inLanguage":"en-US","@id":"https:\/\/lasorcas.com\/en\/#\/schema\/logo\/image\/","url":"https:\/\/lasorcas.com\/wp-content\/uploads\/2020\/12\/logos-completo_black.bodegas_las_orcas-1.png","contentUrl":"https:\/\/lasorcas.com\/wp-content\/uploads\/2020\/12\/logos-completo_black.bodegas_las_orcas-1.png","width":718,"height":364,"caption":"Bodegas Las Orcas"},"image":{"@id":"https:\/\/lasorcas.com\/en\/#\/schema\/logo\/image\/"},"sameAs":["https:\/\/www.facebook.com\/bodegaslasorcas\/","https:\/\/www.instagram.com\/bodegaslasorcas\/"]}]}},"_links":{"self":[{"href":"https:\/\/lasorcas.com\/en\/wp-json\/wp\/v2\/pages\/612","targetHints":{"allow":["GET"]}}],"collection":[{"href":"https:\/\/lasorcas.com\/en\/wp-json\/wp\/v2\/pages"}],"about":[{"href":"https:\/\/lasorcas.com\/en\/wp-json\/wp\/v2\/types\/page"}],"author":[{"embeddable":true,"href":"https:\/\/lasorcas.com\/en\/wp-json\/wp\/v2\/users\/1"}],"replies":[{"embeddable":true,"href":"https:\/\/lasorcas.com\/en\/wp-json\/wp\/v2\/comments?post=612"}],"version-history":[{"count":2,"href":"https:\/\/lasorcas.com\/en\/wp-json\/wp\/v2\/pages\/612\/revisions"}],"predecessor-version":[{"id":1059,"href":"https:\/\/lasorcas.com\/en\/wp-json\/wp\/v2\/pages\/612\/revisions\/1059"}],"wp:attachment":[{"href":"https:\/\/lasorcas.com\/en\/wp-json\/wp\/v2\/media?parent=612"}],"curies":[{"name":"wp","href":"https:\/\/api.w.org\/{rel}","templated":true}]}}