{"id":615,"date":"2020-12-30T12:57:06","date_gmt":"2020-12-30T12:57:06","guid":{"rendered":"https:\/\/lasorcas.com\/politica-privacidad\/"},"modified":"2024-11-13T09:04:10","modified_gmt":"2024-11-13T08:04:10","slug":"privacy-policy","status":"publish","type":"page","link":"https:\/\/lasorcas.com\/en\/privacy-policy\/","title":{"rendered":"PRIVACY POLICY"},"content":{"rendered":"\n<p><strong><u>TRATAMIENTOS DE DATOS PERSONALES A TRAV\u00c9S DE LA P\u00c1GINA WEB<\/u><\/strong><\/p>\n\n\n\n<p>En cumplimiento de lo establecido en la normativa aplicable de Protecci\u00f3n de Datos, le informamos de que los datos que ser\u00e1n tratados como Responsable por BODEGAS LAS ORCAS, S.L., con la finalidad de prestarle el servicio que usted solicite a trav\u00e9s de nuestro formulario de contacto. Para ello, necesitamos que marque la casilla habilitada que indica la aceptaci\u00f3n de esta pol\u00edtica, de tal manera que si no lo hace no tendremos su consentimiento expreso y no podremos dar respuesta a su solicitud.<\/p>\n\n\n\n<p>Para la correcta prestaci\u00f3n de los servicios ofrecidos por BODEGAS LAS ORCAS, S.L., es preciso que el usuario conteste a todas y cada una de las preguntas que aparecen en los formularios presentes en nuestro sitio web. Asimismo, el usuario declara que es mayor de edad.<\/p>\n\n\n\n<p>Dado el car\u00e1cter personal de los datos facilitados, BODEGAS LAS ORCAS, S.L. se compromete a tratarlos con estricta confidencialidad guardando el secreto debido. A este efecto, la entidad ha implantado las medidas de seguridad adecuadas conforme el an\u00e1lisis de riesgos realizado.<\/p>\n\n\n\n<p>Le informamos tanto de que no se ceder\u00e1n sus datos a terceros, como de que no se realizar\u00e1n transferencias internacionales de datos, salvo obligaci\u00f3n legal, cesi\u00f3n necesaria para la ejecuci\u00f3n del contrato o que usted preste el consentimiento expreso.<\/p>\n\n\n\n<p><strong><u>DERECHOS<\/u><\/strong><\/p>\n\n\n\n<p>Los datos recabados y tratados se conservar\u00e1n por un plazo de tiempo limitado. Dicho plazo ser\u00e1 el necesario para cumplir las obligaciones legales impuestas a BODEGAS LAS ORCAS, S.L. por las diferentes normativas aplicables.<\/p>\n\n\n\n<p>El usuario como interesado puede ejercer en todo momento los siguientes derechos en la direcci\u00f3n indicada en el Aviso Legal:<\/p>\n\n\n\n<p>Derecho de acceso: el interesado podr\u00e1 solicitar al Responsable los datos tratados y en caso afirmativo qu\u00e9 datos personales concretos son tratados.<\/p>\n\n\n\n<p>Derecho de rectificaci\u00f3n: el interesado podr\u00e1 solicitar al Responsable la correcci\u00f3n de sus datos personales en caso de no ser exactos.<\/p>\n\n\n\n<p>Derecho de supresi\u00f3n: el interesado podr\u00e1 solicitar al Responsable el borrado de sus datos personales.<\/p>\n\n\n\n<p>Derecho de oposici\u00f3n: el interesado podr\u00e1 oponerse a que el Responsable realice un tratamiento de sus datos personales.<\/p>\n\n\n\n<p>Derecho a la limitaci\u00f3n del tratamiento: el interesado podr\u00e1 solicitar al Responsable que temporalmente no trate sus datos personales en unos supuestos concretos.<\/p>\n\n\n\n<p>Derecho a la portabilidad: el interesado podr\u00e1 solicitar al Responsable sus datos automatizados en un formato estructurado de f\u00e1cil acceso y manejo.<\/p>\n\n\n\n<p>M\u00e1s informaci\u00f3n sobre sus derechos en www.agpd.es.<\/p>\n\n\n\n<p>Asimismo, tiene derecho a presentar una reclamaci\u00f3n ante la Agencia Espa\u00f1ola de Protecci\u00f3n de Datos.<\/p>\n\n\n\n<p><strong><u>COOKIES<\/u><\/strong><\/p>\n\n\n\n<p>Los datos que ser\u00e1n almacenados en cada \u201ccookie\u201d son los siguientes: idioma, fecha y hora de la \u00faltima vez que el usuario visit\u00f3 nuestro Web, dise\u00f1o de contenidos que el usuario escogi\u00f3 en su primera visita a nuestro Web y elementos de seguridad que intervienen en el control de acceso a las \u00e1reas restringidas.<\/p>\n\n\n\n<p>&nbsp;&nbsp;&nbsp;&nbsp;&nbsp;&nbsp;&nbsp;&nbsp;&nbsp;&nbsp;&nbsp;&nbsp;&nbsp;&nbsp;&nbsp; Desde este sitio Web estudiamos las preferencias de nuestros usuarios (caracter\u00edsticas demogr\u00e1ficas, sus patrones de tr\u00e1fico y otra informaci\u00f3n en conjunto para comprender el comportamiento y el perfil de nuestros usuarios). El rastreo de las preferencias de nuestros usuarios nos ayuda para mejorar nuestra P\u00e1gina, as\u00ed como nuestros servicios.<\/p>\n\n\n\n<p>&nbsp;&nbsp;&nbsp;&nbsp;&nbsp;&nbsp;&nbsp;&nbsp;&nbsp;&nbsp;&nbsp;&nbsp;&nbsp;&nbsp;&nbsp; Para ello, utilizamos el sistema Google Analytics (herramienta de Google para la medici\u00f3n del tr\u00e1fico de las P\u00e1ginas Web), el cual puede almacenar cookies en su ordenador para ayudarnos a recopilar informaci\u00f3n que ser\u00e1 utilizada \u00fanicamente con fines estad\u00edsticos y de estudio del comportamiento de los usuarios de nuestro sitio web. La informaci\u00f3n que recopila la cookie (incluida la IP) es almacenada y transmitida hacia los servidores de Google en Estados Unidos.&nbsp; Google utilizar\u00e1 dichos datos para recopilar su actividad en nuestro sitio y generar informes con el prop\u00f3sito de identificar el uso que hace del sitio. &nbsp;&nbsp;&nbsp;&nbsp;&nbsp;&nbsp; Google podr\u00e1 proporcionar dicha informaci\u00f3n a terceros cuando as\u00ed lo requiera la legislaci\u00f3n vigente.&nbsp; La aceptaci\u00f3n de esta pol\u00edtica supone la aceptaci\u00f3n del uso por parte de Google de la informaci\u00f3n recogida por Google Analytics.<\/p>\n\n\n\n<p>&nbsp;&nbsp;&nbsp;&nbsp;&nbsp;&nbsp;&nbsp;&nbsp;&nbsp;&nbsp;&nbsp;&nbsp;&nbsp;&nbsp;&nbsp; Vd. puede configurar su navegador para rechazar el almacenamiento de las cookies en su ordenador. Puede obtener m\u00e1s informaci\u00f3n en nuestra Pol\u00edtica de Cookies.<\/p>\n\n\n\n<p><strong><u>INFORMACI\u00d3N COMPLETA SOBRE EL TRATAMIENTO DE DATOS PERSONALES<\/u><\/strong><\/p>\n\n\n\n<p><strong><u>RESPONSABLE DEL TRATAMIENTO<\/u><\/strong><\/p>\n\n\n\n<p><strong>\u00bfQui\u00e9n es el responsable del tratamiento de sus datos?<\/strong><\/p>\n\n\n\n<p>&#8211; Identidad: BODEGAS LAS ORCAS, S.L.<\/p>\n\n\n\n<p>&#8211; Dir. Postal: calle Sancho Anarca, n\u00famero 10 \u2013 01300 Laguardia<\/p>\n\n\n\n<p>&#8211; Correo electr\u00f3nico: raiabando@lasorcas.es<\/p>\n\n\n\n<p><strong><u>FINALIDAD DEL TRATAMIENTO<\/u><\/strong><\/p>\n\n\n\n<p><strong>\u00bfCon qu\u00e9 finalidad tratamos sus datos personales?<\/strong><\/p>\n\n\n\n<p>En BODEGAS LAS ORCAS, S.L. tratamos la informaci\u00f3n que nos facilitan las personas interesadas con los siguientes fines:<\/p>\n\n\n\n<p><a>&#8211;&nbsp; Gesti\u00f3n y administraci\u00f3n de la relaci\u00f3n contractual establecida con <strong>proveedores, clientes y empleados.<\/strong><\/a><\/p>\n\n\n\n<p>&#8211; Facilitar a los interesados <strong>informaci\u00f3n comercial<\/strong> sobre productos y servicios que pudieran ser de su&nbsp;&nbsp;&nbsp;&nbsp;&nbsp;&nbsp;&nbsp;&nbsp;&nbsp;&nbsp;&nbsp;&nbsp;&nbsp;&nbsp;&nbsp;&nbsp;&nbsp;&nbsp;&nbsp;&nbsp;&nbsp;&nbsp;&nbsp;&nbsp;&nbsp;&nbsp;&nbsp;&nbsp;&nbsp;&nbsp;&nbsp;&nbsp;&nbsp;&nbsp;&nbsp; inter\u00e9s.<\/p>\n\n\n\n<p>&#8211; Seguridad de las instalaciones y de las personas en el caso de que Usted sea grabado por nuestras c\u00e1maras de videovigilancia.<\/p>\n\n\n\n<p>&#8211; Elaborar publicaciones corporativas y publicitarias en caso de utilizar su imagen en p\u00e1ginas web, redes sociales o publicaciones corporativas.<\/p>\n\n\n\n<p><strong>&#8211; <\/strong>Gesti\u00f3n de los datos personales recogidos a trav\u00e9s de las <strong>cookie<\/strong>s implantadas en la p\u00e1gina web seg\u00fan lo establecido en la pol\u00edtica de cookies.<\/p>\n\n\n\n<p>&#8211; Gestionar y organizar las visitas en caso de que solicitemos sus datos para las reservas<\/p>\n\n\n\n<p><strong>\u00bfCu\u00e1nto tiempo conservaremos sus datos?<\/strong><\/p>\n\n\n\n<p>Los datos personales proporcionados se conservar\u00e1n:<\/p>\n\n\n\n<p>a) Mientras se mantenga la relaci\u00f3n mercantil.<\/p>\n\n\n\n<p>b) No se solicite su supresi\u00f3n por el interesado.<\/p>\n\n\n\n<p>c) La informaci\u00f3n que por imperativo legal deba conservarse un tiempo espec\u00edfico no se eliminar\u00e1 hasta que transcurra el tiempo indicado en la ley.<\/p>\n\n\n\n<p><a><strong><u>LEGITIMACI\u00d3N DEL TRATAMIENTO<\/u><\/strong><\/a><\/p>\n\n\n\n<p><strong>\u00bfCu\u00e1l es la legitimaci\u00f3n para el tratamiento de sus datos?<\/strong><\/p>\n\n\n\n<p>La base legal para el tratamiento de sus datos es la siguiente:<\/p>\n\n\n\n<p>&#8211;&nbsp; Ejecuci\u00f3n del contrato en el caso de que Usted sea <strong>empleado, socio, cliente, proveedor.<\/strong><\/p>\n\n\n\n<p>&#8211;&nbsp; Inter\u00e9s p\u00fablico en el caso de que haya sido grabado por las c\u00e1maras de <strong>videovigilancia <\/strong>con la finalidad de seguridad f\u00edsica de las instalaciones<\/p>\n\n\n\n<p><strong>&#8211; Consentimiento <\/strong>prestado por usted en caso de que hayamos publicado su <strong>imagen<\/strong> en publicaciones corporativos, p\u00e1gina web o redes sociales.<\/p>\n\n\n\n<p>&#8211; Inter\u00e9s leg\u00edtimo a la hora de realizar <strong>env\u00edos publicitarios a nuestros clientes<\/strong>.<\/p>\n\n\n\n<p>&#8211; Consentimiento en el caso de realizar env\u00edos publicitarios a <strong>contactos comerciales y potenciales clientes<\/strong><\/p>\n\n\n\n<p><strong>&#8211; Consentimiento <\/strong>del interesado en el caso de que haya aceptado la instalaci\u00f3n de <strong>cookies<\/strong> a trav\u00e9s de la p\u00e1gina web.<\/p>\n\n\n\n<p><strong><u>DESTINATARIOS DE LOS DATOS SUMINISTRADOS<\/u><\/strong><\/p>\n\n\n\n<p><strong>\u00bfA qu\u00e9 destinatarios se comunicar\u00e1n sus datos?<\/strong><\/p>\n\n\n\n<p><strong>a)<\/strong> Los datos se comunicar\u00e1n <strong>por requisito legal<\/strong> a:<\/p>\n\n\n\n<p>Organismos de la seguridad social (En el caso de los empleados)<\/p>\n\n\n\n<p>Administraci\u00f3n tributaria (En el caso de empleados, proveedores y clientes)<\/p>\n\n\n\n<p>Otros \u00f3rganos de la administraci\u00f3n p\u00fablica (En el caso de empleados, proveedores y clientes)<\/p>\n\n\n\n<p>Fuerzas y cuerpos de seguridad (En el caso de videovigilancia)<\/p>\n\n\n\n<p>Entidades aseguradoras (caso de empleados)<\/p>\n\n\n\n<p>b) Los datos se comunicar\u00e1n por <strong>requisito contractual<\/strong> a:<\/p>\n\n\n\n<p>Bancos, cajas de ahorros, y cajas rurales<\/p>\n\n\n\n<p>c) Los datos (IMAGENES) de TRABAJADORES\/CLIENTES\/EVENTOS\/FORMACIONES se comunicar\u00e1n a las siguientes Redes sociales:<\/p>\n\n\n\n<p>&#8211; Facebook<\/p>\n\n\n\n<p>&#8211; Instagram<\/p>\n\n\n\n<p><strong>* <\/strong><strong>Las cesiones descritas en el presente apartado c) conllevan una transferencia internacional de datos a EEUU, de las cuales el afectado fue informado<\/strong><\/p>\n\n\n\n<p><strong><u>DERECHOS DE LOS INTERESADOS<\/u><\/strong><\/p>\n\n\n\n<p><strong>\u00bfCu\u00e1les son sus derechos?<\/strong><\/p>\n\n\n\n<p>Cualquier persona tiene derecho a obtener confirmaci\u00f3n sobre si en BODEGAS LAS ORCAS, S.L. estamos tratando datos personales que les conciernan, o no.<\/p>\n\n\n\n<p><em><u>Derecho de acceso:<\/u><\/em> el interesado podr\u00e1 solicitar al Responsable los datos tratados y en caso afirmativo qu\u00e9 datos personales concretos son tratados.<\/p>\n\n\n\n<p><em><u>Derecho de rectificaci\u00f3n<\/u><\/em>: el interesado podr\u00e1 solicitar al Responsable la correcci\u00f3n de sus datos personales en caso de no ser exactos.<\/p>\n\n\n\n<p>Derecho de supresi\u00f3n: el interesado podr\u00e1 solicitar al Responsable el borrado de sus datos personales cuando, entre otros motivos, los datos ya no sean necesarios para los fines para los que fueron recogidos.<\/p>\n\n\n\n<p><em><u>Derecho de oposici\u00f3n<\/u><\/em>: el interesado podr\u00e1 oponerse a que el Responsable realice un tratamiento de sus datos personales.<\/p>\n\n\n\n<p><em><u>Derecho a la limitaci\u00f3n del tratamiento<\/u><\/em>: el interesado podr\u00e1 solicitar al Responsable que temporalmente no trate sus datos personales en unos supuestos concretos.<\/p>\n\n\n\n<p><em><u>Derecho a la portabilidad:<\/u><\/em> el interesado podr\u00e1 solicitar al Responsable sus datos automatizados en un formato estructurado de f\u00e1cil acceso y manejo.<\/p>\n\n\n\n<p><strong>\u00bfC\u00f3mo se pueden ejercer los derechos?<\/strong><\/p>\n\n\n\n<p>Mediante un escrito dirigido a BODEGAS LAS ORCAS, S.L., carretera Laguardia \u2013 Elciego Km 2.5, 01300 Laguardia<\/p>\n\n\n\n<p><strong>\u00bfQu\u00e9 v\u00edas de reclamaci\u00f3n existen?<\/strong><\/p>\n\n\n\n<p>Si considera que sus derechos no se han atendido debidamente, tiene derecho a presentar una reclamaci\u00f3n ante la Agencia Espa\u00f1ola de Protecci\u00f3n de Datos, C\/ Jorge Juan, 6. 28001 \u2013 Madrid.<\/p>\n\n\n\n<p id=\"block-7f46125c-0273-42b7-bdc4-31c5366eff94\">Puede descargar esta informaci\u00f3n legal correctamente descrita pulsando en los siguientes enlaces:<\/p>\n\n\n\n<div class=\"wp-block-file\"><a id=\"wp-block-file--media-202a4969-dae3-4aee-8832-a766939c317a\" href=\"https:\/\/lasorcas.com\/wp-content\/uploads\/2024\/11\/POLITICA-DE-PRIVACIDAD-24-25-1.docx\">POLITICA DE PRIVACIDAD 24-25<\/a><a href=\"https:\/\/lasorcas.com\/wp-content\/uploads\/2024\/11\/POLITICA-DE-PRIVACIDAD-24-25-1.docx\" class=\"wp-block-file__button wp-element-button\" download aria-describedby=\"wp-block-file--media-202a4969-dae3-4aee-8832-a766939c317a\">Descarga<\/a><\/div>\n\n\n\n<div class=\"wp-block-file\"><a id=\"wp-block-file--media-5d267cc8-2d46-413d-8b78-9782996664d7\" href=\"https:\/\/lasorcas.com\/wp-content\/uploads\/2021\/01\/bodegas-las-orcas-avisolegal.pdf\">bodegas-las-orcas-avisolegal<\/a><a href=\"https:\/\/lasorcas.com\/wp-content\/uploads\/2021\/01\/bodegas-las-orcas-avisolegal.pdf\" class=\"wp-block-file__button wp-element-button\" download aria-describedby=\"wp-block-file--media-5d267cc8-2d46-413d-8b78-9782996664d7\">Descarga<\/a><\/div>\n","protected":false},"excerpt":{"rendered":"<p>TRATAMIENTOS DE DATOS PERSONALES A TRAV\u00c9S DE LA P\u00c1GINA WEB En cumplimiento de lo establecido en la normativa aplicable de Protecci\u00f3n de Datos, le informamos de que los datos que ser\u00e1n tratados como Responsable por BODEGAS LAS ORCAS, S.L., con la finalidad de prestarle el servicio que usted solicite a trav\u00e9s de nuestro formulario de&hellip;<\/p>\n","protected":false},"author":1,"featured_media":0,"parent":0,"menu_order":0,"comment_status":"closed","ping_status":"open","template":"page-templates\/page_plantilla_legal.php","meta":{"footnotes":""},"class_list":["post-615","page","type-page","status-publish","hentry"],"yoast_head":"<!-- This site is optimized with the Yoast SEO plugin v27.4 - https:\/\/yoast.com\/product\/yoast-seo-wordpress\/ -->\n<title>PRIVACY POLICY - Bodegas Las Orcas<\/title>\n<meta name=\"robots\" content=\"index, follow, max-snippet:-1, max-image-preview:large, max-video-preview:-1\" \/>\n<link rel=\"canonical\" href=\"https:\/\/lasorcas.com\/en\/privacy-policy\/\" \/>\n<meta property=\"og:locale\" content=\"en_US\" \/>\n<meta property=\"og:type\" content=\"article\" \/>\n<meta property=\"og:title\" content=\"PRIVACY POLICY - Bodegas Las Orcas\" \/>\n<meta property=\"og:description\" content=\"TRATAMIENTOS DE DATOS PERSONALES A TRAV\u00c9S DE LA P\u00c1GINA WEB En cumplimiento de lo establecido en la normativa aplicable de Protecci\u00f3n de Datos, le informamos de que los datos que ser\u00e1n tratados como Responsable por BODEGAS LAS ORCAS, S.L., con la finalidad de prestarle el servicio que usted solicite a trav\u00e9s de nuestro formulario de&hellip;\" \/>\n<meta property=\"og:url\" content=\"https:\/\/lasorcas.com\/en\/privacy-policy\/\" \/>\n<meta property=\"og:site_name\" content=\"Bodegas Las Orcas\" \/>\n<meta property=\"article:publisher\" content=\"https:\/\/www.facebook.com\/bodegaslasorcas\/\" \/>\n<meta property=\"article:modified_time\" content=\"2024-11-13T08:04:10+00:00\" \/>\n<meta name=\"twitter:card\" content=\"summary_large_image\" \/>\n<meta name=\"twitter:label1\" content=\"Est. reading time\" \/>\n\t<meta name=\"twitter:data1\" content=\"7 minutes\" \/>\n<script type=\"application\/ld+json\" class=\"yoast-schema-graph\">{\"@context\":\"https:\\\/\\\/schema.org\",\"@graph\":[{\"@type\":\"WebPage\",\"@id\":\"https:\\\/\\\/lasorcas.com\\\/en\\\/privacy-policy\\\/\",\"url\":\"https:\\\/\\\/lasorcas.com\\\/en\\\/privacy-policy\\\/\",\"name\":\"PRIVACY POLICY - Bodegas Las Orcas\",\"isPartOf\":{\"@id\":\"https:\\\/\\\/lasorcas.com\\\/en\\\/#website\"},\"datePublished\":\"2020-12-30T12:57:06+00:00\",\"dateModified\":\"2024-11-13T08:04:10+00:00\",\"breadcrumb\":{\"@id\":\"https:\\\/\\\/lasorcas.com\\\/en\\\/privacy-policy\\\/#breadcrumb\"},\"inLanguage\":\"en-US\",\"potentialAction\":[{\"@type\":\"ReadAction\",\"target\":[\"https:\\\/\\\/lasorcas.com\\\/en\\\/privacy-policy\\\/\"]}]},{\"@type\":\"BreadcrumbList\",\"@id\":\"https:\\\/\\\/lasorcas.com\\\/en\\\/privacy-policy\\\/#breadcrumb\",\"itemListElement\":[{\"@type\":\"ListItem\",\"position\":1,\"name\":\"Portada\",\"item\":\"https:\\\/\\\/lasorcas.com\\\/en\\\/home\\\/\"},{\"@type\":\"ListItem\",\"position\":2,\"name\":\"PRIVACY POLICY\"}]},{\"@type\":\"WebSite\",\"@id\":\"https:\\\/\\\/lasorcas.com\\\/en\\\/#website\",\"url\":\"https:\\\/\\\/lasorcas.com\\\/en\\\/\",\"name\":\"Bodegas Las Orcas\",\"description\":\"Vinos con personalidad \u00fanica que combinan terru\u00f1o, tradici\u00f3n y modernidad. DESCUBRE LA ESENCIA DE RIOJA ALAVESA  \u00b7 FAMILY WINERY\",\"publisher\":{\"@id\":\"https:\\\/\\\/lasorcas.com\\\/en\\\/#organization\"},\"potentialAction\":[{\"@type\":\"SearchAction\",\"target\":{\"@type\":\"EntryPoint\",\"urlTemplate\":\"https:\\\/\\\/lasorcas.com\\\/en\\\/?s={search_term_string}\"},\"query-input\":{\"@type\":\"PropertyValueSpecification\",\"valueRequired\":true,\"valueName\":\"search_term_string\"}}],\"inLanguage\":\"en-US\"},{\"@type\":\"Organization\",\"@id\":\"https:\\\/\\\/lasorcas.com\\\/en\\\/#organization\",\"name\":\"Bodegas Las Orcas\",\"url\":\"https:\\\/\\\/lasorcas.com\\\/en\\\/\",\"logo\":{\"@type\":\"ImageObject\",\"inLanguage\":\"en-US\",\"@id\":\"https:\\\/\\\/lasorcas.com\\\/en\\\/#\\\/schema\\\/logo\\\/image\\\/\",\"url\":\"https:\\\/\\\/lasorcas.com\\\/wp-content\\\/uploads\\\/2020\\\/12\\\/logos-completo_black.bodegas_las_orcas-1.png\",\"contentUrl\":\"https:\\\/\\\/lasorcas.com\\\/wp-content\\\/uploads\\\/2020\\\/12\\\/logos-completo_black.bodegas_las_orcas-1.png\",\"width\":718,\"height\":364,\"caption\":\"Bodegas Las Orcas\"},\"image\":{\"@id\":\"https:\\\/\\\/lasorcas.com\\\/en\\\/#\\\/schema\\\/logo\\\/image\\\/\"},\"sameAs\":[\"https:\\\/\\\/www.facebook.com\\\/bodegaslasorcas\\\/\",\"https:\\\/\\\/www.instagram.com\\\/bodegaslasorcas\\\/\"]}]}<\/script>\n<!-- \/ Yoast SEO plugin. -->","yoast_head_json":{"title":"PRIVACY POLICY - Bodegas Las Orcas","robots":{"index":"index","follow":"follow","max-snippet":"max-snippet:-1","max-image-preview":"max-image-preview:large","max-video-preview":"max-video-preview:-1"},"canonical":"https:\/\/lasorcas.com\/en\/privacy-policy\/","og_locale":"en_US","og_type":"article","og_title":"PRIVACY POLICY - Bodegas Las Orcas","og_description":"TRATAMIENTOS DE DATOS PERSONALES A TRAV\u00c9S DE LA P\u00c1GINA WEB En cumplimiento de lo establecido en la normativa aplicable de Protecci\u00f3n de Datos, le informamos de que los datos que ser\u00e1n tratados como Responsable por BODEGAS LAS ORCAS, S.L., con la finalidad de prestarle el servicio que usted solicite a trav\u00e9s de nuestro formulario de&hellip;","og_url":"https:\/\/lasorcas.com\/en\/privacy-policy\/","og_site_name":"Bodegas Las Orcas","article_publisher":"https:\/\/www.facebook.com\/bodegaslasorcas\/","article_modified_time":"2024-11-13T08:04:10+00:00","twitter_card":"summary_large_image","twitter_misc":{"Est. reading time":"7 minutes"},"schema":{"@context":"https:\/\/schema.org","@graph":[{"@type":"WebPage","@id":"https:\/\/lasorcas.com\/en\/privacy-policy\/","url":"https:\/\/lasorcas.com\/en\/privacy-policy\/","name":"PRIVACY POLICY - Bodegas Las Orcas","isPartOf":{"@id":"https:\/\/lasorcas.com\/en\/#website"},"datePublished":"2020-12-30T12:57:06+00:00","dateModified":"2024-11-13T08:04:10+00:00","breadcrumb":{"@id":"https:\/\/lasorcas.com\/en\/privacy-policy\/#breadcrumb"},"inLanguage":"en-US","potentialAction":[{"@type":"ReadAction","target":["https:\/\/lasorcas.com\/en\/privacy-policy\/"]}]},{"@type":"BreadcrumbList","@id":"https:\/\/lasorcas.com\/en\/privacy-policy\/#breadcrumb","itemListElement":[{"@type":"ListItem","position":1,"name":"Portada","item":"https:\/\/lasorcas.com\/en\/home\/"},{"@type":"ListItem","position":2,"name":"PRIVACY POLICY"}]},{"@type":"WebSite","@id":"https:\/\/lasorcas.com\/en\/#website","url":"https:\/\/lasorcas.com\/en\/","name":"Bodegas Las Orcas","description":"Vinos con personalidad \u00fanica que combinan terru\u00f1o, tradici\u00f3n y modernidad. DESCUBRE LA ESENCIA DE RIOJA ALAVESA  \u00b7 FAMILY WINERY","publisher":{"@id":"https:\/\/lasorcas.com\/en\/#organization"},"potentialAction":[{"@type":"SearchAction","target":{"@type":"EntryPoint","urlTemplate":"https:\/\/lasorcas.com\/en\/?s={search_term_string}"},"query-input":{"@type":"PropertyValueSpecification","valueRequired":true,"valueName":"search_term_string"}}],"inLanguage":"en-US"},{"@type":"Organization","@id":"https:\/\/lasorcas.com\/en\/#organization","name":"Bodegas Las Orcas","url":"https:\/\/lasorcas.com\/en\/","logo":{"@type":"ImageObject","inLanguage":"en-US","@id":"https:\/\/lasorcas.com\/en\/#\/schema\/logo\/image\/","url":"https:\/\/lasorcas.com\/wp-content\/uploads\/2020\/12\/logos-completo_black.bodegas_las_orcas-1.png","contentUrl":"https:\/\/lasorcas.com\/wp-content\/uploads\/2020\/12\/logos-completo_black.bodegas_las_orcas-1.png","width":718,"height":364,"caption":"Bodegas Las Orcas"},"image":{"@id":"https:\/\/lasorcas.com\/en\/#\/schema\/logo\/image\/"},"sameAs":["https:\/\/www.facebook.com\/bodegaslasorcas\/","https:\/\/www.instagram.com\/bodegaslasorcas\/"]}]}},"_links":{"self":[{"href":"https:\/\/lasorcas.com\/en\/wp-json\/wp\/v2\/pages\/615","targetHints":{"allow":["GET"]}}],"collection":[{"href":"https:\/\/lasorcas.com\/en\/wp-json\/wp\/v2\/pages"}],"about":[{"href":"https:\/\/lasorcas.com\/en\/wp-json\/wp\/v2\/types\/page"}],"author":[{"embeddable":true,"href":"https:\/\/lasorcas.com\/en\/wp-json\/wp\/v2\/users\/1"}],"replies":[{"embeddable":true,"href":"https:\/\/lasorcas.com\/en\/wp-json\/wp\/v2\/comments?post=615"}],"version-history":[{"count":3,"href":"https:\/\/lasorcas.com\/en\/wp-json\/wp\/v2\/pages\/615\/revisions"}],"predecessor-version":[{"id":1319,"href":"https:\/\/lasorcas.com\/en\/wp-json\/wp\/v2\/pages\/615\/revisions\/1319"}],"wp:attachment":[{"href":"https:\/\/lasorcas.com\/en\/wp-json\/wp\/v2\/media?parent=615"}],"curies":[{"name":"wp","href":"https:\/\/api.w.org\/{rel}","templated":true}]}}