{"id":624,"date":"2021-01-04T16:22:22","date_gmt":"2021-01-04T16:22:22","guid":{"rendered":"https:\/\/lasorcas.com\/aviso-legal\/"},"modified":"2022-12-19T12:23:09","modified_gmt":"2022-12-19T11:23:09","slug":"legal","status":"publish","type":"page","link":"https:\/\/lasorcas.com\/en\/legal\/","title":{"rendered":"Legal"},"content":{"rendered":"\n<h2 class=\"wp-block-heading\">BODEGAS LAS ORCAS, S.L. <\/h2>\n\n\n\n<ul class=\"wp-block-list\">\n<li>CIF: B-01166081 <\/li>\n\n\n\n<li>Direcci\u00f3n: C\/ Sancho Abarca 10<\/li>\n\n\n\n<li>C.P.: 01300<\/li>\n\n\n\n<li>Localidad: Laguardia <\/li>\n\n\n\n<li>Provincia: \u00c1lava <\/li>\n\n\n\n<li>e-mail: lasorcas@lasorcas.com<\/li>\n\n\n\n<li>N\u00ba inscripci\u00f3n en el registro mercantil de \u00c1lava, Tomo 666 de Sociedades, Folio 83, Secci\u00f3n General, Hoja VI-3.974, Inscripci\u00f3n 19a<\/li>\n<\/ul>\n\n\n\n<h2 class=\"wp-block-heading\">TERMINOS GENERALES DE USO DE www.lasorcas.com <\/h2>\n\n\n\n<p>El acceso a los contenidos de las secciones de nuestra Web, se hara\u0301 de acuerdo a la poli\u0301tica que establezca la entidad. Asimismo BODEGAS LAS ORCAS, S.L. podra\u0301 modificar, en cualquier momento y sin previo aviso, la informacio\u0301n contenida en el sitio Web, por lo que la entidad no se responsabiliza de que esa informacio\u0301n este\u0301 actualizada. <\/p>\n\n\n\n<p>RESPONSABILIDAD DE BODEGAS LAS ORCAS, S.L. <\/p>\n\n\n\n<p>Tanto el acceso a esta Web como el uso que pueda hacerse de la informacio\u0301n contenida en el mismo es de la exclusiva responsabilidad de quien lo realiza. <\/p>\n\n\n\n<p>BODEGAS LAS ORCAS, S.L. no respondera\u0301 de ninguna consecuencia, dan\u0303o o perjuicio que pudieran derivarse de dicho acceso o uso de la informacio\u0301n. BODEGAS LAS ORCAS, S.L. no se hace responsable de los posibles errores de seguridad que se puedan producir ni de los posibles dan\u0303os que puedan causarse al sistema informa\u0301tico del usuario (hardware y software), los ficheros o documentos almacenados en el mismo, como consecuencia de la presencia de virus en el ordenador del usuario utilizado para la conexio\u0301n a los servicios y contenidos de la Web, de un mal funcionamiento del navegador o del uso de versiones no actualizadas del mismo. <\/p>\n\n\n\n<p>Por tanto El usuario acepta, de forma expresa y sin reservas, que el acceso y la utilizacio\u0301n del portal, se hace bajo su u\u0301nica y exclusiva responsabilidad. <\/p>\n\n\n\n<p>En virtud de la Ley 34\/2002 de 11 de julio de Servicios de la Sociedad de la Informacio\u0301n y Comercio Electro\u0301nico, para cualquier controversia que pudiera surgir sera\u0301 de aplicacio\u0301n la legislacio\u0301n espan\u0303ola. El usuario respondera\u0301, en cualquier caso, de la veracidad de los datos facilitados, reserva\u0301ndose BODEGAS LAS ORCAS, S.L. el derecho a excluir de los servicios registrados a todo usuario que haya facilitado datos falsos, sin prejuicio de las dema\u0301s acciones que procedan en Derecho. <\/p>\n\n\n\n<p>PROPIEDAD INTELECTUAL <\/p>\n\n\n\n<p>BODEGAS LAS ORCAS, S.L. es propietario y\/o licenciatario, de toda la informacio\u0301n contenida en este portal, de su disen\u0303o gra\u0301fico, ima\u0301genes, bases de datos, i\u0301ndices, co\u0301digos fuentes, marcas y logotipos, estando protegidos conforme a lo dispuesto en la Ley de Propiedad Intelectual, y, en la Ley de Marcas. <\/p>\n\n\n\n<p>Su puesta a disposicio\u0301n y uso, no supone, en ningu\u0301n caso, la cesio\u0301n de su titularidad o la concesio\u0301n de un derecho de uso a favor del Usuario, por lo que toda reproduccio\u0301n, copia, distribucio\u0301n total o parcial, o, comercializacio\u0301n, requerira\u0301 la autorizacio\u0301n previa y escrita de BODEGAS LAS ORCAS, S.L., reserva\u0301ndose la entidad, en caso de uso indebido del Website, el derecho a ejercitar cuantas acciones legales fueran precisas para la restitucio\u0301n de los dan\u0303os y perjuicios causados, asimismo el usuario se obliga a indemnizar a la entidad por cualquier dan\u0303o o perjuicio que pudiera ocasionar por el uso de esta Web, infringiendo estas condiciones generales y\/o la legalidad vigente. <\/p>\n\n\n\n<p>LINKS, BANNERS <\/p>\n\n\n\n<p>La inclusio\u0301n en el portal www.lasorcas.es de links o enlaces con otros portales, tiene una finalidad meramente informativa, y no supone que BODEGAS LAS ORCAS, S.L. recomiende y\/o garantice dichos portales, sobre los que no ejerce control alguno, ni es responsable del contenido de los mismos. <\/p>\n\n\n\n<hr class=\"wp-block-separator is-style-wide\" id=\"block-6c8be118-20c2-40e7-ab8c-b8cd346e0b01\"\/>\n\n\n\n<p id=\"block-7f46125c-0273-42b7-bdc4-31c5366eff94\">Puede descargar esta informaci\u00f3n legal correctamente descrita pulsando en los siguientes enlaces:<\/p>\n\n\n\n<div class=\"wp-block-file\"><a id=\"wp-block-file--media-455bb6c5-b5a9-4a2d-94d1-19d440b1c7ac\" href=\"https:\/\/lasorcas.com\/wp-content\/uploads\/2021\/01\/bodegas-las-orcas-avisolegal.pdf\">bodegas-las-orcas-avisolegal<\/a><a href=\"https:\/\/lasorcas.com\/wp-content\/uploads\/2021\/01\/bodegas-las-orcas-avisolegal.pdf\" class=\"wp-block-file__button wp-element-button\" download aria-describedby=\"wp-block-file--media-455bb6c5-b5a9-4a2d-94d1-19d440b1c7ac\">Descarga<\/a><\/div>\n\n\n\n<div class=\"wp-block-file\"><a id=\"wp-block-file--media-7191a183-1442-4d8a-ad37-639e9c5996f9\" href=\"https:\/\/lasorcas.com\/wp-content\/uploads\/2021\/01\/bodegas-las-orcas-legal.pdf\">bodegas-las-orcas-legal<\/a><a href=\"https:\/\/lasorcas.com\/wp-content\/uploads\/2021\/01\/bodegas-las-orcas-legal.pdf\" class=\"wp-block-file__button wp-element-button\" download aria-describedby=\"wp-block-file--media-7191a183-1442-4d8a-ad37-639e9c5996f9\">Descarga<\/a><\/div>\n","protected":false},"excerpt":{"rendered":"<p>BODEGAS LAS ORCAS, S.L. TERMINOS GENERALES DE USO DE www.lasorcas.com El acceso a los contenidos de las secciones de nuestra Web, se hara\u0301 de acuerdo a la poli\u0301tica que establezca la entidad. Asimismo BODEGAS LAS ORCAS, S.L. podra\u0301 modificar, en cualquier momento y sin previo aviso, la informacio\u0301n contenida en el sitio Web, por lo&hellip;<\/p>\n","protected":false},"author":1,"featured_media":0,"parent":0,"menu_order":0,"comment_status":"closed","ping_status":"closed","template":"page-templates\/page_plantilla_legal.php","meta":{"footnotes":""},"class_list":["post-624","page","type-page","status-publish","hentry"],"yoast_head":"<!-- This site is optimized with the Yoast SEO plugin v27.4 - https:\/\/yoast.com\/product\/yoast-seo-wordpress\/ -->\n<title>Legal - Bodegas Las Orcas<\/title>\n<meta name=\"robots\" content=\"index, follow, max-snippet:-1, max-image-preview:large, max-video-preview:-1\" \/>\n<link rel=\"canonical\" href=\"https:\/\/lasorcas.com\/en\/legal\/\" \/>\n<meta property=\"og:locale\" content=\"en_US\" \/>\n<meta property=\"og:type\" content=\"article\" \/>\n<meta property=\"og:title\" content=\"Legal - Bodegas Las Orcas\" \/>\n<meta property=\"og:description\" content=\"BODEGAS LAS ORCAS, S.L. TERMINOS GENERALES DE USO DE www.lasorcas.com El acceso a los contenidos de las secciones de nuestra Web, se hara\u0301 de acuerdo a la poli\u0301tica que establezca la entidad. Asimismo BODEGAS LAS ORCAS, S.L. podra\u0301 modificar, en cualquier momento y sin previo aviso, la informacio\u0301n contenida en el sitio Web, por lo&hellip;\" \/>\n<meta property=\"og:url\" content=\"https:\/\/lasorcas.com\/en\/legal\/\" \/>\n<meta property=\"og:site_name\" content=\"Bodegas Las Orcas\" \/>\n<meta property=\"article:publisher\" content=\"https:\/\/www.facebook.com\/bodegaslasorcas\/\" \/>\n<meta property=\"article:modified_time\" content=\"2022-12-19T11:23:09+00:00\" \/>\n<meta name=\"twitter:card\" content=\"summary_large_image\" \/>\n<meta name=\"twitter:label1\" content=\"Est. reading time\" \/>\n\t<meta name=\"twitter:data1\" content=\"3 minutes\" \/>\n<script type=\"application\/ld+json\" class=\"yoast-schema-graph\">{\"@context\":\"https:\\\/\\\/schema.org\",\"@graph\":[{\"@type\":\"WebPage\",\"@id\":\"https:\\\/\\\/lasorcas.com\\\/en\\\/legal\\\/\",\"url\":\"https:\\\/\\\/lasorcas.com\\\/en\\\/legal\\\/\",\"name\":\"Legal - Bodegas Las Orcas\",\"isPartOf\":{\"@id\":\"https:\\\/\\\/lasorcas.com\\\/en\\\/#website\"},\"datePublished\":\"2021-01-04T16:22:22+00:00\",\"dateModified\":\"2022-12-19T11:23:09+00:00\",\"breadcrumb\":{\"@id\":\"https:\\\/\\\/lasorcas.com\\\/en\\\/legal\\\/#breadcrumb\"},\"inLanguage\":\"en-US\",\"potentialAction\":[{\"@type\":\"ReadAction\",\"target\":[\"https:\\\/\\\/lasorcas.com\\\/en\\\/legal\\\/\"]}]},{\"@type\":\"BreadcrumbList\",\"@id\":\"https:\\\/\\\/lasorcas.com\\\/en\\\/legal\\\/#breadcrumb\",\"itemListElement\":[{\"@type\":\"ListItem\",\"position\":1,\"name\":\"Portada\",\"item\":\"https:\\\/\\\/lasorcas.com\\\/en\\\/home\\\/\"},{\"@type\":\"ListItem\",\"position\":2,\"name\":\"Legal\"}]},{\"@type\":\"WebSite\",\"@id\":\"https:\\\/\\\/lasorcas.com\\\/en\\\/#website\",\"url\":\"https:\\\/\\\/lasorcas.com\\\/en\\\/\",\"name\":\"Bodegas Las Orcas\",\"description\":\"Vinos con personalidad \u00fanica que combinan terru\u00f1o, tradici\u00f3n y modernidad. DESCUBRE LA ESENCIA DE RIOJA ALAVESA  \u00b7 FAMILY WINERY\",\"publisher\":{\"@id\":\"https:\\\/\\\/lasorcas.com\\\/en\\\/#organization\"},\"potentialAction\":[{\"@type\":\"SearchAction\",\"target\":{\"@type\":\"EntryPoint\",\"urlTemplate\":\"https:\\\/\\\/lasorcas.com\\\/en\\\/?s={search_term_string}\"},\"query-input\":{\"@type\":\"PropertyValueSpecification\",\"valueRequired\":true,\"valueName\":\"search_term_string\"}}],\"inLanguage\":\"en-US\"},{\"@type\":\"Organization\",\"@id\":\"https:\\\/\\\/lasorcas.com\\\/en\\\/#organization\",\"name\":\"Bodegas Las Orcas\",\"url\":\"https:\\\/\\\/lasorcas.com\\\/en\\\/\",\"logo\":{\"@type\":\"ImageObject\",\"inLanguage\":\"en-US\",\"@id\":\"https:\\\/\\\/lasorcas.com\\\/en\\\/#\\\/schema\\\/logo\\\/image\\\/\",\"url\":\"https:\\\/\\\/lasorcas.com\\\/wp-content\\\/uploads\\\/2020\\\/12\\\/logos-completo_black.bodegas_las_orcas-1.png\",\"contentUrl\":\"https:\\\/\\\/lasorcas.com\\\/wp-content\\\/uploads\\\/2020\\\/12\\\/logos-completo_black.bodegas_las_orcas-1.png\",\"width\":718,\"height\":364,\"caption\":\"Bodegas Las Orcas\"},\"image\":{\"@id\":\"https:\\\/\\\/lasorcas.com\\\/en\\\/#\\\/schema\\\/logo\\\/image\\\/\"},\"sameAs\":[\"https:\\\/\\\/www.facebook.com\\\/bodegaslasorcas\\\/\",\"https:\\\/\\\/www.instagram.com\\\/bodegaslasorcas\\\/\"]}]}<\/script>\n<!-- \/ Yoast SEO plugin. -->","yoast_head_json":{"title":"Legal - Bodegas Las Orcas","robots":{"index":"index","follow":"follow","max-snippet":"max-snippet:-1","max-image-preview":"max-image-preview:large","max-video-preview":"max-video-preview:-1"},"canonical":"https:\/\/lasorcas.com\/en\/legal\/","og_locale":"en_US","og_type":"article","og_title":"Legal - Bodegas Las Orcas","og_description":"BODEGAS LAS ORCAS, S.L. TERMINOS GENERALES DE USO DE www.lasorcas.com El acceso a los contenidos de las secciones de nuestra Web, se hara\u0301 de acuerdo a la poli\u0301tica que establezca la entidad. Asimismo BODEGAS LAS ORCAS, S.L. podra\u0301 modificar, en cualquier momento y sin previo aviso, la informacio\u0301n contenida en el sitio Web, por lo&hellip;","og_url":"https:\/\/lasorcas.com\/en\/legal\/","og_site_name":"Bodegas Las Orcas","article_publisher":"https:\/\/www.facebook.com\/bodegaslasorcas\/","article_modified_time":"2022-12-19T11:23:09+00:00","twitter_card":"summary_large_image","twitter_misc":{"Est. reading time":"3 minutes"},"schema":{"@context":"https:\/\/schema.org","@graph":[{"@type":"WebPage","@id":"https:\/\/lasorcas.com\/en\/legal\/","url":"https:\/\/lasorcas.com\/en\/legal\/","name":"Legal - Bodegas Las Orcas","isPartOf":{"@id":"https:\/\/lasorcas.com\/en\/#website"},"datePublished":"2021-01-04T16:22:22+00:00","dateModified":"2022-12-19T11:23:09+00:00","breadcrumb":{"@id":"https:\/\/lasorcas.com\/en\/legal\/#breadcrumb"},"inLanguage":"en-US","potentialAction":[{"@type":"ReadAction","target":["https:\/\/lasorcas.com\/en\/legal\/"]}]},{"@type":"BreadcrumbList","@id":"https:\/\/lasorcas.com\/en\/legal\/#breadcrumb","itemListElement":[{"@type":"ListItem","position":1,"name":"Portada","item":"https:\/\/lasorcas.com\/en\/home\/"},{"@type":"ListItem","position":2,"name":"Legal"}]},{"@type":"WebSite","@id":"https:\/\/lasorcas.com\/en\/#website","url":"https:\/\/lasorcas.com\/en\/","name":"Bodegas Las Orcas","description":"Vinos con personalidad \u00fanica que combinan terru\u00f1o, tradici\u00f3n y modernidad. DESCUBRE LA ESENCIA DE RIOJA ALAVESA  \u00b7 FAMILY WINERY","publisher":{"@id":"https:\/\/lasorcas.com\/en\/#organization"},"potentialAction":[{"@type":"SearchAction","target":{"@type":"EntryPoint","urlTemplate":"https:\/\/lasorcas.com\/en\/?s={search_term_string}"},"query-input":{"@type":"PropertyValueSpecification","valueRequired":true,"valueName":"search_term_string"}}],"inLanguage":"en-US"},{"@type":"Organization","@id":"https:\/\/lasorcas.com\/en\/#organization","name":"Bodegas Las Orcas","url":"https:\/\/lasorcas.com\/en\/","logo":{"@type":"ImageObject","inLanguage":"en-US","@id":"https:\/\/lasorcas.com\/en\/#\/schema\/logo\/image\/","url":"https:\/\/lasorcas.com\/wp-content\/uploads\/2020\/12\/logos-completo_black.bodegas_las_orcas-1.png","contentUrl":"https:\/\/lasorcas.com\/wp-content\/uploads\/2020\/12\/logos-completo_black.bodegas_las_orcas-1.png","width":718,"height":364,"caption":"Bodegas Las Orcas"},"image":{"@id":"https:\/\/lasorcas.com\/en\/#\/schema\/logo\/image\/"},"sameAs":["https:\/\/www.facebook.com\/bodegaslasorcas\/","https:\/\/www.instagram.com\/bodegaslasorcas\/"]}]}},"_links":{"self":[{"href":"https:\/\/lasorcas.com\/en\/wp-json\/wp\/v2\/pages\/624","targetHints":{"allow":["GET"]}}],"collection":[{"href":"https:\/\/lasorcas.com\/en\/wp-json\/wp\/v2\/pages"}],"about":[{"href":"https:\/\/lasorcas.com\/en\/wp-json\/wp\/v2\/types\/page"}],"author":[{"embeddable":true,"href":"https:\/\/lasorcas.com\/en\/wp-json\/wp\/v2\/users\/1"}],"replies":[{"embeddable":true,"href":"https:\/\/lasorcas.com\/en\/wp-json\/wp\/v2\/comments?post=624"}],"version-history":[{"count":2,"href":"https:\/\/lasorcas.com\/en\/wp-json\/wp\/v2\/pages\/624\/revisions"}],"predecessor-version":[{"id":1060,"href":"https:\/\/lasorcas.com\/en\/wp-json\/wp\/v2\/pages\/624\/revisions\/1060"}],"wp:attachment":[{"href":"https:\/\/lasorcas.com\/en\/wp-json\/wp\/v2\/media?parent=624"}],"curies":[{"name":"wp","href":"https:\/\/api.w.org\/{rel}","templated":true}]}}