{"id":650,"date":"2020-12-31T18:21:08","date_gmt":"2020-12-31T18:21:08","guid":{"rendered":"https:\/\/lasorcas.com\/terminos-y-condiciones-de-venta\/"},"modified":"2022-12-19T12:24:18","modified_gmt":"2022-12-19T11:24:18","slug":"terms-and-conditions-of-sale","status":"publish","type":"page","link":"https:\/\/lasorcas.com\/en\/terms-and-conditions-of-sale\/","title":{"rendered":"Terms and conditions of sale"},"content":{"rendered":"\n<p><strong>Datos del vendedor<\/strong><\/p>\n\n\n\n<p>BODEGAS LAS ORCAS, S.L. <\/p>\n\n\n\n<ul class=\"wp-block-list\">\n<li>CIF: B-01166081 <\/li>\n\n\n\n<li>Direcci\u00f3n: C\/ Sancho Abarca, 10<\/li>\n\n\n\n<li>C.P: 01300 <\/li>\n\n\n\n<li>Localidad: Laguardia <\/li>\n\n\n\n<li>Provincia: \u00c1lava <\/li>\n\n\n\n<li>e-mail: lasorcas@lasorcas.com<\/li>\n\n\n\n<li>N\u00ba inscripci\u00f3n en el registro mercantil de \u00c1lava, Tomo 666 de Sociedades, Folio 83, Secci\u00f3n General, Hoja VI-3.974, Inscripci\u00f3n 19a<\/li>\n<\/ul>\n\n\n\n<p><strong>Condiciones de venta<\/strong><\/p>\n\n\n\n<p>Las siguientes condiciones ser\u00e1n aplicadas a las ventas realizadas en https:\/\/bodegaslasorcas.com. La realizaci\u00f3n de un pedido supone que el cliente ha le\u00eddo y aceptado las siguientes condiciones de venta.<\/p>\n\n\n\n<p>Los pedidos se realizar\u00e1n a trav\u00e9s de la secci\u00f3n Tienda de la web donde los usuarios podr\u00e1n seleccionar diferentes productos para despu\u00e9s proceder al pago y posteriormente poder recibirlos en el destino especificado por el cliente. Todo el proceso se realiza en el idioma espa\u00f1ol.<\/p>\n\n\n\n<p><strong>Productos y precios<\/strong><\/p>\n\n\n\n<p>Los productos presentes en https:\/\/bodegaslasorcas.com se muestran siempre con IVA incluido. Los precios pueden variar sin previo aviso y en cualquier momento. En caso de que existiera alg\u00fan tipo de error en el precio o fuera modificado se informar\u00e1 debidamente al cliente.<\/p>\n\n\n\n<p><strong>Formas de pago<\/strong><\/p>\n\n\n\n<p>Las formas de pago disponibles en https:\/\/bodegaslasorcas.com son:<\/p>\n\n\n\n<ul class=\"wp-block-list\">\n<li>Tarjeta de cr\u00e9dito<\/li>\n\n\n\n<li>PayPal<\/li>\n\n\n\n<li>Transferencia bancaria<\/li>\n<\/ul>\n\n\n\n<p>Los pagos se cobrar\u00e1n al realizar el pedido o se presentar\u00e1 una cuenta bancaria para poder hacer un ingreso. Los productos no ser\u00e1n enviados hasta que no se haya comprobado que el pago se ha realizado correctamente.<\/p>\n\n\n\n<p><strong>Gastos de env\u00edo<\/strong><\/p>\n\n\n\n<p>Todos los precios y ofertas mostrados en https:\/\/bodegaslasorcas.com se refieren a env\u00edos peninsulares del territorio espa\u00f1ol. Otros destinos como Baleares, Canarias, Ceuta, Melilla y env\u00edos al extranjero tienen precios diferentes (a consultar).<\/p>\n\n\n\n<p>Los env\u00edos se realizar\u00e1n por servicios de transporte certificado en un plazo de 24-72 horas aproximadamente. Los gastos de env\u00edo est\u00e1n incluidos en los precios. Para pedidos a partir de 150\u20ac se aplicara un descuento del 10%.<strong><\/strong><\/p>\n\n\n\n<p><strong>Pol\u00edtica de devoluciones<\/strong><\/p>\n\n\n\n<p>Ejerciendo su derecho de desistimiento, el cliente cuenta con 14 d\u00edas naturales desde que se realiz\u00f3 la compra para devolver el producto adquirido siempre y cuando \u00e9ste no haya sido abierto, en cuyo caso este derecho queda anulado como se lista en el art\u00edculo 103 del TRLGDCU, apartado \u201ce\u201d aplicado al suministro de bienes precintados que no sean aptos para ser devueltos por razones de protecci\u00f3n de la salud o de higiene y que hayan sido desprecintados tras la entrega.<\/p>\n\n\n\n<p>Si se solicita una devoluci\u00f3n, deber\u00e1 devolver los productos, siendo el cliente quien corra al cargo de los gastos de devoluci\u00f3n. Una vez se compruebe el correcto estado del producto, se proceder\u00e1 al pago \u00edntegro del importe del pedido.<\/p>\n\n\n\n<p>En caso de que el motivo de devoluci\u00f3n sea un error por parte de Bodegas Las Orcas, S.L., ser\u00e1 la bodega quien pague los gastos de env\u00edo para su devoluci\u00f3n. &nbsp;<\/p>\n\n\n\n<p>Para cualquier duda contacte con nosotros en la direcci\u00f3n lasorcas@lasorcas.com.<\/p>\n\n\n\n<p><strong>Aviso sobre el consumo de alcohol<\/strong><\/p>\n\n\n\n<p>El cat\u00e1logo de Bodegas Las Orcas se compone por vinos dirigidos a un p\u00fablico en edad legal para beber alcohol.<\/p>\n\n\n\n<p>Bodegas Las Orcas, S.L. recomienda un consumo moderado de bebidas alcoh\u00f3licas.<\/p>\n\n\n\n<p>Esta web est\u00e1 reservada exclusivamente para personas mayores de edad, dado que la actual legislaci\u00f3n proh\u00edbe anunciar, vender, consumir y proveer alcohol a menores de 18 a\u00f1os. Sin embargo, la compa\u00f1\u00eda no verificar\u00e1 la fiabilidad de la informaci\u00f3n provista, ni tendr\u00e1 responsabilidad sobre aquellos menores que entren esta p\u00e1gina rompiendo esta condici\u00f3n de acceso, ya que la plena responsabilidad en la determinaci\u00f3n de los contenidos y servicios espec\u00edficos a los que acceden los menores de edad corresponde exclusivamente a las personas mayores de edad que est\u00e1n a cargo de los mismos.<\/p>\n\n\n\n<p>Al hacer un pedido en la web el usuario confirma tener m\u00e1s de 18 a\u00f1os o edad legal para consumir bebidas alcoh\u00f3licas.<\/p>\n\n\n\n<p><\/p>\n","protected":false},"excerpt":{"rendered":"<p>Datos del vendedor BODEGAS LAS ORCAS, S.L. Condiciones de venta Las siguientes condiciones ser\u00e1n aplicadas a las ventas realizadas en https:\/\/bodegaslasorcas.com. La realizaci\u00f3n de un pedido supone que el cliente ha le\u00eddo y aceptado las siguientes condiciones de venta. Los pedidos se realizar\u00e1n a trav\u00e9s de la secci\u00f3n Tienda de la web donde los usuarios&hellip;<\/p>\n","protected":false},"author":1,"featured_media":0,"parent":0,"menu_order":0,"comment_status":"closed","ping_status":"closed","template":"page-templates\/page_plantilla_legal.php","meta":{"footnotes":""},"class_list":["post-650","page","type-page","status-publish","hentry"],"yoast_head":"<!-- This site is optimized with the Yoast SEO plugin v27.4 - https:\/\/yoast.com\/product\/yoast-seo-wordpress\/ -->\n<title>Terms and conditions of sale - Bodegas Las Orcas<\/title>\n<meta name=\"robots\" content=\"index, follow, max-snippet:-1, max-image-preview:large, max-video-preview:-1\" \/>\n<link rel=\"canonical\" href=\"https:\/\/lasorcas.com\/en\/terms-and-conditions-of-sale\/\" \/>\n<meta property=\"og:locale\" content=\"en_US\" \/>\n<meta property=\"og:type\" content=\"article\" \/>\n<meta property=\"og:title\" content=\"Terms and conditions of sale - Bodegas Las Orcas\" \/>\n<meta property=\"og:description\" content=\"Datos del vendedor BODEGAS LAS ORCAS, S.L. Condiciones de venta Las siguientes condiciones ser\u00e1n aplicadas a las ventas realizadas en https:\/\/bodegaslasorcas.com. La realizaci\u00f3n de un pedido supone que el cliente ha le\u00eddo y aceptado las siguientes condiciones de venta. Los pedidos se realizar\u00e1n a trav\u00e9s de la secci\u00f3n Tienda de la web donde los usuarios&hellip;\" \/>\n<meta property=\"og:url\" content=\"https:\/\/lasorcas.com\/en\/terms-and-conditions-of-sale\/\" \/>\n<meta property=\"og:site_name\" content=\"Bodegas Las Orcas\" \/>\n<meta property=\"article:publisher\" content=\"https:\/\/www.facebook.com\/bodegaslasorcas\/\" \/>\n<meta property=\"article:modified_time\" content=\"2022-12-19T11:24:18+00:00\" \/>\n<meta name=\"twitter:card\" content=\"summary_large_image\" \/>\n<meta name=\"twitter:label1\" content=\"Est. reading time\" \/>\n\t<meta name=\"twitter:data1\" content=\"3 minutes\" \/>\n<script type=\"application\/ld+json\" class=\"yoast-schema-graph\">{\"@context\":\"https:\\\/\\\/schema.org\",\"@graph\":[{\"@type\":\"WebPage\",\"@id\":\"https:\\\/\\\/lasorcas.com\\\/en\\\/terms-and-conditions-of-sale\\\/\",\"url\":\"https:\\\/\\\/lasorcas.com\\\/en\\\/terms-and-conditions-of-sale\\\/\",\"name\":\"Terms and conditions of sale - Bodegas Las Orcas\",\"isPartOf\":{\"@id\":\"https:\\\/\\\/lasorcas.com\\\/en\\\/#website\"},\"datePublished\":\"2020-12-31T18:21:08+00:00\",\"dateModified\":\"2022-12-19T11:24:18+00:00\",\"breadcrumb\":{\"@id\":\"https:\\\/\\\/lasorcas.com\\\/en\\\/terms-and-conditions-of-sale\\\/#breadcrumb\"},\"inLanguage\":\"en-US\",\"potentialAction\":[{\"@type\":\"ReadAction\",\"target\":[\"https:\\\/\\\/lasorcas.com\\\/en\\\/terms-and-conditions-of-sale\\\/\"]}]},{\"@type\":\"BreadcrumbList\",\"@id\":\"https:\\\/\\\/lasorcas.com\\\/en\\\/terms-and-conditions-of-sale\\\/#breadcrumb\",\"itemListElement\":[{\"@type\":\"ListItem\",\"position\":1,\"name\":\"Portada\",\"item\":\"https:\\\/\\\/lasorcas.com\\\/en\\\/home\\\/\"},{\"@type\":\"ListItem\",\"position\":2,\"name\":\"Terms and conditions of sale\"}]},{\"@type\":\"WebSite\",\"@id\":\"https:\\\/\\\/lasorcas.com\\\/en\\\/#website\",\"url\":\"https:\\\/\\\/lasorcas.com\\\/en\\\/\",\"name\":\"Bodegas Las Orcas\",\"description\":\"Vinos con personalidad \u00fanica que combinan terru\u00f1o, tradici\u00f3n y modernidad. DESCUBRE LA ESENCIA DE RIOJA ALAVESA  \u00b7 FAMILY WINERY\",\"publisher\":{\"@id\":\"https:\\\/\\\/lasorcas.com\\\/en\\\/#organization\"},\"potentialAction\":[{\"@type\":\"SearchAction\",\"target\":{\"@type\":\"EntryPoint\",\"urlTemplate\":\"https:\\\/\\\/lasorcas.com\\\/en\\\/?s={search_term_string}\"},\"query-input\":{\"@type\":\"PropertyValueSpecification\",\"valueRequired\":true,\"valueName\":\"search_term_string\"}}],\"inLanguage\":\"en-US\"},{\"@type\":\"Organization\",\"@id\":\"https:\\\/\\\/lasorcas.com\\\/en\\\/#organization\",\"name\":\"Bodegas Las Orcas\",\"url\":\"https:\\\/\\\/lasorcas.com\\\/en\\\/\",\"logo\":{\"@type\":\"ImageObject\",\"inLanguage\":\"en-US\",\"@id\":\"https:\\\/\\\/lasorcas.com\\\/en\\\/#\\\/schema\\\/logo\\\/image\\\/\",\"url\":\"https:\\\/\\\/lasorcas.com\\\/wp-content\\\/uploads\\\/2020\\\/12\\\/logos-completo_black.bodegas_las_orcas-1.png\",\"contentUrl\":\"https:\\\/\\\/lasorcas.com\\\/wp-content\\\/uploads\\\/2020\\\/12\\\/logos-completo_black.bodegas_las_orcas-1.png\",\"width\":718,\"height\":364,\"caption\":\"Bodegas Las Orcas\"},\"image\":{\"@id\":\"https:\\\/\\\/lasorcas.com\\\/en\\\/#\\\/schema\\\/logo\\\/image\\\/\"},\"sameAs\":[\"https:\\\/\\\/www.facebook.com\\\/bodegaslasorcas\\\/\",\"https:\\\/\\\/www.instagram.com\\\/bodegaslasorcas\\\/\"]}]}<\/script>\n<!-- \/ Yoast SEO plugin. -->","yoast_head_json":{"title":"Terms and conditions of sale - Bodegas Las Orcas","robots":{"index":"index","follow":"follow","max-snippet":"max-snippet:-1","max-image-preview":"max-image-preview:large","max-video-preview":"max-video-preview:-1"},"canonical":"https:\/\/lasorcas.com\/en\/terms-and-conditions-of-sale\/","og_locale":"en_US","og_type":"article","og_title":"Terms and conditions of sale - Bodegas Las Orcas","og_description":"Datos del vendedor BODEGAS LAS ORCAS, S.L. Condiciones de venta Las siguientes condiciones ser\u00e1n aplicadas a las ventas realizadas en https:\/\/bodegaslasorcas.com. La realizaci\u00f3n de un pedido supone que el cliente ha le\u00eddo y aceptado las siguientes condiciones de venta. Los pedidos se realizar\u00e1n a trav\u00e9s de la secci\u00f3n Tienda de la web donde los usuarios&hellip;","og_url":"https:\/\/lasorcas.com\/en\/terms-and-conditions-of-sale\/","og_site_name":"Bodegas Las Orcas","article_publisher":"https:\/\/www.facebook.com\/bodegaslasorcas\/","article_modified_time":"2022-12-19T11:24:18+00:00","twitter_card":"summary_large_image","twitter_misc":{"Est. reading time":"3 minutes"},"schema":{"@context":"https:\/\/schema.org","@graph":[{"@type":"WebPage","@id":"https:\/\/lasorcas.com\/en\/terms-and-conditions-of-sale\/","url":"https:\/\/lasorcas.com\/en\/terms-and-conditions-of-sale\/","name":"Terms and conditions of sale - Bodegas Las Orcas","isPartOf":{"@id":"https:\/\/lasorcas.com\/en\/#website"},"datePublished":"2020-12-31T18:21:08+00:00","dateModified":"2022-12-19T11:24:18+00:00","breadcrumb":{"@id":"https:\/\/lasorcas.com\/en\/terms-and-conditions-of-sale\/#breadcrumb"},"inLanguage":"en-US","potentialAction":[{"@type":"ReadAction","target":["https:\/\/lasorcas.com\/en\/terms-and-conditions-of-sale\/"]}]},{"@type":"BreadcrumbList","@id":"https:\/\/lasorcas.com\/en\/terms-and-conditions-of-sale\/#breadcrumb","itemListElement":[{"@type":"ListItem","position":1,"name":"Portada","item":"https:\/\/lasorcas.com\/en\/home\/"},{"@type":"ListItem","position":2,"name":"Terms and conditions of sale"}]},{"@type":"WebSite","@id":"https:\/\/lasorcas.com\/en\/#website","url":"https:\/\/lasorcas.com\/en\/","name":"Bodegas Las Orcas","description":"Vinos con personalidad \u00fanica que combinan terru\u00f1o, tradici\u00f3n y modernidad. DESCUBRE LA ESENCIA DE RIOJA ALAVESA  \u00b7 FAMILY WINERY","publisher":{"@id":"https:\/\/lasorcas.com\/en\/#organization"},"potentialAction":[{"@type":"SearchAction","target":{"@type":"EntryPoint","urlTemplate":"https:\/\/lasorcas.com\/en\/?s={search_term_string}"},"query-input":{"@type":"PropertyValueSpecification","valueRequired":true,"valueName":"search_term_string"}}],"inLanguage":"en-US"},{"@type":"Organization","@id":"https:\/\/lasorcas.com\/en\/#organization","name":"Bodegas Las Orcas","url":"https:\/\/lasorcas.com\/en\/","logo":{"@type":"ImageObject","inLanguage":"en-US","@id":"https:\/\/lasorcas.com\/en\/#\/schema\/logo\/image\/","url":"https:\/\/lasorcas.com\/wp-content\/uploads\/2020\/12\/logos-completo_black.bodegas_las_orcas-1.png","contentUrl":"https:\/\/lasorcas.com\/wp-content\/uploads\/2020\/12\/logos-completo_black.bodegas_las_orcas-1.png","width":718,"height":364,"caption":"Bodegas Las Orcas"},"image":{"@id":"https:\/\/lasorcas.com\/en\/#\/schema\/logo\/image\/"},"sameAs":["https:\/\/www.facebook.com\/bodegaslasorcas\/","https:\/\/www.instagram.com\/bodegaslasorcas\/"]}]}},"_links":{"self":[{"href":"https:\/\/lasorcas.com\/en\/wp-json\/wp\/v2\/pages\/650","targetHints":{"allow":["GET"]}}],"collection":[{"href":"https:\/\/lasorcas.com\/en\/wp-json\/wp\/v2\/pages"}],"about":[{"href":"https:\/\/lasorcas.com\/en\/wp-json\/wp\/v2\/types\/page"}],"author":[{"embeddable":true,"href":"https:\/\/lasorcas.com\/en\/wp-json\/wp\/v2\/users\/1"}],"replies":[{"embeddable":true,"href":"https:\/\/lasorcas.com\/en\/wp-json\/wp\/v2\/comments?post=650"}],"version-history":[{"count":2,"href":"https:\/\/lasorcas.com\/en\/wp-json\/wp\/v2\/pages\/650\/revisions"}],"predecessor-version":[{"id":1062,"href":"https:\/\/lasorcas.com\/en\/wp-json\/wp\/v2\/pages\/650\/revisions\/1062"}],"wp:attachment":[{"href":"https:\/\/lasorcas.com\/en\/wp-json\/wp\/v2\/media?parent=650"}],"curies":[{"name":"wp","href":"https:\/\/api.w.org\/{rel}","templated":true}]}}