{"id":656,"date":"2021-01-02T22:36:35","date_gmt":"2021-01-02T22:36:35","guid":{"rendered":"https:\/\/lasorcas.com\/vinos\/solar-de-randez-rose\/"},"modified":"2025-04-22T12:29:42","modified_gmt":"2025-04-22T11:29:42","slug":"solar-de-randez-rose","status":"publish","type":"product","link":"https:\/\/lasorcas.com\/en\/wines\/solar-de-randez-rose\/","title":{"rendered":"SOLAR DE RANDEZ Ros\u00e9"},"content":{"rendered":"<h2>YEAR<\/h2>\n<p><strong>2024<\/strong><\/p>\n<h2>VARIETY<\/h2>\n<p>70% Viura and 30% Tempranillo<\/p>\n<h2>VINEYARD<\/h2>\n<p><strong>Los Monjes, Poyoto and Valderrom\u00e1n<\/strong><\/p>\n<ul>\n<li>Village: Laguardia<\/li>\n<li>Year of plantation: 1965; 1953; 1950<\/li>\n<li>Altitude: 465 m; 565 m; 523 m<\/li>\n<li>Exposure: South-East; West; South-East<\/li>\n<li>Soil: Silty clay with limestone<\/li>\n<\/ul>\n<h2>AGEING SYSTEM<\/h2>\n<p>Vessel &#8211; Bottle<\/p>\n<h2>ELABORATION<\/h2>\n<p>We combine the two varieties in a stainless steel tank. After a light maceration at low temperature, we press the grapes and the must is racked into another tank. In order to obtain a clean must, we cold rack it, and later, under controlled conditions, we proceed to fermentation. The evolution of the fermentation process takes place between 15\u00ba C and 18\u00ba C, Then, we age it for 1 month on its fine lees to gain complexity and structure.<\/p>\n<h2>TASTING NOTES<\/h2>\n<ul>\n<li>Visual phase: Pale pink in color, clean and bright.<\/li>\n<li>Bouquet: Containing aromas of raspberry, cherry and watermelon, all mixed in a sweet and refreshing explosion.<\/li>\n<li>Taste: In mouth, this wine is soft on entrance with volume and critic sensations. Smoothness and unctuosity coupled with red berries. Strong presence in mouth with a cool refreshing finish.<\/li>\n<\/ul>\n<h2>ANALYTICAL DATA<\/h2>\n<p>Alcohol content: 13.0 %<br \/>\n<a class=\"descarga_ficha\" href=\"https:\/\/lasorcas.com\/wp-content\/uploads\/2025\/04\/SOLAR-DE-RANDEZ-ROSE-ENG-1.pdf\" target=\"_blank\" rel=\"noopener\"> Download tasting notes<\/a><\/p>\n","protected":false},"excerpt":{"rendered":"<p>YEAR 2024 VARIETY 70% Viura and 30% Tempranillo VINEYARD Los Monjes, Poyoto and Valderrom\u00e1n Village: Laguardia Year of plantation: 1965; 1953; 1950 Altitude: 465 m; 565 m; 523 m Exposure: South-East; West; South-East Soil: Silty clay with limestone AGEING SYSTEM Vessel &#8211; Bottle ELABORATION We combine the two varieties in a stainless steel tank. After&hellip;<\/p>\n","protected":false},"featured_media":508,"template":"","meta":[],"product_brand":[],"product_cat":[47],"product_tag":[45],"class_list":{"0":"post-656","1":"product","2":"type-product","3":"status-publish","4":"has-post-thumbnail","6":"product_cat-solar-de-randez-en","7":"product_tag-rose","9":"first","10":"instock","11":"taxable","12":"shipping-taxable","13":"purchasable","14":"product-type-variable"},"yoast_head":"<!-- This site is optimized with the Yoast SEO plugin v27.4 - https:\/\/yoast.com\/product\/yoast-seo-wordpress\/ -->\n<title>SOLAR DE RANDEZ Ros\u00e9 - Bodegas Las Orcas<\/title>\n<meta name=\"robots\" content=\"index, follow, max-snippet:-1, max-image-preview:large, max-video-preview:-1\" \/>\n<link rel=\"canonical\" href=\"https:\/\/lasorcas.com\/en\/wines\/solar-de-randez-rose\/\" \/>\n<meta property=\"og:locale\" content=\"en_US\" \/>\n<meta property=\"og:type\" content=\"article\" \/>\n<meta property=\"og:title\" content=\"SOLAR DE RANDEZ Ros\u00e9 - Bodegas Las Orcas\" \/>\n<meta property=\"og:description\" content=\"YEAR 2024 VARIETY 70% Viura and 30% Tempranillo VINEYARD Los Monjes, Poyoto and Valderrom\u00e1n Village: Laguardia Year of plantation: 1965; 1953; 1950 Altitude: 465 m; 565 m; 523 m Exposure: South-East; West; South-East Soil: Silty clay with limestone AGEING SYSTEM Vessel &#8211; Bottle ELABORATION We combine the two varieties in a stainless steel tank. After&hellip;\" \/>\n<meta property=\"og:url\" content=\"https:\/\/lasorcas.com\/en\/wines\/solar-de-randez-rose\/\" \/>\n<meta property=\"og:site_name\" content=\"Bodegas Las Orcas\" \/>\n<meta property=\"article:publisher\" content=\"https:\/\/www.facebook.com\/bodegaslasorcas\/\" \/>\n<meta property=\"article:modified_time\" content=\"2025-04-22T11:29:42+00:00\" \/>\n<meta property=\"og:image\" content=\"https:\/\/lasorcas.com\/wp-content\/uploads\/2021\/01\/vinos-SOLAR_DE_RANDEZ-rosado.bodegas_las_orcas-1.jpg\" \/>\n\t<meta property=\"og:image:width\" content=\"294\" \/>\n\t<meta property=\"og:image:height\" content=\"1000\" \/>\n\t<meta property=\"og:image:type\" content=\"image\/jpeg\" \/>\n<meta name=\"twitter:card\" content=\"summary_large_image\" \/>\n<meta name=\"twitter:label1\" content=\"Est. reading time\" \/>\n\t<meta name=\"twitter:data1\" content=\"2 minutes\" \/>\n<script type=\"application\/ld+json\" class=\"yoast-schema-graph\">{\"@context\":\"https:\\\/\\\/schema.org\",\"@graph\":[{\"@type\":\"WebPage\",\"@id\":\"https:\\\/\\\/lasorcas.com\\\/en\\\/wines\\\/solar-de-randez-rose\\\/\",\"url\":\"https:\\\/\\\/lasorcas.com\\\/en\\\/wines\\\/solar-de-randez-rose\\\/\",\"name\":\"SOLAR DE RANDEZ Ros\u00e9 - Bodegas Las Orcas\",\"isPartOf\":{\"@id\":\"https:\\\/\\\/lasorcas.com\\\/en\\\/#website\"},\"primaryImageOfPage\":{\"@id\":\"https:\\\/\\\/lasorcas.com\\\/en\\\/wines\\\/solar-de-randez-rose\\\/#primaryimage\"},\"image\":{\"@id\":\"https:\\\/\\\/lasorcas.com\\\/en\\\/wines\\\/solar-de-randez-rose\\\/#primaryimage\"},\"thumbnailUrl\":\"https:\\\/\\\/lasorcas.com\\\/wp-content\\\/uploads\\\/2021\\\/01\\\/vinos-SOLAR_DE_RANDEZ-rosado.bodegas_las_orcas-1.jpg\",\"datePublished\":\"2021-01-02T22:36:35+00:00\",\"dateModified\":\"2025-04-22T11:29:42+00:00\",\"breadcrumb\":{\"@id\":\"https:\\\/\\\/lasorcas.com\\\/en\\\/wines\\\/solar-de-randez-rose\\\/#breadcrumb\"},\"inLanguage\":\"en-US\",\"potentialAction\":[{\"@type\":\"ReadAction\",\"target\":[\"https:\\\/\\\/lasorcas.com\\\/en\\\/wines\\\/solar-de-randez-rose\\\/\"]}]},{\"@type\":\"ImageObject\",\"inLanguage\":\"en-US\",\"@id\":\"https:\\\/\\\/lasorcas.com\\\/en\\\/wines\\\/solar-de-randez-rose\\\/#primaryimage\",\"url\":\"https:\\\/\\\/lasorcas.com\\\/wp-content\\\/uploads\\\/2021\\\/01\\\/vinos-SOLAR_DE_RANDEZ-rosado.bodegas_las_orcas-1.jpg\",\"contentUrl\":\"https:\\\/\\\/lasorcas.com\\\/wp-content\\\/uploads\\\/2021\\\/01\\\/vinos-SOLAR_DE_RANDEZ-rosado.bodegas_las_orcas-1.jpg\",\"width\":294,\"height\":1000,\"caption\":\"SOLAR DE RANDEZ Rose\"},{\"@type\":\"BreadcrumbList\",\"@id\":\"https:\\\/\\\/lasorcas.com\\\/en\\\/wines\\\/solar-de-randez-rose\\\/#breadcrumb\",\"itemListElement\":[{\"@type\":\"ListItem\",\"position\":1,\"name\":\"Portada\",\"item\":\"https:\\\/\\\/lasorcas.com\\\/en\\\/home\\\/\"},{\"@type\":\"ListItem\",\"position\":2,\"name\":\"Wines\",\"item\":\"https:\\\/\\\/lasorcas.com\\\/en\\\/?page_id=618\"},{\"@type\":\"ListItem\",\"position\":3,\"name\":\"SOLAR DE RANDEZ Ros\u00e9\"}]},{\"@type\":\"WebSite\",\"@id\":\"https:\\\/\\\/lasorcas.com\\\/en\\\/#website\",\"url\":\"https:\\\/\\\/lasorcas.com\\\/en\\\/\",\"name\":\"Bodegas Las Orcas\",\"description\":\"Vinos con personalidad \u00fanica que combinan terru\u00f1o, tradici\u00f3n y modernidad. DESCUBRE LA ESENCIA DE RIOJA ALAVESA  \u00b7 FAMILY WINERY\",\"publisher\":{\"@id\":\"https:\\\/\\\/lasorcas.com\\\/en\\\/#organization\"},\"potentialAction\":[{\"@type\":\"SearchAction\",\"target\":{\"@type\":\"EntryPoint\",\"urlTemplate\":\"https:\\\/\\\/lasorcas.com\\\/en\\\/?s={search_term_string}\"},\"query-input\":{\"@type\":\"PropertyValueSpecification\",\"valueRequired\":true,\"valueName\":\"search_term_string\"}}],\"inLanguage\":\"en-US\"},{\"@type\":\"Organization\",\"@id\":\"https:\\\/\\\/lasorcas.com\\\/en\\\/#organization\",\"name\":\"Bodegas Las Orcas\",\"url\":\"https:\\\/\\\/lasorcas.com\\\/en\\\/\",\"logo\":{\"@type\":\"ImageObject\",\"inLanguage\":\"en-US\",\"@id\":\"https:\\\/\\\/lasorcas.com\\\/en\\\/#\\\/schema\\\/logo\\\/image\\\/\",\"url\":\"https:\\\/\\\/lasorcas.com\\\/wp-content\\\/uploads\\\/2020\\\/12\\\/logos-completo_black.bodegas_las_orcas-1.png\",\"contentUrl\":\"https:\\\/\\\/lasorcas.com\\\/wp-content\\\/uploads\\\/2020\\\/12\\\/logos-completo_black.bodegas_las_orcas-1.png\",\"width\":718,\"height\":364,\"caption\":\"Bodegas Las Orcas\"},\"image\":{\"@id\":\"https:\\\/\\\/lasorcas.com\\\/en\\\/#\\\/schema\\\/logo\\\/image\\\/\"},\"sameAs\":[\"https:\\\/\\\/www.facebook.com\\\/bodegaslasorcas\\\/\",\"https:\\\/\\\/www.instagram.com\\\/bodegaslasorcas\\\/\"]}]}<\/script>\n<!-- \/ Yoast SEO plugin. -->","yoast_head_json":{"title":"SOLAR DE RANDEZ Ros\u00e9 - Bodegas Las Orcas","robots":{"index":"index","follow":"follow","max-snippet":"max-snippet:-1","max-image-preview":"max-image-preview:large","max-video-preview":"max-video-preview:-1"},"canonical":"https:\/\/lasorcas.com\/en\/wines\/solar-de-randez-rose\/","og_locale":"en_US","og_type":"article","og_title":"SOLAR DE RANDEZ Ros\u00e9 - Bodegas Las Orcas","og_description":"YEAR 2024 VARIETY 70% Viura and 30% Tempranillo VINEYARD Los Monjes, Poyoto and Valderrom\u00e1n Village: Laguardia Year of plantation: 1965; 1953; 1950 Altitude: 465 m; 565 m; 523 m Exposure: South-East; West; South-East Soil: Silty clay with limestone AGEING SYSTEM Vessel &#8211; Bottle ELABORATION We combine the two varieties in a stainless steel tank. After&hellip;","og_url":"https:\/\/lasorcas.com\/en\/wines\/solar-de-randez-rose\/","og_site_name":"Bodegas Las Orcas","article_publisher":"https:\/\/www.facebook.com\/bodegaslasorcas\/","article_modified_time":"2025-04-22T11:29:42+00:00","og_image":[{"width":294,"height":1000,"url":"https:\/\/lasorcas.com\/wp-content\/uploads\/2021\/01\/vinos-SOLAR_DE_RANDEZ-rosado.bodegas_las_orcas-1.jpg","type":"image\/jpeg"}],"twitter_card":"summary_large_image","twitter_misc":{"Est. reading time":"2 minutes"},"schema":{"@context":"https:\/\/schema.org","@graph":[{"@type":"WebPage","@id":"https:\/\/lasorcas.com\/en\/wines\/solar-de-randez-rose\/","url":"https:\/\/lasorcas.com\/en\/wines\/solar-de-randez-rose\/","name":"SOLAR DE RANDEZ Ros\u00e9 - Bodegas Las Orcas","isPartOf":{"@id":"https:\/\/lasorcas.com\/en\/#website"},"primaryImageOfPage":{"@id":"https:\/\/lasorcas.com\/en\/wines\/solar-de-randez-rose\/#primaryimage"},"image":{"@id":"https:\/\/lasorcas.com\/en\/wines\/solar-de-randez-rose\/#primaryimage"},"thumbnailUrl":"https:\/\/lasorcas.com\/wp-content\/uploads\/2021\/01\/vinos-SOLAR_DE_RANDEZ-rosado.bodegas_las_orcas-1.jpg","datePublished":"2021-01-02T22:36:35+00:00","dateModified":"2025-04-22T11:29:42+00:00","breadcrumb":{"@id":"https:\/\/lasorcas.com\/en\/wines\/solar-de-randez-rose\/#breadcrumb"},"inLanguage":"en-US","potentialAction":[{"@type":"ReadAction","target":["https:\/\/lasorcas.com\/en\/wines\/solar-de-randez-rose\/"]}]},{"@type":"ImageObject","inLanguage":"en-US","@id":"https:\/\/lasorcas.com\/en\/wines\/solar-de-randez-rose\/#primaryimage","url":"https:\/\/lasorcas.com\/wp-content\/uploads\/2021\/01\/vinos-SOLAR_DE_RANDEZ-rosado.bodegas_las_orcas-1.jpg","contentUrl":"https:\/\/lasorcas.com\/wp-content\/uploads\/2021\/01\/vinos-SOLAR_DE_RANDEZ-rosado.bodegas_las_orcas-1.jpg","width":294,"height":1000,"caption":"SOLAR DE RANDEZ Rose"},{"@type":"BreadcrumbList","@id":"https:\/\/lasorcas.com\/en\/wines\/solar-de-randez-rose\/#breadcrumb","itemListElement":[{"@type":"ListItem","position":1,"name":"Portada","item":"https:\/\/lasorcas.com\/en\/home\/"},{"@type":"ListItem","position":2,"name":"Wines","item":"https:\/\/lasorcas.com\/en\/?page_id=618"},{"@type":"ListItem","position":3,"name":"SOLAR DE RANDEZ Ros\u00e9"}]},{"@type":"WebSite","@id":"https:\/\/lasorcas.com\/en\/#website","url":"https:\/\/lasorcas.com\/en\/","name":"Bodegas Las Orcas","description":"Vinos con personalidad \u00fanica que combinan terru\u00f1o, tradici\u00f3n y modernidad. DESCUBRE LA ESENCIA DE RIOJA ALAVESA  \u00b7 FAMILY WINERY","publisher":{"@id":"https:\/\/lasorcas.com\/en\/#organization"},"potentialAction":[{"@type":"SearchAction","target":{"@type":"EntryPoint","urlTemplate":"https:\/\/lasorcas.com\/en\/?s={search_term_string}"},"query-input":{"@type":"PropertyValueSpecification","valueRequired":true,"valueName":"search_term_string"}}],"inLanguage":"en-US"},{"@type":"Organization","@id":"https:\/\/lasorcas.com\/en\/#organization","name":"Bodegas Las Orcas","url":"https:\/\/lasorcas.com\/en\/","logo":{"@type":"ImageObject","inLanguage":"en-US","@id":"https:\/\/lasorcas.com\/en\/#\/schema\/logo\/image\/","url":"https:\/\/lasorcas.com\/wp-content\/uploads\/2020\/12\/logos-completo_black.bodegas_las_orcas-1.png","contentUrl":"https:\/\/lasorcas.com\/wp-content\/uploads\/2020\/12\/logos-completo_black.bodegas_las_orcas-1.png","width":718,"height":364,"caption":"Bodegas Las Orcas"},"image":{"@id":"https:\/\/lasorcas.com\/en\/#\/schema\/logo\/image\/"},"sameAs":["https:\/\/www.facebook.com\/bodegaslasorcas\/","https:\/\/www.instagram.com\/bodegaslasorcas\/"]}]}},"_links":{"self":[{"href":"https:\/\/lasorcas.com\/en\/wp-json\/wp\/v2\/product\/656","targetHints":{"allow":["GET"]}}],"collection":[{"href":"https:\/\/lasorcas.com\/en\/wp-json\/wp\/v2\/product"}],"about":[{"href":"https:\/\/lasorcas.com\/en\/wp-json\/wp\/v2\/types\/product"}],"wp:featuredmedia":[{"embeddable":true,"href":"https:\/\/lasorcas.com\/en\/wp-json\/wp\/v2\/media\/508"}],"wp:attachment":[{"href":"https:\/\/lasorcas.com\/en\/wp-json\/wp\/v2\/media?parent=656"}],"wp:term":[{"taxonomy":"product_brand","embeddable":true,"href":"https:\/\/lasorcas.com\/en\/wp-json\/wp\/v2\/product_brand?post=656"},{"taxonomy":"product_cat","embeddable":true,"href":"https:\/\/lasorcas.com\/en\/wp-json\/wp\/v2\/product_cat?post=656"},{"taxonomy":"product_tag","embeddable":true,"href":"https:\/\/lasorcas.com\/en\/wp-json\/wp\/v2\/product_tag?post=656"}],"curies":[{"name":"wp","href":"https:\/\/api.w.org\/{rel}","templated":true}]}}