{"id":660,"date":"2021-01-02T22:35:37","date_gmt":"2021-01-02T22:35:37","guid":{"rendered":"https:\/\/lasorcas.com\/vinos\/solar-de-randez-white\/"},"modified":"2025-04-22T12:31:30","modified_gmt":"2025-04-22T11:31:30","slug":"solar-de-randez-white","status":"publish","type":"product","link":"https:\/\/lasorcas.com\/en\/wines\/solar-de-randez-white\/","title":{"rendered":"SOLAR DE RANDEZ White"},"content":{"rendered":"<h2>YEAR<\/h2>\n<p><strong>2024<\/strong><\/p>\n<h2>VARIETY<\/h2>\n<p>100 % Viura<\/p>\n<h2>VINEYARD<\/h2>\n<p><strong>Finca San \u00c1ngel<\/strong><\/p>\n<ul>\n<li>Village: Laguardia<\/li>\n<li>Year of plantation: 1996<\/li>\n<li>Altitude: 498 m<\/li>\n<li>Exposure: South-East<\/li>\n<li>Soil: Silty clay with limestone<\/li>\n<\/ul>\n<h2>AGEING SYSTEM<\/h2>\n<p>Vessel &#8211; Bottle<\/p>\n<h2>ELABORATION<\/h2>\n<p>The grapes enter the\u00a0destemmer and the crusher, after this, they go directly to the press where the juice and the skins are separated. With the objective of getting a clean must, this is racked in cold. Later, we place the cold must in a stainless steel tank, where under controlled conditions we proceed to fermentation.<\/p>\n<p>At the end of fermentation, we age the wine for 3 months on its fine lees to gain complexity and structure.<\/p>\n<h2>TASTING NOTES<\/h2>\n<ul>\n<li>Visual phase: Straw yellow in colour, reflecting the Viura variety used to elaborate it.<\/li>\n<li>Bouquet: Very fresh and fruity, with a clear presence of aromas of white fruit, quince, as well as certain citric aromas. The intensity on the nose is quite high.<\/li>\n<li>Taste: It is very pleasant on the mouth, leaving a pleasant and lively aftertaste that takes us back to the fruity primary aroma. Good acidity and volume which gives it a long persistence.<\/li>\n<\/ul>\n<h2>ANALYTICAL DATA<\/h2>\n<p>Alcohol content: 13.0 %<br \/>\n<a class=\"descarga_ficha\" href=\"https:\/\/lasorcas.com\/wp-content\/uploads\/2025\/04\/SOLAR-DE-RANDEZ-WHITE-ENG.pdf\" target=\"_blank\" rel=\"noopener\">Download tasting notes<\/a><\/p>\n","protected":false},"excerpt":{"rendered":"<p>YEAR 2024 VARIETY 100 % Viura VINEYARD Finca San \u00c1ngel Village: Laguardia Year of plantation: 1996 Altitude: 498 m Exposure: South-East Soil: Silty clay with limestone AGEING SYSTEM Vessel &#8211; Bottle ELABORATION The grapes enter the\u00a0destemmer and the crusher, after this, they go directly to the press where the juice and the skins are separated.&hellip;<\/p>\n","protected":false},"featured_media":510,"template":"","meta":[],"product_brand":[],"product_cat":[47],"product_tag":[48],"class_list":{"0":"post-660","1":"product","2":"type-product","3":"status-publish","4":"has-post-thumbnail","6":"product_cat-solar-de-randez-en","7":"product_tag-white","9":"first","10":"instock","11":"taxable","12":"shipping-taxable","13":"purchasable","14":"product-type-variable"},"yoast_head":"<!-- This site is optimized with the Yoast SEO plugin v27.4 - https:\/\/yoast.com\/product\/yoast-seo-wordpress\/ -->\n<title>SOLAR DE RANDEZ White - Bodegas Las Orcas<\/title>\n<meta name=\"robots\" content=\"index, follow, max-snippet:-1, max-image-preview:large, max-video-preview:-1\" \/>\n<link rel=\"canonical\" href=\"https:\/\/lasorcas.com\/en\/wines\/solar-de-randez-white\/\" \/>\n<meta property=\"og:locale\" content=\"en_US\" \/>\n<meta property=\"og:type\" content=\"article\" \/>\n<meta property=\"og:title\" content=\"SOLAR DE RANDEZ White - Bodegas Las Orcas\" \/>\n<meta property=\"og:description\" content=\"YEAR 2024 VARIETY 100 % Viura VINEYARD Finca San \u00c1ngel Village: Laguardia Year of plantation: 1996 Altitude: 498 m Exposure: South-East Soil: Silty clay with limestone AGEING SYSTEM Vessel &#8211; Bottle ELABORATION The grapes enter the\u00a0destemmer and the crusher, after this, they go directly to the press where the juice and the skins are separated.&hellip;\" \/>\n<meta property=\"og:url\" content=\"https:\/\/lasorcas.com\/en\/wines\/solar-de-randez-white\/\" \/>\n<meta property=\"og:site_name\" content=\"Bodegas Las Orcas\" \/>\n<meta property=\"article:publisher\" content=\"https:\/\/www.facebook.com\/bodegaslasorcas\/\" \/>\n<meta property=\"article:modified_time\" content=\"2025-04-22T11:31:30+00:00\" \/>\n<meta property=\"og:image\" content=\"https:\/\/lasorcas.com\/wp-content\/uploads\/2021\/01\/vinos-SOLAR_DE_RANDEZ-blanco.bodegas_las_orcas-1.jpg\" \/>\n\t<meta property=\"og:image:width\" content=\"294\" \/>\n\t<meta property=\"og:image:height\" content=\"1000\" \/>\n\t<meta property=\"og:image:type\" content=\"image\/jpeg\" \/>\n<meta name=\"twitter:card\" content=\"summary_large_image\" \/>\n<meta name=\"twitter:label1\" content=\"Est. reading time\" \/>\n\t<meta name=\"twitter:data1\" content=\"2 minutes\" \/>\n<script type=\"application\/ld+json\" class=\"yoast-schema-graph\">{\"@context\":\"https:\\\/\\\/schema.org\",\"@graph\":[{\"@type\":\"WebPage\",\"@id\":\"https:\\\/\\\/lasorcas.com\\\/en\\\/wines\\\/solar-de-randez-white\\\/\",\"url\":\"https:\\\/\\\/lasorcas.com\\\/en\\\/wines\\\/solar-de-randez-white\\\/\",\"name\":\"SOLAR DE RANDEZ White - Bodegas Las Orcas\",\"isPartOf\":{\"@id\":\"https:\\\/\\\/lasorcas.com\\\/en\\\/#website\"},\"primaryImageOfPage\":{\"@id\":\"https:\\\/\\\/lasorcas.com\\\/en\\\/wines\\\/solar-de-randez-white\\\/#primaryimage\"},\"image\":{\"@id\":\"https:\\\/\\\/lasorcas.com\\\/en\\\/wines\\\/solar-de-randez-white\\\/#primaryimage\"},\"thumbnailUrl\":\"https:\\\/\\\/lasorcas.com\\\/wp-content\\\/uploads\\\/2021\\\/01\\\/vinos-SOLAR_DE_RANDEZ-blanco.bodegas_las_orcas-1.jpg\",\"datePublished\":\"2021-01-02T22:35:37+00:00\",\"dateModified\":\"2025-04-22T11:31:30+00:00\",\"breadcrumb\":{\"@id\":\"https:\\\/\\\/lasorcas.com\\\/en\\\/wines\\\/solar-de-randez-white\\\/#breadcrumb\"},\"inLanguage\":\"en-US\",\"potentialAction\":[{\"@type\":\"ReadAction\",\"target\":[\"https:\\\/\\\/lasorcas.com\\\/en\\\/wines\\\/solar-de-randez-white\\\/\"]}]},{\"@type\":\"ImageObject\",\"inLanguage\":\"en-US\",\"@id\":\"https:\\\/\\\/lasorcas.com\\\/en\\\/wines\\\/solar-de-randez-white\\\/#primaryimage\",\"url\":\"https:\\\/\\\/lasorcas.com\\\/wp-content\\\/uploads\\\/2021\\\/01\\\/vinos-SOLAR_DE_RANDEZ-blanco.bodegas_las_orcas-1.jpg\",\"contentUrl\":\"https:\\\/\\\/lasorcas.com\\\/wp-content\\\/uploads\\\/2021\\\/01\\\/vinos-SOLAR_DE_RANDEZ-blanco.bodegas_las_orcas-1.jpg\",\"width\":294,\"height\":1000,\"caption\":\"SOLAR DE RANDEZ White\"},{\"@type\":\"BreadcrumbList\",\"@id\":\"https:\\\/\\\/lasorcas.com\\\/en\\\/wines\\\/solar-de-randez-white\\\/#breadcrumb\",\"itemListElement\":[{\"@type\":\"ListItem\",\"position\":1,\"name\":\"Portada\",\"item\":\"https:\\\/\\\/lasorcas.com\\\/en\\\/home\\\/\"},{\"@type\":\"ListItem\",\"position\":2,\"name\":\"Wines\",\"item\":\"https:\\\/\\\/lasorcas.com\\\/en\\\/?page_id=618\"},{\"@type\":\"ListItem\",\"position\":3,\"name\":\"SOLAR DE RANDEZ White\"}]},{\"@type\":\"WebSite\",\"@id\":\"https:\\\/\\\/lasorcas.com\\\/en\\\/#website\",\"url\":\"https:\\\/\\\/lasorcas.com\\\/en\\\/\",\"name\":\"Bodegas Las Orcas\",\"description\":\"Vinos con personalidad \u00fanica que combinan terru\u00f1o, tradici\u00f3n y modernidad. DESCUBRE LA ESENCIA DE RIOJA ALAVESA  \u00b7 FAMILY WINERY\",\"publisher\":{\"@id\":\"https:\\\/\\\/lasorcas.com\\\/en\\\/#organization\"},\"potentialAction\":[{\"@type\":\"SearchAction\",\"target\":{\"@type\":\"EntryPoint\",\"urlTemplate\":\"https:\\\/\\\/lasorcas.com\\\/en\\\/?s={search_term_string}\"},\"query-input\":{\"@type\":\"PropertyValueSpecification\",\"valueRequired\":true,\"valueName\":\"search_term_string\"}}],\"inLanguage\":\"en-US\"},{\"@type\":\"Organization\",\"@id\":\"https:\\\/\\\/lasorcas.com\\\/en\\\/#organization\",\"name\":\"Bodegas Las Orcas\",\"url\":\"https:\\\/\\\/lasorcas.com\\\/en\\\/\",\"logo\":{\"@type\":\"ImageObject\",\"inLanguage\":\"en-US\",\"@id\":\"https:\\\/\\\/lasorcas.com\\\/en\\\/#\\\/schema\\\/logo\\\/image\\\/\",\"url\":\"https:\\\/\\\/lasorcas.com\\\/wp-content\\\/uploads\\\/2020\\\/12\\\/logos-completo_black.bodegas_las_orcas-1.png\",\"contentUrl\":\"https:\\\/\\\/lasorcas.com\\\/wp-content\\\/uploads\\\/2020\\\/12\\\/logos-completo_black.bodegas_las_orcas-1.png\",\"width\":718,\"height\":364,\"caption\":\"Bodegas Las Orcas\"},\"image\":{\"@id\":\"https:\\\/\\\/lasorcas.com\\\/en\\\/#\\\/schema\\\/logo\\\/image\\\/\"},\"sameAs\":[\"https:\\\/\\\/www.facebook.com\\\/bodegaslasorcas\\\/\",\"https:\\\/\\\/www.instagram.com\\\/bodegaslasorcas\\\/\"]}]}<\/script>\n<!-- \/ Yoast SEO plugin. -->","yoast_head_json":{"title":"SOLAR DE RANDEZ White - Bodegas Las Orcas","robots":{"index":"index","follow":"follow","max-snippet":"max-snippet:-1","max-image-preview":"max-image-preview:large","max-video-preview":"max-video-preview:-1"},"canonical":"https:\/\/lasorcas.com\/en\/wines\/solar-de-randez-white\/","og_locale":"en_US","og_type":"article","og_title":"SOLAR DE RANDEZ White - Bodegas Las Orcas","og_description":"YEAR 2024 VARIETY 100 % Viura VINEYARD Finca San \u00c1ngel Village: Laguardia Year of plantation: 1996 Altitude: 498 m Exposure: South-East Soil: Silty clay with limestone AGEING SYSTEM Vessel &#8211; Bottle ELABORATION The grapes enter the\u00a0destemmer and the crusher, after this, they go directly to the press where the juice and the skins are separated.&hellip;","og_url":"https:\/\/lasorcas.com\/en\/wines\/solar-de-randez-white\/","og_site_name":"Bodegas Las Orcas","article_publisher":"https:\/\/www.facebook.com\/bodegaslasorcas\/","article_modified_time":"2025-04-22T11:31:30+00:00","og_image":[{"width":294,"height":1000,"url":"https:\/\/lasorcas.com\/wp-content\/uploads\/2021\/01\/vinos-SOLAR_DE_RANDEZ-blanco.bodegas_las_orcas-1.jpg","type":"image\/jpeg"}],"twitter_card":"summary_large_image","twitter_misc":{"Est. reading time":"2 minutes"},"schema":{"@context":"https:\/\/schema.org","@graph":[{"@type":"WebPage","@id":"https:\/\/lasorcas.com\/en\/wines\/solar-de-randez-white\/","url":"https:\/\/lasorcas.com\/en\/wines\/solar-de-randez-white\/","name":"SOLAR DE RANDEZ White - Bodegas Las Orcas","isPartOf":{"@id":"https:\/\/lasorcas.com\/en\/#website"},"primaryImageOfPage":{"@id":"https:\/\/lasorcas.com\/en\/wines\/solar-de-randez-white\/#primaryimage"},"image":{"@id":"https:\/\/lasorcas.com\/en\/wines\/solar-de-randez-white\/#primaryimage"},"thumbnailUrl":"https:\/\/lasorcas.com\/wp-content\/uploads\/2021\/01\/vinos-SOLAR_DE_RANDEZ-blanco.bodegas_las_orcas-1.jpg","datePublished":"2021-01-02T22:35:37+00:00","dateModified":"2025-04-22T11:31:30+00:00","breadcrumb":{"@id":"https:\/\/lasorcas.com\/en\/wines\/solar-de-randez-white\/#breadcrumb"},"inLanguage":"en-US","potentialAction":[{"@type":"ReadAction","target":["https:\/\/lasorcas.com\/en\/wines\/solar-de-randez-white\/"]}]},{"@type":"ImageObject","inLanguage":"en-US","@id":"https:\/\/lasorcas.com\/en\/wines\/solar-de-randez-white\/#primaryimage","url":"https:\/\/lasorcas.com\/wp-content\/uploads\/2021\/01\/vinos-SOLAR_DE_RANDEZ-blanco.bodegas_las_orcas-1.jpg","contentUrl":"https:\/\/lasorcas.com\/wp-content\/uploads\/2021\/01\/vinos-SOLAR_DE_RANDEZ-blanco.bodegas_las_orcas-1.jpg","width":294,"height":1000,"caption":"SOLAR DE RANDEZ White"},{"@type":"BreadcrumbList","@id":"https:\/\/lasorcas.com\/en\/wines\/solar-de-randez-white\/#breadcrumb","itemListElement":[{"@type":"ListItem","position":1,"name":"Portada","item":"https:\/\/lasorcas.com\/en\/home\/"},{"@type":"ListItem","position":2,"name":"Wines","item":"https:\/\/lasorcas.com\/en\/?page_id=618"},{"@type":"ListItem","position":3,"name":"SOLAR DE RANDEZ White"}]},{"@type":"WebSite","@id":"https:\/\/lasorcas.com\/en\/#website","url":"https:\/\/lasorcas.com\/en\/","name":"Bodegas Las Orcas","description":"Vinos con personalidad \u00fanica que combinan terru\u00f1o, tradici\u00f3n y modernidad. DESCUBRE LA ESENCIA DE RIOJA ALAVESA  \u00b7 FAMILY WINERY","publisher":{"@id":"https:\/\/lasorcas.com\/en\/#organization"},"potentialAction":[{"@type":"SearchAction","target":{"@type":"EntryPoint","urlTemplate":"https:\/\/lasorcas.com\/en\/?s={search_term_string}"},"query-input":{"@type":"PropertyValueSpecification","valueRequired":true,"valueName":"search_term_string"}}],"inLanguage":"en-US"},{"@type":"Organization","@id":"https:\/\/lasorcas.com\/en\/#organization","name":"Bodegas Las Orcas","url":"https:\/\/lasorcas.com\/en\/","logo":{"@type":"ImageObject","inLanguage":"en-US","@id":"https:\/\/lasorcas.com\/en\/#\/schema\/logo\/image\/","url":"https:\/\/lasorcas.com\/wp-content\/uploads\/2020\/12\/logos-completo_black.bodegas_las_orcas-1.png","contentUrl":"https:\/\/lasorcas.com\/wp-content\/uploads\/2020\/12\/logos-completo_black.bodegas_las_orcas-1.png","width":718,"height":364,"caption":"Bodegas Las Orcas"},"image":{"@id":"https:\/\/lasorcas.com\/en\/#\/schema\/logo\/image\/"},"sameAs":["https:\/\/www.facebook.com\/bodegaslasorcas\/","https:\/\/www.instagram.com\/bodegaslasorcas\/"]}]}},"_links":{"self":[{"href":"https:\/\/lasorcas.com\/en\/wp-json\/wp\/v2\/product\/660","targetHints":{"allow":["GET"]}}],"collection":[{"href":"https:\/\/lasorcas.com\/en\/wp-json\/wp\/v2\/product"}],"about":[{"href":"https:\/\/lasorcas.com\/en\/wp-json\/wp\/v2\/types\/product"}],"wp:featuredmedia":[{"embeddable":true,"href":"https:\/\/lasorcas.com\/en\/wp-json\/wp\/v2\/media\/510"}],"wp:attachment":[{"href":"https:\/\/lasorcas.com\/en\/wp-json\/wp\/v2\/media?parent=660"}],"wp:term":[{"taxonomy":"product_brand","embeddable":true,"href":"https:\/\/lasorcas.com\/en\/wp-json\/wp\/v2\/product_brand?post=660"},{"taxonomy":"product_cat","embeddable":true,"href":"https:\/\/lasorcas.com\/en\/wp-json\/wp\/v2\/product_cat?post=660"},{"taxonomy":"product_tag","embeddable":true,"href":"https:\/\/lasorcas.com\/en\/wp-json\/wp\/v2\/product_tag?post=660"}],"curies":[{"name":"wp","href":"https:\/\/api.w.org\/{rel}","templated":true}]}}