{"id":666,"date":"2021-01-02T22:02:55","date_gmt":"2021-01-02T22:02:55","guid":{"rendered":"https:\/\/lasorcas.com\/vinos\/decenio-tempranillo\/"},"modified":"2025-04-22T12:46:44","modified_gmt":"2025-04-22T11:46:44","slug":"decenio-tempranillo","status":"publish","type":"product","link":"https:\/\/lasorcas.com\/en\/wines\/decenio-tempranillo\/","title":{"rendered":"DECENIO Tempranillo"},"content":{"rendered":"<h2>YEAR<\/h2>\n<p><strong>2023<\/strong><\/p>\n<h2>VARIETY<\/h2>\n<p>100 % Tempranillo<\/p>\n<h2>VINEYARD<\/h2>\n<p><strong>San Gregorio<\/strong><\/p>\n<ul>\n<li>Village: Laguardia<\/li>\n<li>Year of plantation: 2001<\/li>\n<li>Altitude: 566 m<\/li>\n<li>Exposure: South-East<\/li>\n<li>Soil: Silty clay with limestone<\/li>\n<\/ul>\n<h2>AGEING SYSTEM<\/h2>\n<p>Vessel &#8211; Concrete &#8211; Bottle<\/p>\n<h2>ELABORATION<\/h2>\n<p>We make this wine with grapes from our youngest vineyard. Once the destemmed grapes enter our winemaking tanks, we keep them at 8 degrees for 3 days with light pumping over, after this period, during 7\/8 days the alcoholic fermentation takes place until it finishes, which is when we take out the musts. This wine is kept in another stainless steel tank until the malolactic fermentation is finished. Afterwards, we age it for 4 months in a concrete tank to soften it and enhance its freshness. After these months, we bottle it and leave it to settle for 1 year in the bottle.<\/p>\n<h2>TASTING NOTES<\/h2>\n<ul>\n<li>Visual phase: Bright ruby red.<\/li>\n<li>Bouquet: Intense fruity aroma.<\/li>\n<li>Taste: Harmonious, well balanced with soft tannins.<\/li>\n<\/ul>\n<h2>ANALYTICAL DATA<\/h2>\n<p>Alcohol content: 14.0 %<\/p>\n<p><a class=\"descarga_ficha\" href=\"https:\/\/lasorcas.com\/wp-content\/uploads\/2025\/04\/DECENIO-tempranillo-ENG.pdf\">Download tasting notes<\/a><\/p>\n","protected":false},"excerpt":{"rendered":"<p>YEAR 2023 VARIETY 100 % Tempranillo VINEYARD San Gregorio Village: Laguardia Year of plantation: 2001 Altitude: 566 m Exposure: South-East Soil: Silty clay with limestone AGEING SYSTEM Vessel &#8211; Concrete &#8211; Bottle ELABORATION We make this wine with grapes from our youngest vineyard. Once the destemmed grapes enter our winemaking tanks, we keep them at&hellip;<\/p>\n","protected":false},"featured_media":504,"template":"","meta":[],"product_brand":[],"product_cat":[23],"product_tag":[49],"class_list":{"0":"post-666","1":"product","2":"type-product","3":"status-publish","4":"has-post-thumbnail","6":"product_cat-uncategorized","7":"product_tag-tempranillo-en","9":"first","10":"instock","11":"taxable","12":"shipping-taxable","13":"purchasable","14":"product-type-variable"},"yoast_head":"<!-- This site is optimized with the Yoast SEO plugin v27.4 - https:\/\/yoast.com\/product\/yoast-seo-wordpress\/ -->\n<title>DECENIO Tempranillo - Bodegas Las Orcas<\/title>\n<meta name=\"robots\" content=\"index, follow, max-snippet:-1, max-image-preview:large, max-video-preview:-1\" \/>\n<link rel=\"canonical\" href=\"https:\/\/lasorcas.com\/en\/wines\/decenio-tempranillo\/\" \/>\n<meta property=\"og:locale\" content=\"en_US\" \/>\n<meta property=\"og:type\" content=\"article\" \/>\n<meta property=\"og:title\" content=\"DECENIO Tempranillo - Bodegas Las Orcas\" \/>\n<meta property=\"og:description\" content=\"YEAR 2023 VARIETY 100 % Tempranillo VINEYARD San Gregorio Village: Laguardia Year of plantation: 2001 Altitude: 566 m Exposure: South-East Soil: Silty clay with limestone AGEING SYSTEM Vessel &#8211; Concrete &#8211; Bottle ELABORATION We make this wine with grapes from our youngest vineyard. Once the destemmed grapes enter our winemaking tanks, we keep them at&hellip;\" \/>\n<meta property=\"og:url\" content=\"https:\/\/lasorcas.com\/en\/wines\/decenio-tempranillo\/\" \/>\n<meta property=\"og:site_name\" content=\"Bodegas Las Orcas\" \/>\n<meta property=\"article:publisher\" content=\"https:\/\/www.facebook.com\/bodegaslasorcas\/\" \/>\n<meta property=\"article:modified_time\" content=\"2025-04-22T11:46:44+00:00\" \/>\n<meta property=\"og:image\" content=\"https:\/\/lasorcas.com\/wp-content\/uploads\/2021\/01\/vinos-DECENIO-tempranillo.bodegas_las_orcas-1.jpg\" \/>\n\t<meta property=\"og:image:width\" content=\"294\" \/>\n\t<meta property=\"og:image:height\" content=\"1000\" \/>\n\t<meta property=\"og:image:type\" content=\"image\/jpeg\" \/>\n<meta name=\"twitter:card\" content=\"summary_large_image\" \/>\n<meta name=\"twitter:label1\" content=\"Est. reading time\" \/>\n\t<meta name=\"twitter:data1\" content=\"1 minute\" \/>\n<script type=\"application\/ld+json\" class=\"yoast-schema-graph\">{\"@context\":\"https:\\\/\\\/schema.org\",\"@graph\":[{\"@type\":\"WebPage\",\"@id\":\"https:\\\/\\\/lasorcas.com\\\/en\\\/wines\\\/decenio-tempranillo\\\/\",\"url\":\"https:\\\/\\\/lasorcas.com\\\/en\\\/wines\\\/decenio-tempranillo\\\/\",\"name\":\"DECENIO Tempranillo - Bodegas Las Orcas\",\"isPartOf\":{\"@id\":\"https:\\\/\\\/lasorcas.com\\\/en\\\/#website\"},\"primaryImageOfPage\":{\"@id\":\"https:\\\/\\\/lasorcas.com\\\/en\\\/wines\\\/decenio-tempranillo\\\/#primaryimage\"},\"image\":{\"@id\":\"https:\\\/\\\/lasorcas.com\\\/en\\\/wines\\\/decenio-tempranillo\\\/#primaryimage\"},\"thumbnailUrl\":\"https:\\\/\\\/lasorcas.com\\\/wp-content\\\/uploads\\\/2021\\\/01\\\/vinos-DECENIO-tempranillo.bodegas_las_orcas-1.jpg\",\"datePublished\":\"2021-01-02T22:02:55+00:00\",\"dateModified\":\"2025-04-22T11:46:44+00:00\",\"breadcrumb\":{\"@id\":\"https:\\\/\\\/lasorcas.com\\\/en\\\/wines\\\/decenio-tempranillo\\\/#breadcrumb\"},\"inLanguage\":\"en-US\",\"potentialAction\":[{\"@type\":\"ReadAction\",\"target\":[\"https:\\\/\\\/lasorcas.com\\\/en\\\/wines\\\/decenio-tempranillo\\\/\"]}]},{\"@type\":\"ImageObject\",\"inLanguage\":\"en-US\",\"@id\":\"https:\\\/\\\/lasorcas.com\\\/en\\\/wines\\\/decenio-tempranillo\\\/#primaryimage\",\"url\":\"https:\\\/\\\/lasorcas.com\\\/wp-content\\\/uploads\\\/2021\\\/01\\\/vinos-DECENIO-tempranillo.bodegas_las_orcas-1.jpg\",\"contentUrl\":\"https:\\\/\\\/lasorcas.com\\\/wp-content\\\/uploads\\\/2021\\\/01\\\/vinos-DECENIO-tempranillo.bodegas_las_orcas-1.jpg\",\"width\":294,\"height\":1000,\"caption\":\"Decenio Tempranillo\"},{\"@type\":\"BreadcrumbList\",\"@id\":\"https:\\\/\\\/lasorcas.com\\\/en\\\/wines\\\/decenio-tempranillo\\\/#breadcrumb\",\"itemListElement\":[{\"@type\":\"ListItem\",\"position\":1,\"name\":\"Portada\",\"item\":\"https:\\\/\\\/lasorcas.com\\\/en\\\/home\\\/\"},{\"@type\":\"ListItem\",\"position\":2,\"name\":\"Wines\",\"item\":\"https:\\\/\\\/lasorcas.com\\\/en\\\/?page_id=618\"},{\"@type\":\"ListItem\",\"position\":3,\"name\":\"DECENIO Tempranillo\"}]},{\"@type\":\"WebSite\",\"@id\":\"https:\\\/\\\/lasorcas.com\\\/en\\\/#website\",\"url\":\"https:\\\/\\\/lasorcas.com\\\/en\\\/\",\"name\":\"Bodegas Las Orcas\",\"description\":\"Vinos con personalidad \u00fanica que combinan terru\u00f1o, tradici\u00f3n y modernidad. DESCUBRE LA ESENCIA DE RIOJA ALAVESA  \u00b7 FAMILY WINERY\",\"publisher\":{\"@id\":\"https:\\\/\\\/lasorcas.com\\\/en\\\/#organization\"},\"potentialAction\":[{\"@type\":\"SearchAction\",\"target\":{\"@type\":\"EntryPoint\",\"urlTemplate\":\"https:\\\/\\\/lasorcas.com\\\/en\\\/?s={search_term_string}\"},\"query-input\":{\"@type\":\"PropertyValueSpecification\",\"valueRequired\":true,\"valueName\":\"search_term_string\"}}],\"inLanguage\":\"en-US\"},{\"@type\":\"Organization\",\"@id\":\"https:\\\/\\\/lasorcas.com\\\/en\\\/#organization\",\"name\":\"Bodegas Las Orcas\",\"url\":\"https:\\\/\\\/lasorcas.com\\\/en\\\/\",\"logo\":{\"@type\":\"ImageObject\",\"inLanguage\":\"en-US\",\"@id\":\"https:\\\/\\\/lasorcas.com\\\/en\\\/#\\\/schema\\\/logo\\\/image\\\/\",\"url\":\"https:\\\/\\\/lasorcas.com\\\/wp-content\\\/uploads\\\/2020\\\/12\\\/logos-completo_black.bodegas_las_orcas-1.png\",\"contentUrl\":\"https:\\\/\\\/lasorcas.com\\\/wp-content\\\/uploads\\\/2020\\\/12\\\/logos-completo_black.bodegas_las_orcas-1.png\",\"width\":718,\"height\":364,\"caption\":\"Bodegas Las Orcas\"},\"image\":{\"@id\":\"https:\\\/\\\/lasorcas.com\\\/en\\\/#\\\/schema\\\/logo\\\/image\\\/\"},\"sameAs\":[\"https:\\\/\\\/www.facebook.com\\\/bodegaslasorcas\\\/\",\"https:\\\/\\\/www.instagram.com\\\/bodegaslasorcas\\\/\"]}]}<\/script>\n<!-- \/ Yoast SEO plugin. -->","yoast_head_json":{"title":"DECENIO Tempranillo - Bodegas Las Orcas","robots":{"index":"index","follow":"follow","max-snippet":"max-snippet:-1","max-image-preview":"max-image-preview:large","max-video-preview":"max-video-preview:-1"},"canonical":"https:\/\/lasorcas.com\/en\/wines\/decenio-tempranillo\/","og_locale":"en_US","og_type":"article","og_title":"DECENIO Tempranillo - Bodegas Las Orcas","og_description":"YEAR 2023 VARIETY 100 % Tempranillo VINEYARD San Gregorio Village: Laguardia Year of plantation: 2001 Altitude: 566 m Exposure: South-East Soil: Silty clay with limestone AGEING SYSTEM Vessel &#8211; Concrete &#8211; Bottle ELABORATION We make this wine with grapes from our youngest vineyard. Once the destemmed grapes enter our winemaking tanks, we keep them at&hellip;","og_url":"https:\/\/lasorcas.com\/en\/wines\/decenio-tempranillo\/","og_site_name":"Bodegas Las Orcas","article_publisher":"https:\/\/www.facebook.com\/bodegaslasorcas\/","article_modified_time":"2025-04-22T11:46:44+00:00","og_image":[{"width":294,"height":1000,"url":"https:\/\/lasorcas.com\/wp-content\/uploads\/2021\/01\/vinos-DECENIO-tempranillo.bodegas_las_orcas-1.jpg","type":"image\/jpeg"}],"twitter_card":"summary_large_image","twitter_misc":{"Est. reading time":"1 minute"},"schema":{"@context":"https:\/\/schema.org","@graph":[{"@type":"WebPage","@id":"https:\/\/lasorcas.com\/en\/wines\/decenio-tempranillo\/","url":"https:\/\/lasorcas.com\/en\/wines\/decenio-tempranillo\/","name":"DECENIO Tempranillo - Bodegas Las Orcas","isPartOf":{"@id":"https:\/\/lasorcas.com\/en\/#website"},"primaryImageOfPage":{"@id":"https:\/\/lasorcas.com\/en\/wines\/decenio-tempranillo\/#primaryimage"},"image":{"@id":"https:\/\/lasorcas.com\/en\/wines\/decenio-tempranillo\/#primaryimage"},"thumbnailUrl":"https:\/\/lasorcas.com\/wp-content\/uploads\/2021\/01\/vinos-DECENIO-tempranillo.bodegas_las_orcas-1.jpg","datePublished":"2021-01-02T22:02:55+00:00","dateModified":"2025-04-22T11:46:44+00:00","breadcrumb":{"@id":"https:\/\/lasorcas.com\/en\/wines\/decenio-tempranillo\/#breadcrumb"},"inLanguage":"en-US","potentialAction":[{"@type":"ReadAction","target":["https:\/\/lasorcas.com\/en\/wines\/decenio-tempranillo\/"]}]},{"@type":"ImageObject","inLanguage":"en-US","@id":"https:\/\/lasorcas.com\/en\/wines\/decenio-tempranillo\/#primaryimage","url":"https:\/\/lasorcas.com\/wp-content\/uploads\/2021\/01\/vinos-DECENIO-tempranillo.bodegas_las_orcas-1.jpg","contentUrl":"https:\/\/lasorcas.com\/wp-content\/uploads\/2021\/01\/vinos-DECENIO-tempranillo.bodegas_las_orcas-1.jpg","width":294,"height":1000,"caption":"Decenio Tempranillo"},{"@type":"BreadcrumbList","@id":"https:\/\/lasorcas.com\/en\/wines\/decenio-tempranillo\/#breadcrumb","itemListElement":[{"@type":"ListItem","position":1,"name":"Portada","item":"https:\/\/lasorcas.com\/en\/home\/"},{"@type":"ListItem","position":2,"name":"Wines","item":"https:\/\/lasorcas.com\/en\/?page_id=618"},{"@type":"ListItem","position":3,"name":"DECENIO Tempranillo"}]},{"@type":"WebSite","@id":"https:\/\/lasorcas.com\/en\/#website","url":"https:\/\/lasorcas.com\/en\/","name":"Bodegas Las Orcas","description":"Vinos con personalidad \u00fanica que combinan terru\u00f1o, tradici\u00f3n y modernidad. DESCUBRE LA ESENCIA DE RIOJA ALAVESA  \u00b7 FAMILY WINERY","publisher":{"@id":"https:\/\/lasorcas.com\/en\/#organization"},"potentialAction":[{"@type":"SearchAction","target":{"@type":"EntryPoint","urlTemplate":"https:\/\/lasorcas.com\/en\/?s={search_term_string}"},"query-input":{"@type":"PropertyValueSpecification","valueRequired":true,"valueName":"search_term_string"}}],"inLanguage":"en-US"},{"@type":"Organization","@id":"https:\/\/lasorcas.com\/en\/#organization","name":"Bodegas Las Orcas","url":"https:\/\/lasorcas.com\/en\/","logo":{"@type":"ImageObject","inLanguage":"en-US","@id":"https:\/\/lasorcas.com\/en\/#\/schema\/logo\/image\/","url":"https:\/\/lasorcas.com\/wp-content\/uploads\/2020\/12\/logos-completo_black.bodegas_las_orcas-1.png","contentUrl":"https:\/\/lasorcas.com\/wp-content\/uploads\/2020\/12\/logos-completo_black.bodegas_las_orcas-1.png","width":718,"height":364,"caption":"Bodegas Las Orcas"},"image":{"@id":"https:\/\/lasorcas.com\/en\/#\/schema\/logo\/image\/"},"sameAs":["https:\/\/www.facebook.com\/bodegaslasorcas\/","https:\/\/www.instagram.com\/bodegaslasorcas\/"]}]}},"_links":{"self":[{"href":"https:\/\/lasorcas.com\/en\/wp-json\/wp\/v2\/product\/666","targetHints":{"allow":["GET"]}}],"collection":[{"href":"https:\/\/lasorcas.com\/en\/wp-json\/wp\/v2\/product"}],"about":[{"href":"https:\/\/lasorcas.com\/en\/wp-json\/wp\/v2\/types\/product"}],"wp:featuredmedia":[{"embeddable":true,"href":"https:\/\/lasorcas.com\/en\/wp-json\/wp\/v2\/media\/504"}],"wp:attachment":[{"href":"https:\/\/lasorcas.com\/en\/wp-json\/wp\/v2\/media?parent=666"}],"wp:term":[{"taxonomy":"product_brand","embeddable":true,"href":"https:\/\/lasorcas.com\/en\/wp-json\/wp\/v2\/product_brand?post=666"},{"taxonomy":"product_cat","embeddable":true,"href":"https:\/\/lasorcas.com\/en\/wp-json\/wp\/v2\/product_cat?post=666"},{"taxonomy":"product_tag","embeddable":true,"href":"https:\/\/lasorcas.com\/en\/wp-json\/wp\/v2\/product_tag?post=666"}],"curies":[{"name":"wp","href":"https:\/\/api.w.org\/{rel}","templated":true}]}}