{"id":684,"date":"2021-01-02T22:28:35","date_gmt":"2021-01-02T22:28:35","guid":{"rendered":"https:\/\/lasorcas.com\/vinos\/solar-de-randez-crianza\/"},"modified":"2025-04-22T12:36:01","modified_gmt":"2025-04-22T11:36:01","slug":"solar-de-randez-crianza","status":"publish","type":"product","link":"https:\/\/lasorcas.com\/en\/wines\/solar-de-randez-crianza\/","title":{"rendered":"SOLAR DE RANDEZ Crianza"},"content":{"rendered":"<h2>YEAR<\/h2>\n<p><strong>2019<\/strong><\/p>\n<h2>VARIETY<\/h2>\n<p>90 % Tempranillo and 10 % Graciano<\/p>\n<h2>VINEYARD<\/h2>\n<p><strong>Finca San \u00c1ngel and El Musco<\/strong><\/p>\n<ul>\n<li>Village: Laguardia<\/li>\n<li>Year of plantation: 1996; 2000<\/li>\n<li>Altitude: 498 m; 556 m<\/li>\n<li>Exposure: South-East; East and South-East<\/li>\n<li>Soil: Silty clay with limestone<\/li>\n<\/ul>\n<h2>AGEING SYSTEM<\/h2>\n<p>14 months in French oak barrels and, at least, 12 months in bottle.<\/p>\n<h2>ELABORATION<\/h2>\n<p>Firstly, a pre-fermentative maceration takes place during 3 days. Then, the fermentation is done in tapered stainless-steel vats of 20.000 litres with light daily overpumpings. After finishing the primary fermentation, the maceration continues together with the skins for the next 5 days. Once the malolactic fermentation is completed, the wine is transferred into French oak barrels for the next 14 months. Afterwards, the wine is bottled, where it will spend a minimum of 12 months before entering the market.<\/p>\n<h2>TASTING NOTES<\/h2>\n<ul>\n<li>Visual notes: Dark purple cherry with a violet rim.<\/li>\n<li>Bouquet: Intense aromas of ripe black fruits accompanied by balsamic touches, with a spicy hint of coconut and liquorice.<\/li>\n<li>Taste: Ample, powerful, structured. The wood is very well integrated into the whole. Noble tannins, without peaks.<\/li>\n<li>Aftertaste: Long with a fruity character.<\/li>\n<\/ul>\n<h2>ANALYTICAL DATA<\/h2>\n<p>Alcohol content: 14.0 %<\/p>\n<p><a class=\"descarga_ficha\" href=\"https:\/\/lasorcas.com\/wp-content\/uploads\/2025\/04\/SOLAR-DE-RANDEZ-CR-ENG-1.pdf\">Download tasting notes<\/a><\/p>\n","protected":false},"excerpt":{"rendered":"<p>YEAR 2019 VARIETY 90 % Tempranillo and 10 % Graciano VINEYARD Finca San \u00c1ngel and El Musco Village: Laguardia Year of plantation: 1996; 2000 Altitude: 498 m; 556 m Exposure: South-East; East and South-East Soil: Silty clay with limestone AGEING SYSTEM 14 months in French oak barrels and, at least, 12 months in bottle. ELABORATION&hellip;<\/p>\n","protected":false},"featured_media":277,"template":"","meta":[],"product_brand":[],"product_cat":[47],"product_tag":[53],"class_list":{"0":"post-684","1":"product","2":"type-product","3":"status-publish","4":"has-post-thumbnail","6":"product_cat-solar-de-randez-en","7":"product_tag-crianza-en","9":"first","10":"instock","11":"taxable","12":"shipping-taxable","13":"purchasable","14":"product-type-variable"},"yoast_head":"<!-- This site is optimized with the Yoast SEO plugin v27.4 - https:\/\/yoast.com\/product\/yoast-seo-wordpress\/ -->\n<title>SOLAR DE RANDEZ Crianza - Bodegas Las Orcas<\/title>\n<meta name=\"robots\" content=\"index, follow, max-snippet:-1, max-image-preview:large, max-video-preview:-1\" \/>\n<link rel=\"canonical\" href=\"https:\/\/lasorcas.com\/en\/wines\/solar-de-randez-crianza\/\" \/>\n<meta property=\"og:locale\" content=\"en_US\" \/>\n<meta property=\"og:type\" content=\"article\" \/>\n<meta property=\"og:title\" content=\"SOLAR DE RANDEZ Crianza - Bodegas Las Orcas\" \/>\n<meta property=\"og:description\" content=\"YEAR 2019 VARIETY 90 % Tempranillo and 10 % Graciano VINEYARD Finca San \u00c1ngel and El Musco Village: Laguardia Year of plantation: 1996; 2000 Altitude: 498 m; 556 m Exposure: South-East; East and South-East Soil: Silty clay with limestone AGEING SYSTEM 14 months in French oak barrels and, at least, 12 months in bottle. ELABORATION&hellip;\" \/>\n<meta property=\"og:url\" content=\"https:\/\/lasorcas.com\/en\/wines\/solar-de-randez-crianza\/\" \/>\n<meta property=\"og:site_name\" content=\"Bodegas Las Orcas\" \/>\n<meta property=\"article:publisher\" content=\"https:\/\/www.facebook.com\/bodegaslasorcas\/\" \/>\n<meta property=\"article:modified_time\" content=\"2025-04-22T11:36:01+00:00\" \/>\n<meta property=\"og:image\" content=\"https:\/\/lasorcas.com\/wp-content\/uploads\/2021\/01\/vinos-SOLAR_DE_RANDEZ-finca_san_angel.bodegas_las_orcas-1-scaled.jpg\" \/>\n\t<meta property=\"og:image:width\" content=\"753\" \/>\n\t<meta property=\"og:image:height\" content=\"2560\" \/>\n\t<meta property=\"og:image:type\" content=\"image\/jpeg\" \/>\n<meta name=\"twitter:card\" content=\"summary_large_image\" \/>\n<meta name=\"twitter:label1\" content=\"Est. reading time\" \/>\n\t<meta name=\"twitter:data1\" content=\"2 minutes\" \/>\n<script type=\"application\/ld+json\" class=\"yoast-schema-graph\">{\"@context\":\"https:\\\/\\\/schema.org\",\"@graph\":[{\"@type\":\"WebPage\",\"@id\":\"https:\\\/\\\/lasorcas.com\\\/en\\\/wines\\\/solar-de-randez-crianza\\\/\",\"url\":\"https:\\\/\\\/lasorcas.com\\\/en\\\/wines\\\/solar-de-randez-crianza\\\/\",\"name\":\"SOLAR DE RANDEZ Crianza - Bodegas Las Orcas\",\"isPartOf\":{\"@id\":\"https:\\\/\\\/lasorcas.com\\\/en\\\/#website\"},\"primaryImageOfPage\":{\"@id\":\"https:\\\/\\\/lasorcas.com\\\/en\\\/wines\\\/solar-de-randez-crianza\\\/#primaryimage\"},\"image\":{\"@id\":\"https:\\\/\\\/lasorcas.com\\\/en\\\/wines\\\/solar-de-randez-crianza\\\/#primaryimage\"},\"thumbnailUrl\":\"https:\\\/\\\/lasorcas.com\\\/wp-content\\\/uploads\\\/2021\\\/01\\\/vinos-SOLAR_DE_RANDEZ-finca_san_angel.bodegas_las_orcas-1-scaled.jpg\",\"datePublished\":\"2021-01-02T22:28:35+00:00\",\"dateModified\":\"2025-04-22T11:36:01+00:00\",\"breadcrumb\":{\"@id\":\"https:\\\/\\\/lasorcas.com\\\/en\\\/wines\\\/solar-de-randez-crianza\\\/#breadcrumb\"},\"inLanguage\":\"en-US\",\"potentialAction\":[{\"@type\":\"ReadAction\",\"target\":[\"https:\\\/\\\/lasorcas.com\\\/en\\\/wines\\\/solar-de-randez-crianza\\\/\"]}]},{\"@type\":\"ImageObject\",\"inLanguage\":\"en-US\",\"@id\":\"https:\\\/\\\/lasorcas.com\\\/en\\\/wines\\\/solar-de-randez-crianza\\\/#primaryimage\",\"url\":\"https:\\\/\\\/lasorcas.com\\\/wp-content\\\/uploads\\\/2021\\\/01\\\/vinos-SOLAR_DE_RANDEZ-finca_san_angel.bodegas_las_orcas-1-scaled.jpg\",\"contentUrl\":\"https:\\\/\\\/lasorcas.com\\\/wp-content\\\/uploads\\\/2021\\\/01\\\/vinos-SOLAR_DE_RANDEZ-finca_san_angel.bodegas_las_orcas-1-scaled.jpg\",\"width\":753,\"height\":2560,\"caption\":\"SOLAR DE RANDEZ Crianza\"},{\"@type\":\"BreadcrumbList\",\"@id\":\"https:\\\/\\\/lasorcas.com\\\/en\\\/wines\\\/solar-de-randez-crianza\\\/#breadcrumb\",\"itemListElement\":[{\"@type\":\"ListItem\",\"position\":1,\"name\":\"Portada\",\"item\":\"https:\\\/\\\/lasorcas.com\\\/en\\\/home\\\/\"},{\"@type\":\"ListItem\",\"position\":2,\"name\":\"Wines\",\"item\":\"https:\\\/\\\/lasorcas.com\\\/en\\\/?page_id=618\"},{\"@type\":\"ListItem\",\"position\":3,\"name\":\"SOLAR DE RANDEZ Crianza\"}]},{\"@type\":\"WebSite\",\"@id\":\"https:\\\/\\\/lasorcas.com\\\/en\\\/#website\",\"url\":\"https:\\\/\\\/lasorcas.com\\\/en\\\/\",\"name\":\"Bodegas Las Orcas\",\"description\":\"Vinos con personalidad \u00fanica que combinan terru\u00f1o, tradici\u00f3n y modernidad. DESCUBRE LA ESENCIA DE RIOJA ALAVESA  \u00b7 FAMILY WINERY\",\"publisher\":{\"@id\":\"https:\\\/\\\/lasorcas.com\\\/en\\\/#organization\"},\"potentialAction\":[{\"@type\":\"SearchAction\",\"target\":{\"@type\":\"EntryPoint\",\"urlTemplate\":\"https:\\\/\\\/lasorcas.com\\\/en\\\/?s={search_term_string}\"},\"query-input\":{\"@type\":\"PropertyValueSpecification\",\"valueRequired\":true,\"valueName\":\"search_term_string\"}}],\"inLanguage\":\"en-US\"},{\"@type\":\"Organization\",\"@id\":\"https:\\\/\\\/lasorcas.com\\\/en\\\/#organization\",\"name\":\"Bodegas Las Orcas\",\"url\":\"https:\\\/\\\/lasorcas.com\\\/en\\\/\",\"logo\":{\"@type\":\"ImageObject\",\"inLanguage\":\"en-US\",\"@id\":\"https:\\\/\\\/lasorcas.com\\\/en\\\/#\\\/schema\\\/logo\\\/image\\\/\",\"url\":\"https:\\\/\\\/lasorcas.com\\\/wp-content\\\/uploads\\\/2020\\\/12\\\/logos-completo_black.bodegas_las_orcas-1.png\",\"contentUrl\":\"https:\\\/\\\/lasorcas.com\\\/wp-content\\\/uploads\\\/2020\\\/12\\\/logos-completo_black.bodegas_las_orcas-1.png\",\"width\":718,\"height\":364,\"caption\":\"Bodegas Las Orcas\"},\"image\":{\"@id\":\"https:\\\/\\\/lasorcas.com\\\/en\\\/#\\\/schema\\\/logo\\\/image\\\/\"},\"sameAs\":[\"https:\\\/\\\/www.facebook.com\\\/bodegaslasorcas\\\/\",\"https:\\\/\\\/www.instagram.com\\\/bodegaslasorcas\\\/\"]}]}<\/script>\n<!-- \/ Yoast SEO plugin. -->","yoast_head_json":{"title":"SOLAR DE RANDEZ Crianza - Bodegas Las Orcas","robots":{"index":"index","follow":"follow","max-snippet":"max-snippet:-1","max-image-preview":"max-image-preview:large","max-video-preview":"max-video-preview:-1"},"canonical":"https:\/\/lasorcas.com\/en\/wines\/solar-de-randez-crianza\/","og_locale":"en_US","og_type":"article","og_title":"SOLAR DE RANDEZ Crianza - Bodegas Las Orcas","og_description":"YEAR 2019 VARIETY 90 % Tempranillo and 10 % Graciano VINEYARD Finca San \u00c1ngel and El Musco Village: Laguardia Year of plantation: 1996; 2000 Altitude: 498 m; 556 m Exposure: South-East; East and South-East Soil: Silty clay with limestone AGEING SYSTEM 14 months in French oak barrels and, at least, 12 months in bottle. ELABORATION&hellip;","og_url":"https:\/\/lasorcas.com\/en\/wines\/solar-de-randez-crianza\/","og_site_name":"Bodegas Las Orcas","article_publisher":"https:\/\/www.facebook.com\/bodegaslasorcas\/","article_modified_time":"2025-04-22T11:36:01+00:00","og_image":[{"width":753,"height":2560,"url":"https:\/\/lasorcas.com\/wp-content\/uploads\/2021\/01\/vinos-SOLAR_DE_RANDEZ-finca_san_angel.bodegas_las_orcas-1-scaled.jpg","type":"image\/jpeg"}],"twitter_card":"summary_large_image","twitter_misc":{"Est. reading time":"2 minutes"},"schema":{"@context":"https:\/\/schema.org","@graph":[{"@type":"WebPage","@id":"https:\/\/lasorcas.com\/en\/wines\/solar-de-randez-crianza\/","url":"https:\/\/lasorcas.com\/en\/wines\/solar-de-randez-crianza\/","name":"SOLAR DE RANDEZ Crianza - Bodegas Las Orcas","isPartOf":{"@id":"https:\/\/lasorcas.com\/en\/#website"},"primaryImageOfPage":{"@id":"https:\/\/lasorcas.com\/en\/wines\/solar-de-randez-crianza\/#primaryimage"},"image":{"@id":"https:\/\/lasorcas.com\/en\/wines\/solar-de-randez-crianza\/#primaryimage"},"thumbnailUrl":"https:\/\/lasorcas.com\/wp-content\/uploads\/2021\/01\/vinos-SOLAR_DE_RANDEZ-finca_san_angel.bodegas_las_orcas-1-scaled.jpg","datePublished":"2021-01-02T22:28:35+00:00","dateModified":"2025-04-22T11:36:01+00:00","breadcrumb":{"@id":"https:\/\/lasorcas.com\/en\/wines\/solar-de-randez-crianza\/#breadcrumb"},"inLanguage":"en-US","potentialAction":[{"@type":"ReadAction","target":["https:\/\/lasorcas.com\/en\/wines\/solar-de-randez-crianza\/"]}]},{"@type":"ImageObject","inLanguage":"en-US","@id":"https:\/\/lasorcas.com\/en\/wines\/solar-de-randez-crianza\/#primaryimage","url":"https:\/\/lasorcas.com\/wp-content\/uploads\/2021\/01\/vinos-SOLAR_DE_RANDEZ-finca_san_angel.bodegas_las_orcas-1-scaled.jpg","contentUrl":"https:\/\/lasorcas.com\/wp-content\/uploads\/2021\/01\/vinos-SOLAR_DE_RANDEZ-finca_san_angel.bodegas_las_orcas-1-scaled.jpg","width":753,"height":2560,"caption":"SOLAR DE RANDEZ Crianza"},{"@type":"BreadcrumbList","@id":"https:\/\/lasorcas.com\/en\/wines\/solar-de-randez-crianza\/#breadcrumb","itemListElement":[{"@type":"ListItem","position":1,"name":"Portada","item":"https:\/\/lasorcas.com\/en\/home\/"},{"@type":"ListItem","position":2,"name":"Wines","item":"https:\/\/lasorcas.com\/en\/?page_id=618"},{"@type":"ListItem","position":3,"name":"SOLAR DE RANDEZ Crianza"}]},{"@type":"WebSite","@id":"https:\/\/lasorcas.com\/en\/#website","url":"https:\/\/lasorcas.com\/en\/","name":"Bodegas Las Orcas","description":"Vinos con personalidad \u00fanica que combinan terru\u00f1o, tradici\u00f3n y modernidad. DESCUBRE LA ESENCIA DE RIOJA ALAVESA  \u00b7 FAMILY WINERY","publisher":{"@id":"https:\/\/lasorcas.com\/en\/#organization"},"potentialAction":[{"@type":"SearchAction","target":{"@type":"EntryPoint","urlTemplate":"https:\/\/lasorcas.com\/en\/?s={search_term_string}"},"query-input":{"@type":"PropertyValueSpecification","valueRequired":true,"valueName":"search_term_string"}}],"inLanguage":"en-US"},{"@type":"Organization","@id":"https:\/\/lasorcas.com\/en\/#organization","name":"Bodegas Las Orcas","url":"https:\/\/lasorcas.com\/en\/","logo":{"@type":"ImageObject","inLanguage":"en-US","@id":"https:\/\/lasorcas.com\/en\/#\/schema\/logo\/image\/","url":"https:\/\/lasorcas.com\/wp-content\/uploads\/2020\/12\/logos-completo_black.bodegas_las_orcas-1.png","contentUrl":"https:\/\/lasorcas.com\/wp-content\/uploads\/2020\/12\/logos-completo_black.bodegas_las_orcas-1.png","width":718,"height":364,"caption":"Bodegas Las Orcas"},"image":{"@id":"https:\/\/lasorcas.com\/en\/#\/schema\/logo\/image\/"},"sameAs":["https:\/\/www.facebook.com\/bodegaslasorcas\/","https:\/\/www.instagram.com\/bodegaslasorcas\/"]}]}},"_links":{"self":[{"href":"https:\/\/lasorcas.com\/en\/wp-json\/wp\/v2\/product\/684","targetHints":{"allow":["GET"]}}],"collection":[{"href":"https:\/\/lasorcas.com\/en\/wp-json\/wp\/v2\/product"}],"about":[{"href":"https:\/\/lasorcas.com\/en\/wp-json\/wp\/v2\/types\/product"}],"wp:featuredmedia":[{"embeddable":true,"href":"https:\/\/lasorcas.com\/en\/wp-json\/wp\/v2\/media\/277"}],"wp:attachment":[{"href":"https:\/\/lasorcas.com\/en\/wp-json\/wp\/v2\/media?parent=684"}],"wp:term":[{"taxonomy":"product_brand","embeddable":true,"href":"https:\/\/lasorcas.com\/en\/wp-json\/wp\/v2\/product_brand?post=684"},{"taxonomy":"product_cat","embeddable":true,"href":"https:\/\/lasorcas.com\/en\/wp-json\/wp\/v2\/product_cat?post=684"},{"taxonomy":"product_tag","embeddable":true,"href":"https:\/\/lasorcas.com\/en\/wp-json\/wp\/v2\/product_tag?post=684"}],"curies":[{"name":"wp","href":"https:\/\/api.w.org\/{rel}","templated":true}]}}