{"id":694,"date":"2021-01-02T22:26:50","date_gmt":"2021-01-02T22:26:50","guid":{"rendered":"https:\/\/lasorcas.com\/vinos\/solar-de-randez-reserve\/"},"modified":"2025-04-22T12:38:06","modified_gmt":"2025-04-22T11:38:06","slug":"solar-de-randez-reserve","status":"publish","type":"product","link":"https:\/\/lasorcas.com\/en\/wines\/solar-de-randez-reserve\/","title":{"rendered":"SOLAR DE RANDEZ Reserve"},"content":{"rendered":"<h2>YEAR<\/h2>\n<p><strong>2017<\/strong><\/p>\n<h2>VARIETY<\/h2>\n<p>100 % Tempranillo<\/p>\n<h2>VINEYARD<\/h2>\n<p><strong>Vallobera, Poyoto and Valderrom\u00e1n<\/strong><\/p>\n<ul>\n<li>Village: Laguardia<\/li>\n<li>Year of plantation: 1965; 1953; 1950<\/li>\n<li>Altitude: 553 m; 565 m; 523 m<\/li>\n<li>Exposure: South-East; West; South-East<\/li>\n<li>Soil: Silty clay with limestone<\/li>\n<\/ul>\n<h2>AGEING SYSTEM<\/h2>\n<p>24 months in French oak barrels and minimum 16 months in bottle.<\/p>\n<h2>ELABORATION<\/h2>\n<p>First, a pre-fermentative maceration is carried out for 3 days. Then, the fermentation is done in tapered stainless-steel vats of 20.000 litres with light daily overpumpings. Once the alcoholic fermentation is complete, maceration is extended with the skins for 5 days. Once malolactic fermentation is complete, the wine is transferred to French oak barrels for 24 months. The wine is then bottled and aged for a minimum of 16 months until it is released to the market.<\/p>\n<h2>TASTING NOTES<\/h2>\n<ul>\n<li>Visual phase: Intense purple-red colour, with a russet rim denoting its long barrel ageing.<\/li>\n<li>Bouquet: Blackcurrant with hints of cedar and cherry aromas mingle with tobacco and herbs.<\/li>\n<li>Taste: Sweet fruit flavours with sour cherries.\u00a0 Very well structured wine in terms of acidity, astringency and alcohol and harmonious, that is good ratio of grease and structure.<\/li>\n<li>Aftertaste: Long and fruity character.<\/li>\n<\/ul>\n<h2>ANALYTICAL DATA<\/h2>\n<p>Alcohol content: 14.0 %<\/p>\n<p><a class=\"descarga_ficha\" href=\"https:\/\/lasorcas.com\/wp-content\/uploads\/2025\/04\/SOLAR-DE-RANDEZ-RVA-ENG-1.pdf\" target=\"_blank\" rel=\"noopener\">Download tasting notes<\/a><\/p>\n","protected":false},"excerpt":{"rendered":"<p>YEAR 2017 VARIETY 100 % Tempranillo VINEYARD Vallobera, Poyoto and Valderrom\u00e1n Village: Laguardia Year of plantation: 1965; 1953; 1950 Altitude: 553 m; 565 m; 523 m Exposure: South-East; West; South-East Soil: Silty clay with limestone AGEING SYSTEM 24 months in French oak barrels and minimum 16 months in bottle. ELABORATION First, a pre-fermentative maceration is&hellip;<\/p>\n","protected":false},"featured_media":267,"template":"","meta":[],"product_brand":[],"product_cat":[47],"product_tag":[50],"class_list":{"0":"post-694","1":"product","2":"type-product","3":"status-publish","4":"has-post-thumbnail","6":"product_cat-solar-de-randez-en","7":"product_tag-reserve","9":"first","10":"instock","11":"taxable","12":"shipping-taxable","13":"purchasable","14":"product-type-variable"},"yoast_head":"<!-- This site is optimized with the Yoast SEO plugin v27.4 - https:\/\/yoast.com\/product\/yoast-seo-wordpress\/ -->\n<title>SOLAR DE RANDEZ Reserve - Bodegas Las Orcas<\/title>\n<meta name=\"robots\" content=\"index, follow, max-snippet:-1, max-image-preview:large, max-video-preview:-1\" \/>\n<link rel=\"canonical\" href=\"https:\/\/lasorcas.com\/en\/wines\/solar-de-randez-reserve\/\" \/>\n<meta property=\"og:locale\" content=\"en_US\" \/>\n<meta property=\"og:type\" content=\"article\" \/>\n<meta property=\"og:title\" content=\"SOLAR DE RANDEZ Reserve - Bodegas Las Orcas\" \/>\n<meta property=\"og:description\" content=\"YEAR 2017 VARIETY 100 % Tempranillo VINEYARD Vallobera, Poyoto and Valderrom\u00e1n Village: Laguardia Year of plantation: 1965; 1953; 1950 Altitude: 553 m; 565 m; 523 m Exposure: South-East; West; South-East Soil: Silty clay with limestone AGEING SYSTEM 24 months in French oak barrels and minimum 16 months in bottle. ELABORATION First, a pre-fermentative maceration is&hellip;\" \/>\n<meta property=\"og:url\" content=\"https:\/\/lasorcas.com\/en\/wines\/solar-de-randez-reserve\/\" \/>\n<meta property=\"og:site_name\" content=\"Bodegas Las Orcas\" \/>\n<meta property=\"article:publisher\" content=\"https:\/\/www.facebook.com\/bodegaslasorcas\/\" \/>\n<meta property=\"article:modified_time\" content=\"2025-04-22T11:38:06+00:00\" \/>\n<meta property=\"og:image\" content=\"https:\/\/lasorcas.com\/wp-content\/uploads\/2021\/01\/vinos-SOLAR_DE_RANDEZ-reserva.bodegas_las_orcas.jpg\" \/>\n\t<meta property=\"og:image:width\" content=\"294\" \/>\n\t<meta property=\"og:image:height\" content=\"1000\" \/>\n\t<meta property=\"og:image:type\" content=\"image\/jpeg\" \/>\n<meta name=\"twitter:card\" content=\"summary_large_image\" \/>\n<meta name=\"twitter:label1\" content=\"Est. reading time\" \/>\n\t<meta name=\"twitter:data1\" content=\"2 minutes\" \/>\n<script type=\"application\/ld+json\" class=\"yoast-schema-graph\">{\"@context\":\"https:\\\/\\\/schema.org\",\"@graph\":[{\"@type\":\"WebPage\",\"@id\":\"https:\\\/\\\/lasorcas.com\\\/en\\\/wines\\\/solar-de-randez-reserve\\\/\",\"url\":\"https:\\\/\\\/lasorcas.com\\\/en\\\/wines\\\/solar-de-randez-reserve\\\/\",\"name\":\"SOLAR DE RANDEZ Reserve - Bodegas Las Orcas\",\"isPartOf\":{\"@id\":\"https:\\\/\\\/lasorcas.com\\\/en\\\/#website\"},\"primaryImageOfPage\":{\"@id\":\"https:\\\/\\\/lasorcas.com\\\/en\\\/wines\\\/solar-de-randez-reserve\\\/#primaryimage\"},\"image\":{\"@id\":\"https:\\\/\\\/lasorcas.com\\\/en\\\/wines\\\/solar-de-randez-reserve\\\/#primaryimage\"},\"thumbnailUrl\":\"https:\\\/\\\/lasorcas.com\\\/wp-content\\\/uploads\\\/2021\\\/01\\\/vinos-SOLAR_DE_RANDEZ-reserva.bodegas_las_orcas.jpg\",\"datePublished\":\"2021-01-02T22:26:50+00:00\",\"dateModified\":\"2025-04-22T11:38:06+00:00\",\"breadcrumb\":{\"@id\":\"https:\\\/\\\/lasorcas.com\\\/en\\\/wines\\\/solar-de-randez-reserve\\\/#breadcrumb\"},\"inLanguage\":\"en-US\",\"potentialAction\":[{\"@type\":\"ReadAction\",\"target\":[\"https:\\\/\\\/lasorcas.com\\\/en\\\/wines\\\/solar-de-randez-reserve\\\/\"]}]},{\"@type\":\"ImageObject\",\"inLanguage\":\"en-US\",\"@id\":\"https:\\\/\\\/lasorcas.com\\\/en\\\/wines\\\/solar-de-randez-reserve\\\/#primaryimage\",\"url\":\"https:\\\/\\\/lasorcas.com\\\/wp-content\\\/uploads\\\/2021\\\/01\\\/vinos-SOLAR_DE_RANDEZ-reserva.bodegas_las_orcas.jpg\",\"contentUrl\":\"https:\\\/\\\/lasorcas.com\\\/wp-content\\\/uploads\\\/2021\\\/01\\\/vinos-SOLAR_DE_RANDEZ-reserva.bodegas_las_orcas.jpg\",\"width\":294,\"height\":1000,\"caption\":\"SOLAR DE RANDEZ Reserve\"},{\"@type\":\"BreadcrumbList\",\"@id\":\"https:\\\/\\\/lasorcas.com\\\/en\\\/wines\\\/solar-de-randez-reserve\\\/#breadcrumb\",\"itemListElement\":[{\"@type\":\"ListItem\",\"position\":1,\"name\":\"Portada\",\"item\":\"https:\\\/\\\/lasorcas.com\\\/en\\\/home\\\/\"},{\"@type\":\"ListItem\",\"position\":2,\"name\":\"Wines\",\"item\":\"https:\\\/\\\/lasorcas.com\\\/en\\\/?page_id=618\"},{\"@type\":\"ListItem\",\"position\":3,\"name\":\"SOLAR DE RANDEZ Reserve\"}]},{\"@type\":\"WebSite\",\"@id\":\"https:\\\/\\\/lasorcas.com\\\/en\\\/#website\",\"url\":\"https:\\\/\\\/lasorcas.com\\\/en\\\/\",\"name\":\"Bodegas Las Orcas\",\"description\":\"Vinos con personalidad \u00fanica que combinan terru\u00f1o, tradici\u00f3n y modernidad. DESCUBRE LA ESENCIA DE RIOJA ALAVESA  \u00b7 FAMILY WINERY\",\"publisher\":{\"@id\":\"https:\\\/\\\/lasorcas.com\\\/en\\\/#organization\"},\"potentialAction\":[{\"@type\":\"SearchAction\",\"target\":{\"@type\":\"EntryPoint\",\"urlTemplate\":\"https:\\\/\\\/lasorcas.com\\\/en\\\/?s={search_term_string}\"},\"query-input\":{\"@type\":\"PropertyValueSpecification\",\"valueRequired\":true,\"valueName\":\"search_term_string\"}}],\"inLanguage\":\"en-US\"},{\"@type\":\"Organization\",\"@id\":\"https:\\\/\\\/lasorcas.com\\\/en\\\/#organization\",\"name\":\"Bodegas Las Orcas\",\"url\":\"https:\\\/\\\/lasorcas.com\\\/en\\\/\",\"logo\":{\"@type\":\"ImageObject\",\"inLanguage\":\"en-US\",\"@id\":\"https:\\\/\\\/lasorcas.com\\\/en\\\/#\\\/schema\\\/logo\\\/image\\\/\",\"url\":\"https:\\\/\\\/lasorcas.com\\\/wp-content\\\/uploads\\\/2020\\\/12\\\/logos-completo_black.bodegas_las_orcas-1.png\",\"contentUrl\":\"https:\\\/\\\/lasorcas.com\\\/wp-content\\\/uploads\\\/2020\\\/12\\\/logos-completo_black.bodegas_las_orcas-1.png\",\"width\":718,\"height\":364,\"caption\":\"Bodegas Las Orcas\"},\"image\":{\"@id\":\"https:\\\/\\\/lasorcas.com\\\/en\\\/#\\\/schema\\\/logo\\\/image\\\/\"},\"sameAs\":[\"https:\\\/\\\/www.facebook.com\\\/bodegaslasorcas\\\/\",\"https:\\\/\\\/www.instagram.com\\\/bodegaslasorcas\\\/\"]}]}<\/script>\n<!-- \/ Yoast SEO plugin. -->","yoast_head_json":{"title":"SOLAR DE RANDEZ Reserve - Bodegas Las Orcas","robots":{"index":"index","follow":"follow","max-snippet":"max-snippet:-1","max-image-preview":"max-image-preview:large","max-video-preview":"max-video-preview:-1"},"canonical":"https:\/\/lasorcas.com\/en\/wines\/solar-de-randez-reserve\/","og_locale":"en_US","og_type":"article","og_title":"SOLAR DE RANDEZ Reserve - Bodegas Las Orcas","og_description":"YEAR 2017 VARIETY 100 % Tempranillo VINEYARD Vallobera, Poyoto and Valderrom\u00e1n Village: Laguardia Year of plantation: 1965; 1953; 1950 Altitude: 553 m; 565 m; 523 m Exposure: South-East; West; South-East Soil: Silty clay with limestone AGEING SYSTEM 24 months in French oak barrels and minimum 16 months in bottle. ELABORATION First, a pre-fermentative maceration is&hellip;","og_url":"https:\/\/lasorcas.com\/en\/wines\/solar-de-randez-reserve\/","og_site_name":"Bodegas Las Orcas","article_publisher":"https:\/\/www.facebook.com\/bodegaslasorcas\/","article_modified_time":"2025-04-22T11:38:06+00:00","og_image":[{"width":294,"height":1000,"url":"https:\/\/lasorcas.com\/wp-content\/uploads\/2021\/01\/vinos-SOLAR_DE_RANDEZ-reserva.bodegas_las_orcas.jpg","type":"image\/jpeg"}],"twitter_card":"summary_large_image","twitter_misc":{"Est. reading time":"2 minutes"},"schema":{"@context":"https:\/\/schema.org","@graph":[{"@type":"WebPage","@id":"https:\/\/lasorcas.com\/en\/wines\/solar-de-randez-reserve\/","url":"https:\/\/lasorcas.com\/en\/wines\/solar-de-randez-reserve\/","name":"SOLAR DE RANDEZ Reserve - Bodegas Las Orcas","isPartOf":{"@id":"https:\/\/lasorcas.com\/en\/#website"},"primaryImageOfPage":{"@id":"https:\/\/lasorcas.com\/en\/wines\/solar-de-randez-reserve\/#primaryimage"},"image":{"@id":"https:\/\/lasorcas.com\/en\/wines\/solar-de-randez-reserve\/#primaryimage"},"thumbnailUrl":"https:\/\/lasorcas.com\/wp-content\/uploads\/2021\/01\/vinos-SOLAR_DE_RANDEZ-reserva.bodegas_las_orcas.jpg","datePublished":"2021-01-02T22:26:50+00:00","dateModified":"2025-04-22T11:38:06+00:00","breadcrumb":{"@id":"https:\/\/lasorcas.com\/en\/wines\/solar-de-randez-reserve\/#breadcrumb"},"inLanguage":"en-US","potentialAction":[{"@type":"ReadAction","target":["https:\/\/lasorcas.com\/en\/wines\/solar-de-randez-reserve\/"]}]},{"@type":"ImageObject","inLanguage":"en-US","@id":"https:\/\/lasorcas.com\/en\/wines\/solar-de-randez-reserve\/#primaryimage","url":"https:\/\/lasorcas.com\/wp-content\/uploads\/2021\/01\/vinos-SOLAR_DE_RANDEZ-reserva.bodegas_las_orcas.jpg","contentUrl":"https:\/\/lasorcas.com\/wp-content\/uploads\/2021\/01\/vinos-SOLAR_DE_RANDEZ-reserva.bodegas_las_orcas.jpg","width":294,"height":1000,"caption":"SOLAR DE RANDEZ Reserve"},{"@type":"BreadcrumbList","@id":"https:\/\/lasorcas.com\/en\/wines\/solar-de-randez-reserve\/#breadcrumb","itemListElement":[{"@type":"ListItem","position":1,"name":"Portada","item":"https:\/\/lasorcas.com\/en\/home\/"},{"@type":"ListItem","position":2,"name":"Wines","item":"https:\/\/lasorcas.com\/en\/?page_id=618"},{"@type":"ListItem","position":3,"name":"SOLAR DE RANDEZ Reserve"}]},{"@type":"WebSite","@id":"https:\/\/lasorcas.com\/en\/#website","url":"https:\/\/lasorcas.com\/en\/","name":"Bodegas Las Orcas","description":"Vinos con personalidad \u00fanica que combinan terru\u00f1o, tradici\u00f3n y modernidad. DESCUBRE LA ESENCIA DE RIOJA ALAVESA  \u00b7 FAMILY WINERY","publisher":{"@id":"https:\/\/lasorcas.com\/en\/#organization"},"potentialAction":[{"@type":"SearchAction","target":{"@type":"EntryPoint","urlTemplate":"https:\/\/lasorcas.com\/en\/?s={search_term_string}"},"query-input":{"@type":"PropertyValueSpecification","valueRequired":true,"valueName":"search_term_string"}}],"inLanguage":"en-US"},{"@type":"Organization","@id":"https:\/\/lasorcas.com\/en\/#organization","name":"Bodegas Las Orcas","url":"https:\/\/lasorcas.com\/en\/","logo":{"@type":"ImageObject","inLanguage":"en-US","@id":"https:\/\/lasorcas.com\/en\/#\/schema\/logo\/image\/","url":"https:\/\/lasorcas.com\/wp-content\/uploads\/2020\/12\/logos-completo_black.bodegas_las_orcas-1.png","contentUrl":"https:\/\/lasorcas.com\/wp-content\/uploads\/2020\/12\/logos-completo_black.bodegas_las_orcas-1.png","width":718,"height":364,"caption":"Bodegas Las Orcas"},"image":{"@id":"https:\/\/lasorcas.com\/en\/#\/schema\/logo\/image\/"},"sameAs":["https:\/\/www.facebook.com\/bodegaslasorcas\/","https:\/\/www.instagram.com\/bodegaslasorcas\/"]}]}},"_links":{"self":[{"href":"https:\/\/lasorcas.com\/en\/wp-json\/wp\/v2\/product\/694","targetHints":{"allow":["GET"]}}],"collection":[{"href":"https:\/\/lasorcas.com\/en\/wp-json\/wp\/v2\/product"}],"about":[{"href":"https:\/\/lasorcas.com\/en\/wp-json\/wp\/v2\/types\/product"}],"wp:featuredmedia":[{"embeddable":true,"href":"https:\/\/lasorcas.com\/en\/wp-json\/wp\/v2\/media\/267"}],"wp:attachment":[{"href":"https:\/\/lasorcas.com\/en\/wp-json\/wp\/v2\/media?parent=694"}],"wp:term":[{"taxonomy":"product_brand","embeddable":true,"href":"https:\/\/lasorcas.com\/en\/wp-json\/wp\/v2\/product_brand?post=694"},{"taxonomy":"product_cat","embeddable":true,"href":"https:\/\/lasorcas.com\/en\/wp-json\/wp\/v2\/product_cat?post=694"},{"taxonomy":"product_tag","embeddable":true,"href":"https:\/\/lasorcas.com\/en\/wp-json\/wp\/v2\/product_tag?post=694"}],"curies":[{"name":"wp","href":"https:\/\/api.w.org\/{rel}","templated":true}]}}