{"id":702,"date":"2021-01-02T22:25:12","date_gmt":"2021-01-02T22:25:12","guid":{"rendered":"https:\/\/lasorcas.com\/vinos\/pagos-de-valdeorca-graciano\/"},"modified":"2025-04-22T12:41:01","modified_gmt":"2025-04-22T11:41:01","slug":"pagos-de-valdeorca-graciano","status":"publish","type":"product","link":"https:\/\/lasorcas.com\/en\/wines\/pagos-de-valdeorca-graciano\/","title":{"rendered":"PAGOS DE VALDEORCA Graciano"},"content":{"rendered":"<h2>YEAR<\/h2>\n<p><strong>2021<\/strong><\/p>\n<h2>VARIETY<\/h2>\n<p>100 % Graciano<\/p>\n<h2>VINEYARD<\/h2>\n<p><strong>El Musco<\/strong><\/p>\n<ul>\n<li>Village: Laguardia<\/li>\n<li>Year of plantation: 2000<\/li>\n<li>Altitude: 556 m<\/li>\n<li>Exposure: East and South-East<\/li>\n<li>Soil: Silty clay with limestone<\/li>\n<\/ul>\n<h2>AGEING SYSTEM<\/h2>\n<p>20 months in French oak barrel , 4 months in concrete tank and minimum 14 months in bottle.<\/p>\n<h2>ELABORATION<\/h2>\n<p>Once we have chosen the best grapes form El Musco, we introduce them in stainless steel vats of 5.000 litres where the pre-fermentative maceration takes place for the next 3 days. Once the alcoholic fermentation has begun, the wine is pumped over slightly each day. After fermentation, maceration with the skins is prolonged for 7 days. The second fermentation (malolactic) is also carried out in this tank and then transferred to French oak barrels. After the time in barrels, it is transferred to a concrete tank to round it off and achieve the long, structured and persistent wine that characterizes it. After this, it is transferred to the bottle, where it rests for at least 14 months until it is released to the market.<\/p>\n<h2>TASTING NOTES<\/h2>\n<ul>\n<li>Visual phase: Cherry with purple tones.<\/li>\n<li>Bouquet: Intense floral and mineral aromas. Mixture of red fruit with notes of thyme and rosemary.<\/li>\n<li>Taste: Ample, powerful, structured. Pleasant and elegant with good volume. Tannins present but without sharpness.<\/li>\n<li>Aftertaste: Long and persistent.<\/li>\n<\/ul>\n<h2>ANALYTICAL DATA<\/h2>\n<p>Alcohol content: 14.0 %<\/p>\n<p><a class=\"descarga_ficha\" href=\"https:\/\/lasorcas.com\/wp-content\/uploads\/2025\/04\/VALDEORCA-ENG-1.pdf\" target=\"_blank\" rel=\"noopener\">Download tasting notes<\/a><\/p>\n","protected":false},"excerpt":{"rendered":"<p>YEAR 2021 VARIETY 100 % Graciano VINEYARD El Musco Village: Laguardia Year of plantation: 2000 Altitude: 556 m Exposure: East and South-East Soil: Silty clay with limestone AGEING SYSTEM 20 months in French oak barrel , 4 months in concrete tank and minimum 14 months in bottle. ELABORATION Once we have chosen the best grapes&hellip;<\/p>\n","protected":false},"featured_media":261,"template":"","meta":[],"product_brand":[],"product_cat":[46],"product_tag":[52],"class_list":{"0":"post-702","1":"product","2":"type-product","3":"status-publish","4":"has-post-thumbnail","6":"product_cat-pagos-de-valdeorca-en","7":"product_tag-graciano-en","9":"first","10":"instock","11":"taxable","12":"shipping-taxable","13":"purchasable","14":"product-type-variable"},"yoast_head":"<!-- This site is optimized with the Yoast SEO plugin v27.4 - https:\/\/yoast.com\/product\/yoast-seo-wordpress\/ -->\n<title>PAGOS DE VALDEORCA Graciano - Bodegas Las Orcas<\/title>\n<meta name=\"robots\" content=\"index, follow, max-snippet:-1, max-image-preview:large, max-video-preview:-1\" \/>\n<link rel=\"canonical\" href=\"https:\/\/lasorcas.com\/en\/wines\/pagos-de-valdeorca-graciano\/\" \/>\n<meta property=\"og:locale\" content=\"en_US\" \/>\n<meta property=\"og:type\" content=\"article\" \/>\n<meta property=\"og:title\" content=\"PAGOS DE VALDEORCA Graciano - Bodegas Las Orcas\" \/>\n<meta property=\"og:description\" content=\"YEAR 2021 VARIETY 100 % Graciano VINEYARD El Musco Village: Laguardia Year of plantation: 2000 Altitude: 556 m Exposure: East and South-East Soil: Silty clay with limestone AGEING SYSTEM 20 months in French oak barrel , 4 months in concrete tank and minimum 14 months in bottle. ELABORATION Once we have chosen the best grapes&hellip;\" \/>\n<meta property=\"og:url\" content=\"https:\/\/lasorcas.com\/en\/wines\/pagos-de-valdeorca-graciano\/\" \/>\n<meta property=\"og:site_name\" content=\"Bodegas Las Orcas\" \/>\n<meta property=\"article:publisher\" content=\"https:\/\/www.facebook.com\/bodegaslasorcas\/\" \/>\n<meta property=\"article:modified_time\" content=\"2025-04-22T11:41:01+00:00\" \/>\n<meta property=\"og:image\" content=\"https:\/\/lasorcas.com\/wp-content\/uploads\/2021\/01\/vinos-PAGOS_DE_VALDEORCA-graciano.bodegas_las_orcas.jpg\" \/>\n\t<meta property=\"og:image:width\" content=\"294\" \/>\n\t<meta property=\"og:image:height\" content=\"1000\" \/>\n\t<meta property=\"og:image:type\" content=\"image\/jpeg\" \/>\n<meta name=\"twitter:card\" content=\"summary_large_image\" \/>\n<meta name=\"twitter:label1\" content=\"Est. reading time\" \/>\n\t<meta name=\"twitter:data1\" content=\"2 minutes\" \/>\n<script type=\"application\/ld+json\" class=\"yoast-schema-graph\">{\"@context\":\"https:\\\/\\\/schema.org\",\"@graph\":[{\"@type\":\"WebPage\",\"@id\":\"https:\\\/\\\/lasorcas.com\\\/en\\\/wines\\\/pagos-de-valdeorca-graciano\\\/\",\"url\":\"https:\\\/\\\/lasorcas.com\\\/en\\\/wines\\\/pagos-de-valdeorca-graciano\\\/\",\"name\":\"PAGOS DE VALDEORCA Graciano - Bodegas Las Orcas\",\"isPartOf\":{\"@id\":\"https:\\\/\\\/lasorcas.com\\\/en\\\/#website\"},\"primaryImageOfPage\":{\"@id\":\"https:\\\/\\\/lasorcas.com\\\/en\\\/wines\\\/pagos-de-valdeorca-graciano\\\/#primaryimage\"},\"image\":{\"@id\":\"https:\\\/\\\/lasorcas.com\\\/en\\\/wines\\\/pagos-de-valdeorca-graciano\\\/#primaryimage\"},\"thumbnailUrl\":\"https:\\\/\\\/lasorcas.com\\\/wp-content\\\/uploads\\\/2021\\\/01\\\/vinos-PAGOS_DE_VALDEORCA-graciano.bodegas_las_orcas.jpg\",\"datePublished\":\"2021-01-02T22:25:12+00:00\",\"dateModified\":\"2025-04-22T11:41:01+00:00\",\"breadcrumb\":{\"@id\":\"https:\\\/\\\/lasorcas.com\\\/en\\\/wines\\\/pagos-de-valdeorca-graciano\\\/#breadcrumb\"},\"inLanguage\":\"en-US\",\"potentialAction\":[{\"@type\":\"ReadAction\",\"target\":[\"https:\\\/\\\/lasorcas.com\\\/en\\\/wines\\\/pagos-de-valdeorca-graciano\\\/\"]}]},{\"@type\":\"ImageObject\",\"inLanguage\":\"en-US\",\"@id\":\"https:\\\/\\\/lasorcas.com\\\/en\\\/wines\\\/pagos-de-valdeorca-graciano\\\/#primaryimage\",\"url\":\"https:\\\/\\\/lasorcas.com\\\/wp-content\\\/uploads\\\/2021\\\/01\\\/vinos-PAGOS_DE_VALDEORCA-graciano.bodegas_las_orcas.jpg\",\"contentUrl\":\"https:\\\/\\\/lasorcas.com\\\/wp-content\\\/uploads\\\/2021\\\/01\\\/vinos-PAGOS_DE_VALDEORCA-graciano.bodegas_las_orcas.jpg\",\"width\":294,\"height\":1000,\"caption\":\"PAGOS DE VALDEORCA Graciano\"},{\"@type\":\"BreadcrumbList\",\"@id\":\"https:\\\/\\\/lasorcas.com\\\/en\\\/wines\\\/pagos-de-valdeorca-graciano\\\/#breadcrumb\",\"itemListElement\":[{\"@type\":\"ListItem\",\"position\":1,\"name\":\"Portada\",\"item\":\"https:\\\/\\\/lasorcas.com\\\/en\\\/home\\\/\"},{\"@type\":\"ListItem\",\"position\":2,\"name\":\"Wines\",\"item\":\"https:\\\/\\\/lasorcas.com\\\/en\\\/?page_id=618\"},{\"@type\":\"ListItem\",\"position\":3,\"name\":\"PAGOS DE VALDEORCA Graciano\"}]},{\"@type\":\"WebSite\",\"@id\":\"https:\\\/\\\/lasorcas.com\\\/en\\\/#website\",\"url\":\"https:\\\/\\\/lasorcas.com\\\/en\\\/\",\"name\":\"Bodegas Las Orcas\",\"description\":\"Vinos con personalidad \u00fanica que combinan terru\u00f1o, tradici\u00f3n y modernidad. DESCUBRE LA ESENCIA DE RIOJA ALAVESA  \u00b7 FAMILY WINERY\",\"publisher\":{\"@id\":\"https:\\\/\\\/lasorcas.com\\\/en\\\/#organization\"},\"potentialAction\":[{\"@type\":\"SearchAction\",\"target\":{\"@type\":\"EntryPoint\",\"urlTemplate\":\"https:\\\/\\\/lasorcas.com\\\/en\\\/?s={search_term_string}\"},\"query-input\":{\"@type\":\"PropertyValueSpecification\",\"valueRequired\":true,\"valueName\":\"search_term_string\"}}],\"inLanguage\":\"en-US\"},{\"@type\":\"Organization\",\"@id\":\"https:\\\/\\\/lasorcas.com\\\/en\\\/#organization\",\"name\":\"Bodegas Las Orcas\",\"url\":\"https:\\\/\\\/lasorcas.com\\\/en\\\/\",\"logo\":{\"@type\":\"ImageObject\",\"inLanguage\":\"en-US\",\"@id\":\"https:\\\/\\\/lasorcas.com\\\/en\\\/#\\\/schema\\\/logo\\\/image\\\/\",\"url\":\"https:\\\/\\\/lasorcas.com\\\/wp-content\\\/uploads\\\/2020\\\/12\\\/logos-completo_black.bodegas_las_orcas-1.png\",\"contentUrl\":\"https:\\\/\\\/lasorcas.com\\\/wp-content\\\/uploads\\\/2020\\\/12\\\/logos-completo_black.bodegas_las_orcas-1.png\",\"width\":718,\"height\":364,\"caption\":\"Bodegas Las Orcas\"},\"image\":{\"@id\":\"https:\\\/\\\/lasorcas.com\\\/en\\\/#\\\/schema\\\/logo\\\/image\\\/\"},\"sameAs\":[\"https:\\\/\\\/www.facebook.com\\\/bodegaslasorcas\\\/\",\"https:\\\/\\\/www.instagram.com\\\/bodegaslasorcas\\\/\"]}]}<\/script>\n<!-- \/ Yoast SEO plugin. -->","yoast_head_json":{"title":"PAGOS DE VALDEORCA Graciano - Bodegas Las Orcas","robots":{"index":"index","follow":"follow","max-snippet":"max-snippet:-1","max-image-preview":"max-image-preview:large","max-video-preview":"max-video-preview:-1"},"canonical":"https:\/\/lasorcas.com\/en\/wines\/pagos-de-valdeorca-graciano\/","og_locale":"en_US","og_type":"article","og_title":"PAGOS DE VALDEORCA Graciano - Bodegas Las Orcas","og_description":"YEAR 2021 VARIETY 100 % Graciano VINEYARD El Musco Village: Laguardia Year of plantation: 2000 Altitude: 556 m Exposure: East and South-East Soil: Silty clay with limestone AGEING SYSTEM 20 months in French oak barrel , 4 months in concrete tank and minimum 14 months in bottle. ELABORATION Once we have chosen the best grapes&hellip;","og_url":"https:\/\/lasorcas.com\/en\/wines\/pagos-de-valdeorca-graciano\/","og_site_name":"Bodegas Las Orcas","article_publisher":"https:\/\/www.facebook.com\/bodegaslasorcas\/","article_modified_time":"2025-04-22T11:41:01+00:00","og_image":[{"width":294,"height":1000,"url":"https:\/\/lasorcas.com\/wp-content\/uploads\/2021\/01\/vinos-PAGOS_DE_VALDEORCA-graciano.bodegas_las_orcas.jpg","type":"image\/jpeg"}],"twitter_card":"summary_large_image","twitter_misc":{"Est. reading time":"2 minutes"},"schema":{"@context":"https:\/\/schema.org","@graph":[{"@type":"WebPage","@id":"https:\/\/lasorcas.com\/en\/wines\/pagos-de-valdeorca-graciano\/","url":"https:\/\/lasorcas.com\/en\/wines\/pagos-de-valdeorca-graciano\/","name":"PAGOS DE VALDEORCA Graciano - Bodegas Las Orcas","isPartOf":{"@id":"https:\/\/lasorcas.com\/en\/#website"},"primaryImageOfPage":{"@id":"https:\/\/lasorcas.com\/en\/wines\/pagos-de-valdeorca-graciano\/#primaryimage"},"image":{"@id":"https:\/\/lasorcas.com\/en\/wines\/pagos-de-valdeorca-graciano\/#primaryimage"},"thumbnailUrl":"https:\/\/lasorcas.com\/wp-content\/uploads\/2021\/01\/vinos-PAGOS_DE_VALDEORCA-graciano.bodegas_las_orcas.jpg","datePublished":"2021-01-02T22:25:12+00:00","dateModified":"2025-04-22T11:41:01+00:00","breadcrumb":{"@id":"https:\/\/lasorcas.com\/en\/wines\/pagos-de-valdeorca-graciano\/#breadcrumb"},"inLanguage":"en-US","potentialAction":[{"@type":"ReadAction","target":["https:\/\/lasorcas.com\/en\/wines\/pagos-de-valdeorca-graciano\/"]}]},{"@type":"ImageObject","inLanguage":"en-US","@id":"https:\/\/lasorcas.com\/en\/wines\/pagos-de-valdeorca-graciano\/#primaryimage","url":"https:\/\/lasorcas.com\/wp-content\/uploads\/2021\/01\/vinos-PAGOS_DE_VALDEORCA-graciano.bodegas_las_orcas.jpg","contentUrl":"https:\/\/lasorcas.com\/wp-content\/uploads\/2021\/01\/vinos-PAGOS_DE_VALDEORCA-graciano.bodegas_las_orcas.jpg","width":294,"height":1000,"caption":"PAGOS DE VALDEORCA Graciano"},{"@type":"BreadcrumbList","@id":"https:\/\/lasorcas.com\/en\/wines\/pagos-de-valdeorca-graciano\/#breadcrumb","itemListElement":[{"@type":"ListItem","position":1,"name":"Portada","item":"https:\/\/lasorcas.com\/en\/home\/"},{"@type":"ListItem","position":2,"name":"Wines","item":"https:\/\/lasorcas.com\/en\/?page_id=618"},{"@type":"ListItem","position":3,"name":"PAGOS DE VALDEORCA Graciano"}]},{"@type":"WebSite","@id":"https:\/\/lasorcas.com\/en\/#website","url":"https:\/\/lasorcas.com\/en\/","name":"Bodegas Las Orcas","description":"Vinos con personalidad \u00fanica que combinan terru\u00f1o, tradici\u00f3n y modernidad. DESCUBRE LA ESENCIA DE RIOJA ALAVESA  \u00b7 FAMILY WINERY","publisher":{"@id":"https:\/\/lasorcas.com\/en\/#organization"},"potentialAction":[{"@type":"SearchAction","target":{"@type":"EntryPoint","urlTemplate":"https:\/\/lasorcas.com\/en\/?s={search_term_string}"},"query-input":{"@type":"PropertyValueSpecification","valueRequired":true,"valueName":"search_term_string"}}],"inLanguage":"en-US"},{"@type":"Organization","@id":"https:\/\/lasorcas.com\/en\/#organization","name":"Bodegas Las Orcas","url":"https:\/\/lasorcas.com\/en\/","logo":{"@type":"ImageObject","inLanguage":"en-US","@id":"https:\/\/lasorcas.com\/en\/#\/schema\/logo\/image\/","url":"https:\/\/lasorcas.com\/wp-content\/uploads\/2020\/12\/logos-completo_black.bodegas_las_orcas-1.png","contentUrl":"https:\/\/lasorcas.com\/wp-content\/uploads\/2020\/12\/logos-completo_black.bodegas_las_orcas-1.png","width":718,"height":364,"caption":"Bodegas Las Orcas"},"image":{"@id":"https:\/\/lasorcas.com\/en\/#\/schema\/logo\/image\/"},"sameAs":["https:\/\/www.facebook.com\/bodegaslasorcas\/","https:\/\/www.instagram.com\/bodegaslasorcas\/"]}]}},"_links":{"self":[{"href":"https:\/\/lasorcas.com\/en\/wp-json\/wp\/v2\/product\/702","targetHints":{"allow":["GET"]}}],"collection":[{"href":"https:\/\/lasorcas.com\/en\/wp-json\/wp\/v2\/product"}],"about":[{"href":"https:\/\/lasorcas.com\/en\/wp-json\/wp\/v2\/types\/product"}],"wp:featuredmedia":[{"embeddable":true,"href":"https:\/\/lasorcas.com\/en\/wp-json\/wp\/v2\/media\/261"}],"wp:attachment":[{"href":"https:\/\/lasorcas.com\/en\/wp-json\/wp\/v2\/media?parent=702"}],"wp:term":[{"taxonomy":"product_brand","embeddable":true,"href":"https:\/\/lasorcas.com\/en\/wp-json\/wp\/v2\/product_brand?post=702"},{"taxonomy":"product_cat","embeddable":true,"href":"https:\/\/lasorcas.com\/en\/wp-json\/wp\/v2\/product_cat?post=702"},{"taxonomy":"product_tag","embeddable":true,"href":"https:\/\/lasorcas.com\/en\/wp-json\/wp\/v2\/product_tag?post=702"}],"curies":[{"name":"wp","href":"https:\/\/api.w.org\/{rel}","templated":true}]}}