{"id":953,"date":"2022-11-18T13:13:31","date_gmt":"2022-11-18T12:13:32","guid":{"rendered":"https:\/\/lasorcas.com\/?post_type=product&#038;p=953"},"modified":"2025-04-22T12:26:13","modified_gmt":"2025-04-22T11:26:13","slug":"trikuharri-viura","status":"publish","type":"product","link":"https:\/\/lasorcas.com\/en\/wines\/trikuharri-viura\/","title":{"rendered":"TRIKUHARRI VIURA"},"content":{"rendered":"<h2>YEAR<\/h2>\n<p><strong>2022<\/strong><\/p>\n<h2>VARIETY<\/h2>\n<p>100 % Viura<\/p>\n<h2>VINEYARD<\/h2>\n<p><strong>Entradas de San \u00c1ngel<\/strong><\/p>\n<ul>\n<li>Village: Laguardia<\/li>\n<li>Year of plantation: 1964<\/li>\n<li>Altitude: 505 m<\/li>\n<li>Exposure: South-East and South-West<\/li>\n<li>Soil: Silty clay with limestone<\/li>\n<\/ul>\n<h2>AGEING SYSTEM<\/h2>\n<p>10 months in a French oak barrel L, a Terracotta amphora and a concrete egg.<\/p>\n<h2>ELABORATION<\/h2>\n<p>Very limited production. 3584 bottles in this vintage. It is made in a very careful and special way.<\/p>\n<p>Luc\u00eda wanted it to be a different elaboration, reminiscent of the traditional way of making wine in Rioja Alavesa, but also with an air of innovation. That is why we decided to try fermenting and aging the wine in barrels and amphorae.<\/p>\n<p>The three containers are porous and allow micro-oxygenation of the wine, which gives it more structure and makes the wine longer.<\/p>\n<p>During aging, they provide finesse and volume and result in a greater expression of the grape variety of origin.<\/p>\n<h2>TASTING NOTES<\/h2>\n<ul>\n<li>Visual phase: Straw yellow in colour. Clean and bright.<\/li>\n<li>Bouquet: Intense floral aromas and fresh fruit accompanied by hints of citrus.<\/li>\n<li>Taste: Ample, fine, structured. Very good acidity and volume.<\/li>\n<li>Aftertaste: Long.<\/li>\n<\/ul>\n<h2>ANALYTICAL DATA<\/h2>\n<p>Alcohol content: 13.5 %<br \/>\n<a class=\"descarga_ficha\" href=\"https:\/\/lasorcas.com\/wp-content\/uploads\/2025\/04\/TRIKUHARRI-VIURA.pdf\" target=\"_blank\" rel=\"noopener\">Download tasting notes<\/a><\/p>\n","protected":false},"excerpt":{"rendered":"<p>YEAR 2022 VARIETY 100 % Viura VINEYARD Entradas de San \u00c1ngel Village: Laguardia Year of plantation: 1964 Altitude: 505 m Exposure: South-East and South-West Soil: Silty clay with limestone AGEING SYSTEM 10 months in a French oak barrel L, a Terracotta amphora and a concrete egg. ELABORATION Very limited production. 3584 bottles in this vintage.&hellip;<\/p>\n","protected":false},"featured_media":1097,"template":"","meta":[],"product_brand":[],"product_cat":[67],"product_tag":[48],"class_list":{"0":"post-953","1":"product","2":"type-product","3":"status-publish","4":"has-post-thumbnail","6":"product_cat-trikuharri-2","7":"product_tag-white","9":"first","10":"instock","11":"taxable","12":"shipping-taxable","13":"purchasable","14":"product-type-variable"},"yoast_head":"<!-- This site is optimized with the Yoast SEO plugin v27.4 - https:\/\/yoast.com\/product\/yoast-seo-wordpress\/ -->\n<title>TRIKUHARRI VIURA - Bodegas Las Orcas<\/title>\n<meta name=\"robots\" content=\"index, follow, max-snippet:-1, max-image-preview:large, max-video-preview:-1\" \/>\n<link rel=\"canonical\" href=\"https:\/\/lasorcas.com\/en\/wines\/trikuharri-viura\/\" \/>\n<meta property=\"og:locale\" content=\"en_US\" \/>\n<meta property=\"og:type\" content=\"article\" \/>\n<meta property=\"og:title\" content=\"TRIKUHARRI VIURA - Bodegas Las Orcas\" \/>\n<meta property=\"og:description\" content=\"YEAR 2022 VARIETY 100 % Viura VINEYARD Entradas de San \u00c1ngel Village: Laguardia Year of plantation: 1964 Altitude: 505 m Exposure: South-East and South-West Soil: Silty clay with limestone AGEING SYSTEM 10 months in a French oak barrel L, a Terracotta amphora and a concrete egg. ELABORATION Very limited production. 3584 bottles in this vintage.&hellip;\" \/>\n<meta property=\"og:url\" content=\"https:\/\/lasorcas.com\/en\/wines\/trikuharri-viura\/\" \/>\n<meta property=\"og:site_name\" content=\"Bodegas Las Orcas\" \/>\n<meta property=\"article:publisher\" content=\"https:\/\/www.facebook.com\/bodegaslasorcas\/\" \/>\n<meta property=\"article:modified_time\" content=\"2025-04-22T11:26:13+00:00\" \/>\n<meta property=\"og:image\" content=\"https:\/\/lasorcas.com\/wp-content\/uploads\/2022\/11\/DSC06529-1.jpg\" \/>\n\t<meta property=\"og:image:width\" content=\"294\" \/>\n\t<meta property=\"og:image:height\" content=\"1000\" \/>\n\t<meta property=\"og:image:type\" content=\"image\/jpeg\" \/>\n<meta name=\"twitter:card\" content=\"summary_large_image\" \/>\n<meta name=\"twitter:label1\" content=\"Est. reading time\" \/>\n\t<meta name=\"twitter:data1\" content=\"2 minutes\" \/>\n<script type=\"application\/ld+json\" class=\"yoast-schema-graph\">{\"@context\":\"https:\\\/\\\/schema.org\",\"@graph\":[{\"@type\":\"WebPage\",\"@id\":\"https:\\\/\\\/lasorcas.com\\\/en\\\/wines\\\/trikuharri-viura\\\/\",\"url\":\"https:\\\/\\\/lasorcas.com\\\/en\\\/wines\\\/trikuharri-viura\\\/\",\"name\":\"TRIKUHARRI VIURA - Bodegas Las Orcas\",\"isPartOf\":{\"@id\":\"https:\\\/\\\/lasorcas.com\\\/en\\\/#website\"},\"primaryImageOfPage\":{\"@id\":\"https:\\\/\\\/lasorcas.com\\\/en\\\/wines\\\/trikuharri-viura\\\/#primaryimage\"},\"image\":{\"@id\":\"https:\\\/\\\/lasorcas.com\\\/en\\\/wines\\\/trikuharri-viura\\\/#primaryimage\"},\"thumbnailUrl\":\"https:\\\/\\\/lasorcas.com\\\/wp-content\\\/uploads\\\/2022\\\/11\\\/DSC06529-1.jpg\",\"datePublished\":\"2022-11-18T12:13:32+00:00\",\"dateModified\":\"2025-04-22T11:26:13+00:00\",\"breadcrumb\":{\"@id\":\"https:\\\/\\\/lasorcas.com\\\/en\\\/wines\\\/trikuharri-viura\\\/#breadcrumb\"},\"inLanguage\":\"en-US\",\"potentialAction\":[{\"@type\":\"ReadAction\",\"target\":[\"https:\\\/\\\/lasorcas.com\\\/en\\\/wines\\\/trikuharri-viura\\\/\"]}]},{\"@type\":\"ImageObject\",\"inLanguage\":\"en-US\",\"@id\":\"https:\\\/\\\/lasorcas.com\\\/en\\\/wines\\\/trikuharri-viura\\\/#primaryimage\",\"url\":\"https:\\\/\\\/lasorcas.com\\\/wp-content\\\/uploads\\\/2022\\\/11\\\/DSC06529-1.jpg\",\"contentUrl\":\"https:\\\/\\\/lasorcas.com\\\/wp-content\\\/uploads\\\/2022\\\/11\\\/DSC06529-1.jpg\",\"width\":294,\"height\":1000,\"caption\":\"trikuharri viura\"},{\"@type\":\"BreadcrumbList\",\"@id\":\"https:\\\/\\\/lasorcas.com\\\/en\\\/wines\\\/trikuharri-viura\\\/#breadcrumb\",\"itemListElement\":[{\"@type\":\"ListItem\",\"position\":1,\"name\":\"Portada\",\"item\":\"https:\\\/\\\/lasorcas.com\\\/en\\\/home\\\/\"},{\"@type\":\"ListItem\",\"position\":2,\"name\":\"Wines\",\"item\":\"https:\\\/\\\/lasorcas.com\\\/en\\\/?page_id=618\"},{\"@type\":\"ListItem\",\"position\":3,\"name\":\"TRIKUHARRI VIURA\"}]},{\"@type\":\"WebSite\",\"@id\":\"https:\\\/\\\/lasorcas.com\\\/en\\\/#website\",\"url\":\"https:\\\/\\\/lasorcas.com\\\/en\\\/\",\"name\":\"Bodegas Las Orcas\",\"description\":\"Vinos con personalidad \u00fanica que combinan terru\u00f1o, tradici\u00f3n y modernidad. DESCUBRE LA ESENCIA DE RIOJA ALAVESA  \u00b7 FAMILY WINERY\",\"publisher\":{\"@id\":\"https:\\\/\\\/lasorcas.com\\\/en\\\/#organization\"},\"potentialAction\":[{\"@type\":\"SearchAction\",\"target\":{\"@type\":\"EntryPoint\",\"urlTemplate\":\"https:\\\/\\\/lasorcas.com\\\/en\\\/?s={search_term_string}\"},\"query-input\":{\"@type\":\"PropertyValueSpecification\",\"valueRequired\":true,\"valueName\":\"search_term_string\"}}],\"inLanguage\":\"en-US\"},{\"@type\":\"Organization\",\"@id\":\"https:\\\/\\\/lasorcas.com\\\/en\\\/#organization\",\"name\":\"Bodegas Las Orcas\",\"url\":\"https:\\\/\\\/lasorcas.com\\\/en\\\/\",\"logo\":{\"@type\":\"ImageObject\",\"inLanguage\":\"en-US\",\"@id\":\"https:\\\/\\\/lasorcas.com\\\/en\\\/#\\\/schema\\\/logo\\\/image\\\/\",\"url\":\"https:\\\/\\\/lasorcas.com\\\/wp-content\\\/uploads\\\/2020\\\/12\\\/logos-completo_black.bodegas_las_orcas-1.png\",\"contentUrl\":\"https:\\\/\\\/lasorcas.com\\\/wp-content\\\/uploads\\\/2020\\\/12\\\/logos-completo_black.bodegas_las_orcas-1.png\",\"width\":718,\"height\":364,\"caption\":\"Bodegas Las Orcas\"},\"image\":{\"@id\":\"https:\\\/\\\/lasorcas.com\\\/en\\\/#\\\/schema\\\/logo\\\/image\\\/\"},\"sameAs\":[\"https:\\\/\\\/www.facebook.com\\\/bodegaslasorcas\\\/\",\"https:\\\/\\\/www.instagram.com\\\/bodegaslasorcas\\\/\"]}]}<\/script>\n<!-- \/ Yoast SEO plugin. -->","yoast_head_json":{"title":"TRIKUHARRI VIURA - Bodegas Las Orcas","robots":{"index":"index","follow":"follow","max-snippet":"max-snippet:-1","max-image-preview":"max-image-preview:large","max-video-preview":"max-video-preview:-1"},"canonical":"https:\/\/lasorcas.com\/en\/wines\/trikuharri-viura\/","og_locale":"en_US","og_type":"article","og_title":"TRIKUHARRI VIURA - Bodegas Las Orcas","og_description":"YEAR 2022 VARIETY 100 % Viura VINEYARD Entradas de San \u00c1ngel Village: Laguardia Year of plantation: 1964 Altitude: 505 m Exposure: South-East and South-West Soil: Silty clay with limestone AGEING SYSTEM 10 months in a French oak barrel L, a Terracotta amphora and a concrete egg. ELABORATION Very limited production. 3584 bottles in this vintage.&hellip;","og_url":"https:\/\/lasorcas.com\/en\/wines\/trikuharri-viura\/","og_site_name":"Bodegas Las Orcas","article_publisher":"https:\/\/www.facebook.com\/bodegaslasorcas\/","article_modified_time":"2025-04-22T11:26:13+00:00","og_image":[{"width":294,"height":1000,"url":"https:\/\/lasorcas.com\/wp-content\/uploads\/2022\/11\/DSC06529-1.jpg","type":"image\/jpeg"}],"twitter_card":"summary_large_image","twitter_misc":{"Est. reading time":"2 minutes"},"schema":{"@context":"https:\/\/schema.org","@graph":[{"@type":"WebPage","@id":"https:\/\/lasorcas.com\/en\/wines\/trikuharri-viura\/","url":"https:\/\/lasorcas.com\/en\/wines\/trikuharri-viura\/","name":"TRIKUHARRI VIURA - Bodegas Las Orcas","isPartOf":{"@id":"https:\/\/lasorcas.com\/en\/#website"},"primaryImageOfPage":{"@id":"https:\/\/lasorcas.com\/en\/wines\/trikuharri-viura\/#primaryimage"},"image":{"@id":"https:\/\/lasorcas.com\/en\/wines\/trikuharri-viura\/#primaryimage"},"thumbnailUrl":"https:\/\/lasorcas.com\/wp-content\/uploads\/2022\/11\/DSC06529-1.jpg","datePublished":"2022-11-18T12:13:32+00:00","dateModified":"2025-04-22T11:26:13+00:00","breadcrumb":{"@id":"https:\/\/lasorcas.com\/en\/wines\/trikuharri-viura\/#breadcrumb"},"inLanguage":"en-US","potentialAction":[{"@type":"ReadAction","target":["https:\/\/lasorcas.com\/en\/wines\/trikuharri-viura\/"]}]},{"@type":"ImageObject","inLanguage":"en-US","@id":"https:\/\/lasorcas.com\/en\/wines\/trikuharri-viura\/#primaryimage","url":"https:\/\/lasorcas.com\/wp-content\/uploads\/2022\/11\/DSC06529-1.jpg","contentUrl":"https:\/\/lasorcas.com\/wp-content\/uploads\/2022\/11\/DSC06529-1.jpg","width":294,"height":1000,"caption":"trikuharri viura"},{"@type":"BreadcrumbList","@id":"https:\/\/lasorcas.com\/en\/wines\/trikuharri-viura\/#breadcrumb","itemListElement":[{"@type":"ListItem","position":1,"name":"Portada","item":"https:\/\/lasorcas.com\/en\/home\/"},{"@type":"ListItem","position":2,"name":"Wines","item":"https:\/\/lasorcas.com\/en\/?page_id=618"},{"@type":"ListItem","position":3,"name":"TRIKUHARRI VIURA"}]},{"@type":"WebSite","@id":"https:\/\/lasorcas.com\/en\/#website","url":"https:\/\/lasorcas.com\/en\/","name":"Bodegas Las Orcas","description":"Vinos con personalidad \u00fanica que combinan terru\u00f1o, tradici\u00f3n y modernidad. DESCUBRE LA ESENCIA DE RIOJA ALAVESA  \u00b7 FAMILY WINERY","publisher":{"@id":"https:\/\/lasorcas.com\/en\/#organization"},"potentialAction":[{"@type":"SearchAction","target":{"@type":"EntryPoint","urlTemplate":"https:\/\/lasorcas.com\/en\/?s={search_term_string}"},"query-input":{"@type":"PropertyValueSpecification","valueRequired":true,"valueName":"search_term_string"}}],"inLanguage":"en-US"},{"@type":"Organization","@id":"https:\/\/lasorcas.com\/en\/#organization","name":"Bodegas Las Orcas","url":"https:\/\/lasorcas.com\/en\/","logo":{"@type":"ImageObject","inLanguage":"en-US","@id":"https:\/\/lasorcas.com\/en\/#\/schema\/logo\/image\/","url":"https:\/\/lasorcas.com\/wp-content\/uploads\/2020\/12\/logos-completo_black.bodegas_las_orcas-1.png","contentUrl":"https:\/\/lasorcas.com\/wp-content\/uploads\/2020\/12\/logos-completo_black.bodegas_las_orcas-1.png","width":718,"height":364,"caption":"Bodegas Las Orcas"},"image":{"@id":"https:\/\/lasorcas.com\/en\/#\/schema\/logo\/image\/"},"sameAs":["https:\/\/www.facebook.com\/bodegaslasorcas\/","https:\/\/www.instagram.com\/bodegaslasorcas\/"]}]}},"_links":{"self":[{"href":"https:\/\/lasorcas.com\/en\/wp-json\/wp\/v2\/product\/953","targetHints":{"allow":["GET"]}}],"collection":[{"href":"https:\/\/lasorcas.com\/en\/wp-json\/wp\/v2\/product"}],"about":[{"href":"https:\/\/lasorcas.com\/en\/wp-json\/wp\/v2\/types\/product"}],"wp:featuredmedia":[{"embeddable":true,"href":"https:\/\/lasorcas.com\/en\/wp-json\/wp\/v2\/media\/1097"}],"wp:attachment":[{"href":"https:\/\/lasorcas.com\/en\/wp-json\/wp\/v2\/media?parent=953"}],"wp:term":[{"taxonomy":"product_brand","embeddable":true,"href":"https:\/\/lasorcas.com\/en\/wp-json\/wp\/v2\/product_brand?post=953"},{"taxonomy":"product_cat","embeddable":true,"href":"https:\/\/lasorcas.com\/en\/wp-json\/wp\/v2\/product_cat?post=953"},{"taxonomy":"product_tag","embeddable":true,"href":"https:\/\/lasorcas.com\/en\/wp-json\/wp\/v2\/product_tag?post=953"}],"curies":[{"name":"wp","href":"https:\/\/api.w.org\/{rel}","templated":true}]}}